{"id":13660,"date":"2023-12-14T15:59:44","date_gmt":"2023-12-14T15:59:44","guid":{"rendered":"https:\/\/deccore.com.br\/loja\/?post_type=product&#038;p=13660"},"modified":"2024-01-29T17:36:00","modified_gmt":"2024-01-29T17:36:00","slug":"sofa-pana-100-couro-natural-novidade-na-deccore-home","status":"publish","type":"product","link":"https:\/\/deccore.com.br\/loja\/product\/sofa-pana-100-couro-natural-novidade-na-deccore-home\/","title":{"rendered":"SOF\u00c1 PAN\u00c3 &#8211; 100% COURO NATURAL &#8211; ENCOMENDA &#8211; ASSENTO AUTOMATIZADO."},"content":{"rendered":"<p><iframe title=\"Sof\u00e1 Pan\u00e3 - Salva Design de Mobili\u00e1rio\" width=\"600\" height=\"338\" src=\"https:\/\/www.youtube.com\/embed\/-p-t5n-tfGY?feature=oembed\" frameborder=\"0\" allow=\"accelerometer; autoplay; clipboard-write; encrypted-media; gyroscope; picture-in-picture; web-share\" referrerpolicy=\"strict-origin-when-cross-origin\" allowfullscreen><\/iframe><\/p>\n","protected":false},"excerpt":{"rendered":"<p>V\u00c1RIAS OP\u00c7\u00d5ES DE CORES E MODULA\u00c7\u00d5ES POR ENCOMENDA.<\/p>\n","protected":false},"featured_media":13664,"template":"","meta":[],"product_brand":[],"product_cat":[85,65],"product_tag":[],"class_list":{"0":"post-13660","1":"product","2":"type-product","3":"status-publish","4":"has-post-thumbnail","6":"product_cat-estofados","7":"product_cat-sofas-2","9":"first","10":"instock","11":"shipping-taxable","12":"product-type-simple"},"_links":{"self":[{"href":"https:\/\/deccore.com.br\/loja\/wp-json\/wp\/v2\/product\/13660","targetHints":{"allow":["GET"]}}],"collection":[{"href":"https:\/\/deccore.com.br\/loja\/wp-json\/wp\/v2\/product"}],"about":[{"href":"https:\/\/deccore.com.br\/loja\/wp-json\/wp\/v2\/types\/product"}],"version-history":[{"count":6,"href":"https:\/\/deccore.com.br\/loja\/wp-json\/wp\/v2\/product\/13660\/revisions"}],"predecessor-version":[{"id":13875,"href":"https:\/\/deccore.com.br\/loja\/wp-json\/wp\/v2\/product\/13660\/revisions\/13875"}],"wp:featuredmedia":[{"embeddable":true,"href":"https:\/\/deccore.com.br\/loja\/wp-json\/wp\/v2\/media\/13664"}],"wp:attachment":[{"href":"https:\/\/deccore.com.br\/loja\/wp-json\/wp\/v2\/media?parent=13660"}],"wp:term":[{"taxonomy":"product_brand","embeddable":true,"href":"https:\/\/deccore.com.br\/loja\/wp-json\/wp\/v2\/product_brand?post=13660"},{"taxonomy":"product_cat","embeddable":true,"href":"https:\/\/deccore.com.br\/loja\/wp-json\/wp\/v2\/product_cat?post=13660"},{"taxonomy":"product_tag","embeddable":true,"href":"https:\/\/deccore.com.br\/loja\/wp-json\/wp\/v2\/product_tag?post=13660"}],"curies":[{"name":"wp","href":"https:\/\/api.w.org\/{rel}","templated":true}]}}