{"id":13693,"date":"2023-12-14T16:32:44","date_gmt":"2023-12-14T16:32:44","guid":{"rendered":"https:\/\/deccore.com.br\/loja\/?post_type=product&#038;p=13693"},"modified":"2024-10-16T14:12:01","modified_gmt":"2024-10-16T14:12:01","slug":"poltrona-odara-100-couro-natural-encomenda","status":"publish","type":"product","link":"https:\/\/deccore.com.br\/loja\/product\/poltrona-odara-100-couro-natural-encomenda\/","title":{"rendered":"POLTRONA ODARA &#8211; 100% COURO NATURAL &#8211; ENCOMENDA."},"content":{"rendered":"<p>V\u00c1RIAS OP\u00c7\u00d5ES DE CORES.<\/p>\n<p><iframe title=\"Poltrona Odara - Salva Design de Mobili\u00e1rio\" width=\"600\" height=\"338\" src=\"https:\/\/www.youtube.com\/embed\/8_RI-kJ-E3Y?feature=oembed\" frameborder=\"0\" allow=\"accelerometer; autoplay; clipboard-write; encrypted-media; gyroscope; picture-in-picture; web-share\" referrerpolicy=\"strict-origin-when-cross-origin\" allowfullscreen><\/iframe><\/p>\n","protected":false},"excerpt":{"rendered":"<p>V\u00c1RIAS OP\u00c7\u00d5ES DE CORES.<\/p>\n","protected":false},"featured_media":13694,"template":"","meta":[],"product_brand":[],"product_cat":[64,116],"product_tag":[],"class_list":{"0":"post-13693","1":"product","2":"type-product","3":"status-publish","4":"has-post-thumbnail","6":"product_cat-poltronas","7":"product_cat-poltronas-automatizadas-e-manuais","9":"first","10":"onbackorder","11":"shipping-taxable","12":"product-type-simple"},"_links":{"self":[{"href":"https:\/\/deccore.com.br\/loja\/wp-json\/wp\/v2\/product\/13693","targetHints":{"allow":["GET"]}}],"collection":[{"href":"https:\/\/deccore.com.br\/loja\/wp-json\/wp\/v2\/product"}],"about":[{"href":"https:\/\/deccore.com.br\/loja\/wp-json\/wp\/v2\/types\/product"}],"version-history":[{"count":3,"href":"https:\/\/deccore.com.br\/loja\/wp-json\/wp\/v2\/product\/13693\/revisions"}],"predecessor-version":[{"id":13701,"href":"https:\/\/deccore.com.br\/loja\/wp-json\/wp\/v2\/product\/13693\/revisions\/13701"}],"wp:featuredmedia":[{"embeddable":true,"href":"https:\/\/deccore.com.br\/loja\/wp-json\/wp\/v2\/media\/13694"}],"wp:attachment":[{"href":"https:\/\/deccore.com.br\/loja\/wp-json\/wp\/v2\/media?parent=13693"}],"wp:term":[{"taxonomy":"product_brand","embeddable":true,"href":"https:\/\/deccore.com.br\/loja\/wp-json\/wp\/v2\/product_brand?post=13693"},{"taxonomy":"product_cat","embeddable":true,"href":"https:\/\/deccore.com.br\/loja\/wp-json\/wp\/v2\/product_cat?post=13693"},{"taxonomy":"product_tag","embeddable":true,"href":"https:\/\/deccore.com.br\/loja\/wp-json\/wp\/v2\/product_tag?post=13693"}],"curies":[{"name":"wp","href":"https:\/\/api.w.org\/{rel}","templated":true}]}}