{"id":13702,"date":"2023-12-14T16:36:38","date_gmt":"2023-12-14T16:36:38","guid":{"rendered":"https:\/\/deccore.com.br\/loja\/?post_type=product&#038;p=13702"},"modified":"2023-12-14T16:38:15","modified_gmt":"2023-12-14T16:38:15","slug":"daniel-simonini-designer","status":"publish","type":"product","link":"https:\/\/deccore.com.br\/loja\/product\/daniel-simonini-designer\/","title":{"rendered":"DANIEL SIMONINI &#8211; DESIGNER"},"content":{"rendered":"<p><iframe title=\"Salva: criada pelos brasileiros mais talentosos para os brasileiros mais exigentes\" width=\"600\" height=\"338\" src=\"https:\/\/www.youtube.com\/embed\/KV8SDGtLJ_w?feature=oembed\" frameborder=\"0\" allow=\"accelerometer; autoplay; clipboard-write; encrypted-media; gyroscope; picture-in-picture; web-share\" referrerpolicy=\"strict-origin-when-cross-origin\" allowfullscreen><\/iframe><\/p>\n","protected":false},"excerpt":{"rendered":"<p>Niccol\u00f2 Adolini e Daniel Simonini se conheceram no est\u00fadio de design Rodolfo Dordoni em 2011. Niccol\u00f2 Adolini estudou na academia de arquitetura de Mendrisio concluiu seu percurso no Istituto Europeo di Design Roma e Daniel Simonini estudou desenho industrial no Istituto Europeo di Design, recebeu o t\u00edtulo de Master na Scuola Politecnica di Design em Mil\u00e3o, iniciou seu percurso profissional em em escrit\u00f3rios de renome, como Piero Lissoni, Ferruccio Laviani e Palomba Serafini.<\/p>\n<p>Em 2012 os designers iniciaram seu pr\u00f3prio escrit\u00f3rio de design ADOLINI+SIMONINI, colaborando com empresas e ind\u00fastrias do setor outdoor, furniture, lighting e bathroom.<\/p>\n<p>Atualmente o est\u00fadio atua em Mil\u00e3o e S\u00e3o Paulo, com projetos desafiadores que envolvem empresas e culturas distintas de ambos os pa\u00edses.<\/p>\n","protected":false},"featured_media":13703,"template":"","meta":[],"product_brand":[],"product_cat":[15],"product_tag":[],"class_list":{"0":"post-13702","1":"product","2":"type-product","3":"status-publish","4":"has-post-thumbnail","6":"product_cat-uncategorized","8":"first","9":"instock","10":"shipping-taxable","11":"product-type-simple"},"_links":{"self":[{"href":"https:\/\/deccore.com.br\/loja\/wp-json\/wp\/v2\/product\/13702","targetHints":{"allow":["GET"]}}],"collection":[{"href":"https:\/\/deccore.com.br\/loja\/wp-json\/wp\/v2\/product"}],"about":[{"href":"https:\/\/deccore.com.br\/loja\/wp-json\/wp\/v2\/types\/product"}],"version-history":[{"count":4,"href":"https:\/\/deccore.com.br\/loja\/wp-json\/wp\/v2\/product\/13702\/revisions"}],"predecessor-version":[{"id":13707,"href":"https:\/\/deccore.com.br\/loja\/wp-json\/wp\/v2\/product\/13702\/revisions\/13707"}],"wp:featuredmedia":[{"embeddable":true,"href":"https:\/\/deccore.com.br\/loja\/wp-json\/wp\/v2\/media\/13703"}],"wp:attachment":[{"href":"https:\/\/deccore.com.br\/loja\/wp-json\/wp\/v2\/media?parent=13702"}],"wp:term":[{"taxonomy":"product_brand","embeddable":true,"href":"https:\/\/deccore.com.br\/loja\/wp-json\/wp\/v2\/product_brand?post=13702"},{"taxonomy":"product_cat","embeddable":true,"href":"https:\/\/deccore.com.br\/loja\/wp-json\/wp\/v2\/product_cat?post=13702"},{"taxonomy":"product_tag","embeddable":true,"href":"https:\/\/deccore.com.br\/loja\/wp-json\/wp\/v2\/product_tag?post=13702"}],"curies":[{"name":"wp","href":"https:\/\/api.w.org\/{rel}","templated":true}]}}