{"id":13709,"date":"2023-12-14T16:44:59","date_gmt":"2023-12-14T16:44:59","guid":{"rendered":"https:\/\/deccore.com.br\/loja\/?post_type=product&#038;p=13709"},"modified":"2023-12-14T16:46:04","modified_gmt":"2023-12-14T16:46:04","slug":"dimi-kuroki-designer","status":"publish","type":"product","link":"https:\/\/deccore.com.br\/loja\/product\/dimi-kuroki-designer\/","title":{"rendered":"DIMI KUROKI &#8211; DESIGNER"},"content":{"rendered":"","protected":false},"excerpt":{"rendered":"<p>Com av\u00f3s japoneses, pai arquiteto nascido no Piau\u00ed e criado no Cear\u00e1 e m\u00e3e professora de japon\u00eas nascida em Macap\u00e1. Nasceu em Bel\u00e9m, se formou em Arquitetura e Urbanismo pela Pontif\u00edcia Universidade Cat\u00f3lica de Goi\u00e1s, em 2016, e agora envolto pela vida Paulistana com dois filhos. Neste percurso teve a possibilidade de viver formas distintas de sentir e viver. Acaba por fazer da arquitetura a linha que preenche os vazios entre os par\u00e1grafos que narram o seu dia a dia. Dos objetos, uma forma de express\u00e3o quase emocional do que v\u00ea e vive. Movido pela vontade de expressar novas formas de sentir busca a emo\u00e7\u00e3o que o faz querer viver e habitar um lugar.<\/p>\n","protected":false},"featured_media":13710,"template":"","meta":[],"product_brand":[],"product_cat":[15],"product_tag":[],"class_list":{"0":"post-13709","1":"product","2":"type-product","3":"status-publish","4":"has-post-thumbnail","6":"product_cat-uncategorized","8":"first","9":"instock","10":"shipping-taxable","11":"product-type-simple"},"_links":{"self":[{"href":"https:\/\/deccore.com.br\/loja\/wp-json\/wp\/v2\/product\/13709","targetHints":{"allow":["GET"]}}],"collection":[{"href":"https:\/\/deccore.com.br\/loja\/wp-json\/wp\/v2\/product"}],"about":[{"href":"https:\/\/deccore.com.br\/loja\/wp-json\/wp\/v2\/types\/product"}],"version-history":[{"count":2,"href":"https:\/\/deccore.com.br\/loja\/wp-json\/wp\/v2\/product\/13709\/revisions"}],"predecessor-version":[{"id":13712,"href":"https:\/\/deccore.com.br\/loja\/wp-json\/wp\/v2\/product\/13709\/revisions\/13712"}],"wp:featuredmedia":[{"embeddable":true,"href":"https:\/\/deccore.com.br\/loja\/wp-json\/wp\/v2\/media\/13710"}],"wp:attachment":[{"href":"https:\/\/deccore.com.br\/loja\/wp-json\/wp\/v2\/media?parent=13709"}],"wp:term":[{"taxonomy":"product_brand","embeddable":true,"href":"https:\/\/deccore.com.br\/loja\/wp-json\/wp\/v2\/product_brand?post=13709"},{"taxonomy":"product_cat","embeddable":true,"href":"https:\/\/deccore.com.br\/loja\/wp-json\/wp\/v2\/product_cat?post=13709"},{"taxonomy":"product_tag","embeddable":true,"href":"https:\/\/deccore.com.br\/loja\/wp-json\/wp\/v2\/product_tag?post=13709"}],"curies":[{"name":"wp","href":"https:\/\/api.w.org\/{rel}","templated":true}]}}