{"id":13714,"date":"2023-12-14T16:50:21","date_gmt":"2023-12-14T16:50:21","guid":{"rendered":"https:\/\/deccore.com.br\/loja\/?post_type=product&#038;p=13714"},"modified":"2023-12-14T16:50:57","modified_gmt":"2023-12-14T16:50:57","slug":"juliana-desconsi-designer","status":"publish","type":"product","link":"https:\/\/deccore.com.br\/loja\/product\/juliana-desconsi-designer\/","title":{"rendered":"JULIANA DESCONSI &#8211; DESIGNER"},"content":{"rendered":"","protected":false},"excerpt":{"rendered":"<p>A designer de produtos Juliana Desconsi assina projetos inovadores, reconhecidos por acumular premia\u00e7\u00f5es importantes no cen\u00e1rio brasileiro e tamb\u00e9m internacional: Pr\u00eamio Inova\u00e7\u00e3o da FIMMA Brasil 2013, Pr\u00eamio Sal\u00e3o Design Casa Brasil 2013, Pr\u00eamio Design do Museu da Casa Brasileira, Pr\u00eamios House&Gift; Design (2013 e 2014) e IDEA Brasil s\u00e3o alguns dos exemplos.<\/p>\n<p>A profissional acumula experi\u00eancia de mais de uma d\u00e9cada na \u00e1rea de desenvolvimento de produtos. \u00c9 formada em Design de Produto (Universidade de Caxias do Sul, 2006), P\u00f3s-graduada e Mestre em Design (Uniritter \/ Centro Universit\u00e1rio Ritter dos Reis), com monografia na \u00e1rea de Psicologia Cognitiva e pesquisa sobre Design Thinking \u2013 refer\u00eancias que auxiliam no planejamento e cria\u00e7\u00e3o de produtos diferenciados. Juliana \u00e9 fundadora e diretora do escrit\u00f3rio Intervento Design, especializado no desenvolvendo solu\u00e7\u00f5es para empresas de diversos segmentos.<\/p>\n","protected":false},"featured_media":13715,"template":"","meta":[],"product_brand":[],"product_cat":[15],"product_tag":[],"class_list":{"0":"post-13714","1":"product","2":"type-product","3":"status-publish","4":"has-post-thumbnail","6":"product_cat-uncategorized","8":"first","9":"instock","10":"shipping-taxable","11":"product-type-simple"},"_links":{"self":[{"href":"https:\/\/deccore.com.br\/loja\/wp-json\/wp\/v2\/product\/13714","targetHints":{"allow":["GET"]}}],"collection":[{"href":"https:\/\/deccore.com.br\/loja\/wp-json\/wp\/v2\/product"}],"about":[{"href":"https:\/\/deccore.com.br\/loja\/wp-json\/wp\/v2\/types\/product"}],"version-history":[{"count":2,"href":"https:\/\/deccore.com.br\/loja\/wp-json\/wp\/v2\/product\/13714\/revisions"}],"predecessor-version":[{"id":13717,"href":"https:\/\/deccore.com.br\/loja\/wp-json\/wp\/v2\/product\/13714\/revisions\/13717"}],"wp:featuredmedia":[{"embeddable":true,"href":"https:\/\/deccore.com.br\/loja\/wp-json\/wp\/v2\/media\/13715"}],"wp:attachment":[{"href":"https:\/\/deccore.com.br\/loja\/wp-json\/wp\/v2\/media?parent=13714"}],"wp:term":[{"taxonomy":"product_brand","embeddable":true,"href":"https:\/\/deccore.com.br\/loja\/wp-json\/wp\/v2\/product_brand?post=13714"},{"taxonomy":"product_cat","embeddable":true,"href":"https:\/\/deccore.com.br\/loja\/wp-json\/wp\/v2\/product_cat?post=13714"},{"taxonomy":"product_tag","embeddable":true,"href":"https:\/\/deccore.com.br\/loja\/wp-json\/wp\/v2\/product_tag?post=13714"}],"curies":[{"name":"wp","href":"https:\/\/api.w.org\/{rel}","templated":true}]}}