{"id":13724,"date":"2023-12-14T16:57:17","date_gmt":"2023-12-14T16:57:17","guid":{"rendered":"https:\/\/deccore.com.br\/loja\/?post_type=product&#038;p=13724"},"modified":"2023-12-14T16:57:46","modified_gmt":"2023-12-14T16:57:46","slug":"studio-colnaghi-designers","status":"publish","type":"product","link":"https:\/\/deccore.com.br\/loja\/product\/studio-colnaghi-designers\/","title":{"rendered":"STUDIO COLNAGHI &#8211; DESIGNERS"},"content":{"rendered":"","protected":false},"excerpt":{"rendered":"<p>Somos um est\u00fadio de arquitetura ga\u00facho com atua\u00e7\u00e3o multidisciplinar em projetos que percorrem diversas escalas da Arquitetura com acompanhamento t\u00e9cnico na execu\u00e7\u00e3o dos mesmos.<\/p>\n<p>A equipe \u00e9 composta por jovens arquitetas admiradoras do movimento modernista brasileiro. Com a produ\u00e7\u00e3o de projetos de arquitetura, visam sempre o compromisso de alcan\u00e7ar os desejos e expectativas dos clientes. Valorizam a simplicidade formal, linhas puras e aten\u00e7\u00e3o aos detalhes e acabamentos com grande adora\u00e7\u00e3o por elementos e materiais naturais.<\/p>\n<p>O Studio conta com uma equipe para elabora\u00e7\u00e3o de projetos complementares, aprova\u00e7\u00e3o nos \u00f3rg\u00e3os competentes e supervis\u00e3o de execu\u00e7\u00e3o de obra. A presen\u00e7a constante em projetos e obras de diferentes escalas, contribui para o repert\u00f3rio, vis\u00e3o t\u00e9cnica e detalhista, onde se busca constantemente a atualiza\u00e7\u00e3o no uso de materiais e t\u00e9cnicas construtivas e coer\u00eancia nas propostas de or\u00e7amento.<\/p>\n<p>Est\u00e1 na ess\u00eancia do Studio a busca por uma arquitetura que fa\u00e7a a diferen\u00e7a da vida das pessoas. Uma arquitetura viva que deve ser contemplada, que gere aconchego e tenha foco no prop\u00f3sito de seus usu\u00e1rios.<\/p>\n","protected":false},"featured_media":13725,"template":"","meta":[],"product_brand":[],"product_cat":[15],"product_tag":[],"class_list":{"0":"post-13724","1":"product","2":"type-product","3":"status-publish","4":"has-post-thumbnail","6":"product_cat-uncategorized","8":"first","9":"instock","10":"shipping-taxable","11":"product-type-simple"},"_links":{"self":[{"href":"https:\/\/deccore.com.br\/loja\/wp-json\/wp\/v2\/product\/13724","targetHints":{"allow":["GET"]}}],"collection":[{"href":"https:\/\/deccore.com.br\/loja\/wp-json\/wp\/v2\/product"}],"about":[{"href":"https:\/\/deccore.com.br\/loja\/wp-json\/wp\/v2\/types\/product"}],"version-history":[{"count":2,"href":"https:\/\/deccore.com.br\/loja\/wp-json\/wp\/v2\/product\/13724\/revisions"}],"predecessor-version":[{"id":13763,"href":"https:\/\/deccore.com.br\/loja\/wp-json\/wp\/v2\/product\/13724\/revisions\/13763"}],"wp:featuredmedia":[{"embeddable":true,"href":"https:\/\/deccore.com.br\/loja\/wp-json\/wp\/v2\/media\/13725"}],"wp:attachment":[{"href":"https:\/\/deccore.com.br\/loja\/wp-json\/wp\/v2\/media?parent=13724"}],"wp:term":[{"taxonomy":"product_brand","embeddable":true,"href":"https:\/\/deccore.com.br\/loja\/wp-json\/wp\/v2\/product_brand?post=13724"},{"taxonomy":"product_cat","embeddable":true,"href":"https:\/\/deccore.com.br\/loja\/wp-json\/wp\/v2\/product_cat?post=13724"},{"taxonomy":"product_tag","embeddable":true,"href":"https:\/\/deccore.com.br\/loja\/wp-json\/wp\/v2\/product_tag?post=13724"}],"curies":[{"name":"wp","href":"https:\/\/api.w.org\/{rel}","templated":true}]}}