{"id":13903,"date":"2024-01-31T17:00:45","date_gmt":"2024-01-31T17:00:45","guid":{"rendered":"https:\/\/deccore.com.br\/loja\/?post_type=product&#038;p=13903"},"modified":"2024-11-27T19:00:59","modified_gmt":"2024-11-27T19:00:59","slug":"poltrona-silla-designer-fabricio-roncca-pecas-de-mostruario-com-30-de-desconto-a-vista","status":"publish","type":"product","link":"https:\/\/deccore.com.br\/loja\/product\/poltrona-silla-designer-fabricio-roncca-pecas-de-mostruario-com-30-de-desconto-a-vista\/","title":{"rendered":"POLTRONA SILL\u00c1 &#8211; DESIGNER: FABRICIO RONCCA -SOBRE ENCOMENDA"},"content":{"rendered":"","protected":false},"excerpt":{"rendered":"<p>60% DE DESCONTO \u00c0 VISTA &#8211;<\/p>\n<p>A poltrona Silla tem um design assinado por Fabricio Roncca. Suas dimens\u00f5es provam que \u00e9 um modelo bem generoso e confort\u00e1vel. Sua estrutura apresenta diversas op\u00e7\u00f5es tais como : Nogueira, Castanho , Preto , Laca Fosca, Laca Brilho ou Metalizada , Natural ou Ros\u00e9 Natural. No encosto tamb\u00e9m temos uma sustenta\u00e7\u00e3o que forma um detalhe interessante , que pode ser em Laca Fosca, Laca Brilho ou Metalizada. O rolinho no encosto tamb\u00e9m acrescenta um diferencial no visual .O revestimento da poltrona e do rolinho pode ser em tecido ou couro Natural . Com todo esse design a poltrona Silla ficar\u00e1 bem adequada na sua sala de estar, sala de TV e varanda coberta.<\/p>\n<p>Medidas : L x A x P = 85 x 74 x 71 cm<\/p>\n","protected":false},"featured_media":13904,"template":"","meta":[],"product_brand":[],"product_cat":[15,166,64],"product_tag":[],"class_list":{"0":"post-13903","1":"product","2":"type-product","3":"status-publish","4":"has-post-thumbnail","6":"product_cat-uncategorized","7":"product_cat-dia-das-maes","8":"product_cat-poltronas","10":"first","11":"onbackorder","12":"shipping-taxable","13":"product-type-simple"},"_links":{"self":[{"href":"https:\/\/deccore.com.br\/loja\/wp-json\/wp\/v2\/product\/13903","targetHints":{"allow":["GET"]}}],"collection":[{"href":"https:\/\/deccore.com.br\/loja\/wp-json\/wp\/v2\/product"}],"about":[{"href":"https:\/\/deccore.com.br\/loja\/wp-json\/wp\/v2\/types\/product"}],"version-history":[{"count":5,"href":"https:\/\/deccore.com.br\/loja\/wp-json\/wp\/v2\/product\/13903\/revisions"}],"predecessor-version":[{"id":15763,"href":"https:\/\/deccore.com.br\/loja\/wp-json\/wp\/v2\/product\/13903\/revisions\/15763"}],"wp:featuredmedia":[{"embeddable":true,"href":"https:\/\/deccore.com.br\/loja\/wp-json\/wp\/v2\/media\/13904"}],"wp:attachment":[{"href":"https:\/\/deccore.com.br\/loja\/wp-json\/wp\/v2\/media?parent=13903"}],"wp:term":[{"taxonomy":"product_brand","embeddable":true,"href":"https:\/\/deccore.com.br\/loja\/wp-json\/wp\/v2\/product_brand?post=13903"},{"taxonomy":"product_cat","embeddable":true,"href":"https:\/\/deccore.com.br\/loja\/wp-json\/wp\/v2\/product_cat?post=13903"},{"taxonomy":"product_tag","embeddable":true,"href":"https:\/\/deccore.com.br\/loja\/wp-json\/wp\/v2\/product_tag?post=13903"}],"curies":[{"name":"wp","href":"https:\/\/api.w.org\/{rel}","templated":true}]}}