{"id":13946,"date":"2024-02-07T15:41:12","date_gmt":"2024-02-07T15:41:12","guid":{"rendered":"https:\/\/deccore.com.br\/loja\/?post_type=product&#038;p=13946"},"modified":"2024-10-22T15:34:56","modified_gmt":"2024-10-22T15:34:56","slug":"sofa-retratil-e-reclinavel-acaso-sf-lancamento-2-024","status":"publish","type":"product","link":"https:\/\/deccore.com.br\/loja\/product\/sofa-retratil-e-reclinavel-acaso-sf-lancamento-2-024\/","title":{"rendered":"SOF\u00c1 RETR\u00c1TIL E RECLIN\u00c1VEL ACASO &#8211; +SF &#8211; SOB. ENCOMENDA"},"content":{"rendered":"","protected":false},"excerpt":{"rendered":"<p>V\u00c1RIAS OP\u00c7\u00d5ES DE MODULA\u00c7\u00d5ES E REVESTIMENTOS.<\/p>\n","protected":false},"featured_media":13947,"template":"","meta":[],"product_brand":[],"product_cat":[85,65,168],"product_tag":[],"class_list":{"0":"post-13946","1":"product","2":"type-product","3":"status-publish","4":"has-post-thumbnail","6":"product_cat-estofados","7":"product_cat-sofas-2","8":"product_cat-sofa-retratil","10":"first","11":"onbackorder","12":"shipping-taxable","13":"product-type-simple"},"_links":{"self":[{"href":"https:\/\/deccore.com.br\/loja\/wp-json\/wp\/v2\/product\/13946","targetHints":{"allow":["GET"]}}],"collection":[{"href":"https:\/\/deccore.com.br\/loja\/wp-json\/wp\/v2\/product"}],"about":[{"href":"https:\/\/deccore.com.br\/loja\/wp-json\/wp\/v2\/types\/product"}],"version-history":[{"count":4,"href":"https:\/\/deccore.com.br\/loja\/wp-json\/wp\/v2\/product\/13946\/revisions"}],"predecessor-version":[{"id":15535,"href":"https:\/\/deccore.com.br\/loja\/wp-json\/wp\/v2\/product\/13946\/revisions\/15535"}],"wp:featuredmedia":[{"embeddable":true,"href":"https:\/\/deccore.com.br\/loja\/wp-json\/wp\/v2\/media\/13947"}],"wp:attachment":[{"href":"https:\/\/deccore.com.br\/loja\/wp-json\/wp\/v2\/media?parent=13946"}],"wp:term":[{"taxonomy":"product_brand","embeddable":true,"href":"https:\/\/deccore.com.br\/loja\/wp-json\/wp\/v2\/product_brand?post=13946"},{"taxonomy":"product_cat","embeddable":true,"href":"https:\/\/deccore.com.br\/loja\/wp-json\/wp\/v2\/product_cat?post=13946"},{"taxonomy":"product_tag","embeddable":true,"href":"https:\/\/deccore.com.br\/loja\/wp-json\/wp\/v2\/product_tag?post=13946"}],"curies":[{"name":"wp","href":"https:\/\/api.w.org\/{rel}","templated":true}]}}