{"id":13951,"date":"2024-02-07T15:49:14","date_gmt":"2024-02-07T15:49:14","guid":{"rendered":"https:\/\/deccore.com.br\/loja\/?post_type=product&#038;p=13951"},"modified":"2024-02-07T15:55:16","modified_gmt":"2024-02-07T15:55:16","slug":"estofado-amago-fixo-sfa-lancamento-2-024","status":"publish","type":"product","link":"https:\/\/deccore.com.br\/loja\/product\/estofado-amago-fixo-sfa-lancamento-2-024\/","title":{"rendered":"ESTOFADO \u00c2MAGO &#8211; FIXO &#8211; +SFA &#8211; LAN\u00c7AMENTO 2.024."},"content":{"rendered":"","protected":false},"excerpt":{"rendered":"<p>V\u00c1RIAS OP\u00c7\u00d5ES DE MODULA\u00c7\u00d5ES E REVESTIMENTOS.<\/p>\n","protected":false},"featured_media":13952,"template":"","meta":[],"product_brand":[],"product_cat":[15,85,65],"product_tag":[],"class_list":{"0":"post-13951","1":"product","2":"type-product","3":"status-publish","4":"has-post-thumbnail","6":"product_cat-uncategorized","7":"product_cat-estofados","8":"product_cat-sofas-2","10":"first","11":"instock","12":"shipping-taxable","13":"product-type-simple"},"_links":{"self":[{"href":"https:\/\/deccore.com.br\/loja\/wp-json\/wp\/v2\/product\/13951","targetHints":{"allow":["GET"]}}],"collection":[{"href":"https:\/\/deccore.com.br\/loja\/wp-json\/wp\/v2\/product"}],"about":[{"href":"https:\/\/deccore.com.br\/loja\/wp-json\/wp\/v2\/types\/product"}],"version-history":[{"count":3,"href":"https:\/\/deccore.com.br\/loja\/wp-json\/wp\/v2\/product\/13951\/revisions"}],"predecessor-version":[{"id":13959,"href":"https:\/\/deccore.com.br\/loja\/wp-json\/wp\/v2\/product\/13951\/revisions\/13959"}],"wp:featuredmedia":[{"embeddable":true,"href":"https:\/\/deccore.com.br\/loja\/wp-json\/wp\/v2\/media\/13952"}],"wp:attachment":[{"href":"https:\/\/deccore.com.br\/loja\/wp-json\/wp\/v2\/media?parent=13951"}],"wp:term":[{"taxonomy":"product_brand","embeddable":true,"href":"https:\/\/deccore.com.br\/loja\/wp-json\/wp\/v2\/product_brand?post=13951"},{"taxonomy":"product_cat","embeddable":true,"href":"https:\/\/deccore.com.br\/loja\/wp-json\/wp\/v2\/product_cat?post=13951"},{"taxonomy":"product_tag","embeddable":true,"href":"https:\/\/deccore.com.br\/loja\/wp-json\/wp\/v2\/product_tag?post=13951"}],"curies":[{"name":"wp","href":"https:\/\/api.w.org\/{rel}","templated":true}]}}