{"id":13960,"date":"2024-02-07T17:59:46","date_gmt":"2024-02-07T17:59:46","guid":{"rendered":"https:\/\/deccore.com.br\/loja\/?post_type=product&#038;p=13960"},"modified":"2024-10-16T14:09:42","modified_gmt":"2024-10-16T14:09:42","slug":"poltrona-magia-msf-lancamento-2-024","status":"publish","type":"product","link":"https:\/\/deccore.com.br\/loja\/product\/poltrona-magia-msf-lancamento-2-024\/","title":{"rendered":"POLTRONA MAGIA &#8211; MSF &#8211; LAN\u00c7AMENTO 2.024 &#8211; SOB. ENCOMENDA"},"content":{"rendered":"","protected":false},"excerpt":{"rendered":"<p>V\u00c1RIAS OP\u00c7\u00d5ES DE REVESTIMENTOS.<\/p>\n","protected":false},"featured_media":13961,"template":"","meta":[],"product_brand":[],"product_cat":[15,64],"product_tag":[],"class_list":{"0":"post-13960","1":"product","2":"type-product","3":"status-publish","4":"has-post-thumbnail","6":"product_cat-uncategorized","7":"product_cat-poltronas","9":"first","10":"onbackorder","11":"shipping-taxable","12":"product-type-simple"},"_links":{"self":[{"href":"https:\/\/deccore.com.br\/loja\/wp-json\/wp\/v2\/product\/13960","targetHints":{"allow":["GET"]}}],"collection":[{"href":"https:\/\/deccore.com.br\/loja\/wp-json\/wp\/v2\/product"}],"about":[{"href":"https:\/\/deccore.com.br\/loja\/wp-json\/wp\/v2\/types\/product"}],"version-history":[{"count":3,"href":"https:\/\/deccore.com.br\/loja\/wp-json\/wp\/v2\/product\/13960\/revisions"}],"predecessor-version":[{"id":15652,"href":"https:\/\/deccore.com.br\/loja\/wp-json\/wp\/v2\/product\/13960\/revisions\/15652"}],"wp:featuredmedia":[{"embeddable":true,"href":"https:\/\/deccore.com.br\/loja\/wp-json\/wp\/v2\/media\/13961"}],"wp:attachment":[{"href":"https:\/\/deccore.com.br\/loja\/wp-json\/wp\/v2\/media?parent=13960"}],"wp:term":[{"taxonomy":"product_brand","embeddable":true,"href":"https:\/\/deccore.com.br\/loja\/wp-json\/wp\/v2\/product_brand?post=13960"},{"taxonomy":"product_cat","embeddable":true,"href":"https:\/\/deccore.com.br\/loja\/wp-json\/wp\/v2\/product_cat?post=13960"},{"taxonomy":"product_tag","embeddable":true,"href":"https:\/\/deccore.com.br\/loja\/wp-json\/wp\/v2\/product_tag?post=13960"}],"curies":[{"name":"wp","href":"https:\/\/api.w.org\/{rel}","templated":true}]}}