{"id":13986,"date":"2024-02-09T16:31:39","date_gmt":"2024-02-09T16:31:39","guid":{"rendered":"https:\/\/deccore.com.br\/loja\/?post_type=product&#038;p=13986"},"modified":"2024-10-09T14:12:26","modified_gmt":"2024-10-09T14:12:26","slug":"sofa-amur-lancamento-s-g","status":"publish","type":"product","link":"https:\/\/deccore.com.br\/loja\/product\/sofa-amur-lancamento-s-g\/","title":{"rendered":"SOF\u00c1 AMUR &#8211; LAN\u00c7AMENTO &#8211; S.G SOB. ENCOMENDA"},"content":{"rendered":"","protected":false},"excerpt":{"rendered":"<p>V\u00c1RIAS OP\u00c7\u00d5ES DE MEDIDAS E REVESTIMENTOS POR ENCOMENDA.<\/p>\n","protected":false},"featured_media":13987,"template":"","meta":[],"product_brand":[],"product_cat":[85,65],"product_tag":[],"class_list":{"0":"post-13986","1":"product","2":"type-product","3":"status-publish","4":"has-post-thumbnail","6":"product_cat-estofados","7":"product_cat-sofas-2","9":"first","10":"onbackorder","11":"shipping-taxable","12":"product-type-simple"},"_links":{"self":[{"href":"https:\/\/deccore.com.br\/loja\/wp-json\/wp\/v2\/product\/13986","targetHints":{"allow":["GET"]}}],"collection":[{"href":"https:\/\/deccore.com.br\/loja\/wp-json\/wp\/v2\/product"}],"about":[{"href":"https:\/\/deccore.com.br\/loja\/wp-json\/wp\/v2\/types\/product"}],"version-history":[{"count":3,"href":"https:\/\/deccore.com.br\/loja\/wp-json\/wp\/v2\/product\/13986\/revisions"}],"predecessor-version":[{"id":15534,"href":"https:\/\/deccore.com.br\/loja\/wp-json\/wp\/v2\/product\/13986\/revisions\/15534"}],"wp:featuredmedia":[{"embeddable":true,"href":"https:\/\/deccore.com.br\/loja\/wp-json\/wp\/v2\/media\/13987"}],"wp:attachment":[{"href":"https:\/\/deccore.com.br\/loja\/wp-json\/wp\/v2\/media?parent=13986"}],"wp:term":[{"taxonomy":"product_brand","embeddable":true,"href":"https:\/\/deccore.com.br\/loja\/wp-json\/wp\/v2\/product_brand?post=13986"},{"taxonomy":"product_cat","embeddable":true,"href":"https:\/\/deccore.com.br\/loja\/wp-json\/wp\/v2\/product_cat?post=13986"},{"taxonomy":"product_tag","embeddable":true,"href":"https:\/\/deccore.com.br\/loja\/wp-json\/wp\/v2\/product_tag?post=13986"}],"curies":[{"name":"wp","href":"https:\/\/api.w.org\/{rel}","templated":true}]}}