{"id":14047,"date":"2024-02-16T14:20:58","date_gmt":"2024-02-16T14:20:58","guid":{"rendered":"https:\/\/deccore.com.br\/loja\/?post_type=product&#038;p=14047"},"modified":"2024-10-16T14:03:07","modified_gmt":"2024-10-16T14:03:07","slug":"poltrona-ritual-lancamento-fllg","status":"publish","type":"product","link":"https:\/\/deccore.com.br\/loja\/product\/poltrona-ritual-lancamento-fllg\/","title":{"rendered":"POLTRONA RITUAL &#8211; LAN\u00c7AMENTO &#8211; FLLG &#8211; SOB. ENCOMENDA"},"content":{"rendered":"","protected":false},"excerpt":{"rendered":"<p>DESIGNER: MAURICIO BOMFIM<\/p>\n<p>V\u00c1RIAS OP\u00c7\u00d5ES DE ACABAMENTOS E REVESTIMENTOS.<\/p>\n","protected":false},"featured_media":14048,"template":"","meta":[],"product_brand":[],"product_cat":[64],"product_tag":[],"class_list":{"0":"post-14047","1":"product","2":"type-product","3":"status-publish","4":"has-post-thumbnail","6":"product_cat-poltronas","8":"first","9":"onbackorder","10":"shipping-taxable","11":"product-type-simple"},"_links":{"self":[{"href":"https:\/\/deccore.com.br\/loja\/wp-json\/wp\/v2\/product\/14047","targetHints":{"allow":["GET"]}}],"collection":[{"href":"https:\/\/deccore.com.br\/loja\/wp-json\/wp\/v2\/product"}],"about":[{"href":"https:\/\/deccore.com.br\/loja\/wp-json\/wp\/v2\/types\/product"}],"version-history":[{"count":4,"href":"https:\/\/deccore.com.br\/loja\/wp-json\/wp\/v2\/product\/14047\/revisions"}],"predecessor-version":[{"id":15651,"href":"https:\/\/deccore.com.br\/loja\/wp-json\/wp\/v2\/product\/14047\/revisions\/15651"}],"wp:featuredmedia":[{"embeddable":true,"href":"https:\/\/deccore.com.br\/loja\/wp-json\/wp\/v2\/media\/14048"}],"wp:attachment":[{"href":"https:\/\/deccore.com.br\/loja\/wp-json\/wp\/v2\/media?parent=14047"}],"wp:term":[{"taxonomy":"product_brand","embeddable":true,"href":"https:\/\/deccore.com.br\/loja\/wp-json\/wp\/v2\/product_brand?post=14047"},{"taxonomy":"product_cat","embeddable":true,"href":"https:\/\/deccore.com.br\/loja\/wp-json\/wp\/v2\/product_cat?post=14047"},{"taxonomy":"product_tag","embeddable":true,"href":"https:\/\/deccore.com.br\/loja\/wp-json\/wp\/v2\/product_tag?post=14047"}],"curies":[{"name":"wp","href":"https:\/\/api.w.org\/{rel}","templated":true}]}}