{"id":14057,"date":"2024-02-20T12:58:57","date_gmt":"2024-02-20T12:58:57","guid":{"rendered":"https:\/\/deccore.com.br\/loja\/?post_type=product&#038;p=14057"},"modified":"2024-10-09T14:12:02","modified_gmt":"2024-10-09T14:12:02","slug":"sofa-compo-lancamento-s-g","status":"publish","type":"product","link":"https:\/\/deccore.com.br\/loja\/product\/sofa-compo-lancamento-s-g\/","title":{"rendered":"SOF\u00c1 COMPO &#8211; LAN\u00c7AMENTO &#8211; S.G SOB. ENCOMENDA"},"content":{"rendered":"","protected":false},"excerpt":{"rendered":"<p>V\u00e1rias op\u00e7\u00f5es de modula\u00e7\u00f5es e revestimentos.<\/p>\n<p>Assento fixo com molas ensacadas, espuma D 26 soft e fibra manta.<br \/>\nEncosto fixo com espuma D 26 Soft e fibra manta. Almofada de encosto solta com fibra pluma.<br \/>\nMesa em MDF laminado em cinamomo.<\/p>\n","protected":false},"featured_media":14059,"template":"","meta":[],"product_brand":[],"product_cat":[15,85,65],"product_tag":[],"class_list":{"0":"post-14057","1":"product","2":"type-product","3":"status-publish","4":"has-post-thumbnail","6":"product_cat-uncategorized","7":"product_cat-estofados","8":"product_cat-sofas-2","10":"first","11":"onbackorder","12":"shipping-taxable","13":"product-type-simple"},"_links":{"self":[{"href":"https:\/\/deccore.com.br\/loja\/wp-json\/wp\/v2\/product\/14057","targetHints":{"allow":["GET"]}}],"collection":[{"href":"https:\/\/deccore.com.br\/loja\/wp-json\/wp\/v2\/product"}],"about":[{"href":"https:\/\/deccore.com.br\/loja\/wp-json\/wp\/v2\/types\/product"}],"version-history":[{"count":5,"href":"https:\/\/deccore.com.br\/loja\/wp-json\/wp\/v2\/product\/14057\/revisions"}],"predecessor-version":[{"id":15533,"href":"https:\/\/deccore.com.br\/loja\/wp-json\/wp\/v2\/product\/14057\/revisions\/15533"}],"wp:featuredmedia":[{"embeddable":true,"href":"https:\/\/deccore.com.br\/loja\/wp-json\/wp\/v2\/media\/14059"}],"wp:attachment":[{"href":"https:\/\/deccore.com.br\/loja\/wp-json\/wp\/v2\/media?parent=14057"}],"wp:term":[{"taxonomy":"product_brand","embeddable":true,"href":"https:\/\/deccore.com.br\/loja\/wp-json\/wp\/v2\/product_brand?post=14057"},{"taxonomy":"product_cat","embeddable":true,"href":"https:\/\/deccore.com.br\/loja\/wp-json\/wp\/v2\/product_cat?post=14057"},{"taxonomy":"product_tag","embeddable":true,"href":"https:\/\/deccore.com.br\/loja\/wp-json\/wp\/v2\/product_tag?post=14057"}],"curies":[{"name":"wp","href":"https:\/\/api.w.org\/{rel}","templated":true}]}}