{"id":14073,"date":"2024-02-23T13:18:32","date_gmt":"2024-02-23T13:18:32","guid":{"rendered":"https:\/\/deccore.com.br\/loja\/?post_type=product&#038;p=14073"},"modified":"2024-10-09T14:10:02","modified_gmt":"2024-10-09T14:10:02","slug":"sofa-double-els","status":"publish","type":"product","link":"https:\/\/deccore.com.br\/loja\/product\/sofa-double-els\/","title":{"rendered":"SOF\u00c1 DOUBLE &#8211; ELS &#8211; SOB. ENCOMENDA"},"content":{"rendered":"","protected":false},"excerpt":{"rendered":"<p>V\u00c1RIAS OP\u00c7\u00d5ES DE MEDIDAS E REVESTIMENTOS.<\/p>\n","protected":false},"featured_media":14074,"template":"","meta":[],"product_brand":[],"product_cat":[15,85,65],"product_tag":[],"class_list":{"0":"post-14073","1":"product","2":"type-product","3":"status-publish","4":"has-post-thumbnail","6":"product_cat-uncategorized","7":"product_cat-estofados","8":"product_cat-sofas-2","10":"first","11":"onbackorder","12":"shipping-taxable","13":"product-type-simple"},"_links":{"self":[{"href":"https:\/\/deccore.com.br\/loja\/wp-json\/wp\/v2\/product\/14073","targetHints":{"allow":["GET"]}}],"collection":[{"href":"https:\/\/deccore.com.br\/loja\/wp-json\/wp\/v2\/product"}],"about":[{"href":"https:\/\/deccore.com.br\/loja\/wp-json\/wp\/v2\/types\/product"}],"version-history":[{"count":3,"href":"https:\/\/deccore.com.br\/loja\/wp-json\/wp\/v2\/product\/14073\/revisions"}],"predecessor-version":[{"id":15530,"href":"https:\/\/deccore.com.br\/loja\/wp-json\/wp\/v2\/product\/14073\/revisions\/15530"}],"wp:featuredmedia":[{"embeddable":true,"href":"https:\/\/deccore.com.br\/loja\/wp-json\/wp\/v2\/media\/14074"}],"wp:attachment":[{"href":"https:\/\/deccore.com.br\/loja\/wp-json\/wp\/v2\/media?parent=14073"}],"wp:term":[{"taxonomy":"product_brand","embeddable":true,"href":"https:\/\/deccore.com.br\/loja\/wp-json\/wp\/v2\/product_brand?post=14073"},{"taxonomy":"product_cat","embeddable":true,"href":"https:\/\/deccore.com.br\/loja\/wp-json\/wp\/v2\/product_cat?post=14073"},{"taxonomy":"product_tag","embeddable":true,"href":"https:\/\/deccore.com.br\/loja\/wp-json\/wp\/v2\/product_tag?post=14073"}],"curies":[{"name":"wp","href":"https:\/\/api.w.org\/{rel}","templated":true}]}}