{"id":14077,"date":"2024-02-23T13:22:48","date_gmt":"2024-02-23T13:22:48","guid":{"rendered":"https:\/\/deccore.com.br\/loja\/?post_type=product&#038;p=14077"},"modified":"2026-03-24T14:08:13","modified_gmt":"2026-03-24T14:08:13","slug":"sofa-enzo-els","status":"publish","type":"product","link":"https:\/\/deccore.com.br\/loja\/product\/sofa-enzo-els\/","title":{"rendered":"SOF\u00c1 ENZO &#8211; ELS &#8211;"},"content":{"rendered":"","protected":false},"excerpt":{"rendered":"<p>V\u00c1RIAS OP\u00c7\u00d5ES DE MEDIDAS E REVESTIMENTOS.<\/p>\n","protected":false},"featured_media":14078,"template":"","meta":[],"product_brand":[],"product_cat":[15,85,65,168],"product_tag":[],"class_list":{"0":"post-14077","1":"product","2":"type-product","3":"status-publish","4":"has-post-thumbnail","6":"product_cat-uncategorized","7":"product_cat-estofados","8":"product_cat-sofas-2","9":"product_cat-sofa-retratil","11":"first","12":"instock","13":"shipping-taxable","14":"product-type-simple"},"_links":{"self":[{"href":"https:\/\/deccore.com.br\/loja\/wp-json\/wp\/v2\/product\/14077","targetHints":{"allow":["GET"]}}],"collection":[{"href":"https:\/\/deccore.com.br\/loja\/wp-json\/wp\/v2\/product"}],"about":[{"href":"https:\/\/deccore.com.br\/loja\/wp-json\/wp\/v2\/types\/product"}],"version-history":[{"count":5,"href":"https:\/\/deccore.com.br\/loja\/wp-json\/wp\/v2\/product\/14077\/revisions"}],"predecessor-version":[{"id":16415,"href":"https:\/\/deccore.com.br\/loja\/wp-json\/wp\/v2\/product\/14077\/revisions\/16415"}],"wp:featuredmedia":[{"embeddable":true,"href":"https:\/\/deccore.com.br\/loja\/wp-json\/wp\/v2\/media\/14078"}],"wp:attachment":[{"href":"https:\/\/deccore.com.br\/loja\/wp-json\/wp\/v2\/media?parent=14077"}],"wp:term":[{"taxonomy":"product_brand","embeddable":true,"href":"https:\/\/deccore.com.br\/loja\/wp-json\/wp\/v2\/product_brand?post=14077"},{"taxonomy":"product_cat","embeddable":true,"href":"https:\/\/deccore.com.br\/loja\/wp-json\/wp\/v2\/product_cat?post=14077"},{"taxonomy":"product_tag","embeddable":true,"href":"https:\/\/deccore.com.br\/loja\/wp-json\/wp\/v2\/product_tag?post=14077"}],"curies":[{"name":"wp","href":"https:\/\/api.w.org\/{rel}","templated":true}]}}