{"id":14099,"date":"2024-02-23T13:42:19","date_gmt":"2024-02-23T13:42:19","guid":{"rendered":"https:\/\/deccore.com.br\/loja\/?post_type=product&#038;p=14099"},"modified":"2024-02-23T13:42:19","modified_gmt":"2024-02-23T13:42:19","slug":"puff-chitaki-els","status":"publish","type":"product","link":"https:\/\/deccore.com.br\/loja\/product\/puff-chitaki-els\/","title":{"rendered":"PUFF CHITAKI &#8211; ELS"},"content":{"rendered":"","protected":false},"excerpt":{"rendered":"<p>V\u00c1RIAS OP\u00c7\u00d5ES DE REVESTIMENTOS.<\/p>\n","protected":false},"featured_media":14100,"template":"","meta":[],"product_brand":[],"product_cat":[15,109],"product_tag":[],"class_list":{"0":"post-14099","1":"product","2":"type-product","3":"status-publish","4":"has-post-thumbnail","6":"product_cat-uncategorized","7":"product_cat-puff","9":"first","10":"instock","11":"shipping-taxable","12":"product-type-simple"},"_links":{"self":[{"href":"https:\/\/deccore.com.br\/loja\/wp-json\/wp\/v2\/product\/14099","targetHints":{"allow":["GET"]}}],"collection":[{"href":"https:\/\/deccore.com.br\/loja\/wp-json\/wp\/v2\/product"}],"about":[{"href":"https:\/\/deccore.com.br\/loja\/wp-json\/wp\/v2\/types\/product"}],"version-history":[{"count":1,"href":"https:\/\/deccore.com.br\/loja\/wp-json\/wp\/v2\/product\/14099\/revisions"}],"predecessor-version":[{"id":14101,"href":"https:\/\/deccore.com.br\/loja\/wp-json\/wp\/v2\/product\/14099\/revisions\/14101"}],"wp:featuredmedia":[{"embeddable":true,"href":"https:\/\/deccore.com.br\/loja\/wp-json\/wp\/v2\/media\/14100"}],"wp:attachment":[{"href":"https:\/\/deccore.com.br\/loja\/wp-json\/wp\/v2\/media?parent=14099"}],"wp:term":[{"taxonomy":"product_brand","embeddable":true,"href":"https:\/\/deccore.com.br\/loja\/wp-json\/wp\/v2\/product_brand?post=14099"},{"taxonomy":"product_cat","embeddable":true,"href":"https:\/\/deccore.com.br\/loja\/wp-json\/wp\/v2\/product_cat?post=14099"},{"taxonomy":"product_tag","embeddable":true,"href":"https:\/\/deccore.com.br\/loja\/wp-json\/wp\/v2\/product_tag?post=14099"}],"curies":[{"name":"wp","href":"https:\/\/api.w.org\/{rel}","templated":true}]}}