{"id":14105,"date":"2024-02-23T13:57:23","date_gmt":"2024-02-23T13:57:23","guid":{"rendered":"https:\/\/deccore.com.br\/loja\/?post_type=product&#038;p=14105"},"modified":"2024-11-13T21:17:01","modified_gmt":"2024-11-13T21:17:01","slug":"cama-bia-els","status":"publish","type":"product","link":"https:\/\/deccore.com.br\/loja\/product\/cama-bia-els\/","title":{"rendered":"CAMA BIA &#8211; ELS"},"content":{"rendered":"","protected":false},"excerpt":{"rendered":"<p>V\u00c1RIAS OP\u00c7\u00d5ES DE REVESTIMENTOS.<\/p>\n","protected":false},"featured_media":14106,"template":"","meta":[],"product_brand":[],"product_cat":[15,79],"product_tag":[],"class_list":{"0":"post-14105","1":"product","2":"type-product","3":"status-publish","4":"has-post-thumbnail","6":"product_cat-uncategorized","7":"product_cat-cama","9":"first","10":"onbackorder","11":"shipping-taxable","12":"product-type-simple"},"_links":{"self":[{"href":"https:\/\/deccore.com.br\/loja\/wp-json\/wp\/v2\/product\/14105","targetHints":{"allow":["GET"]}}],"collection":[{"href":"https:\/\/deccore.com.br\/loja\/wp-json\/wp\/v2\/product"}],"about":[{"href":"https:\/\/deccore.com.br\/loja\/wp-json\/wp\/v2\/types\/product"}],"version-history":[{"count":3,"href":"https:\/\/deccore.com.br\/loja\/wp-json\/wp\/v2\/product\/14105\/revisions"}],"predecessor-version":[{"id":14109,"href":"https:\/\/deccore.com.br\/loja\/wp-json\/wp\/v2\/product\/14105\/revisions\/14109"}],"wp:featuredmedia":[{"embeddable":true,"href":"https:\/\/deccore.com.br\/loja\/wp-json\/wp\/v2\/media\/14106"}],"wp:attachment":[{"href":"https:\/\/deccore.com.br\/loja\/wp-json\/wp\/v2\/media?parent=14105"}],"wp:term":[{"taxonomy":"product_brand","embeddable":true,"href":"https:\/\/deccore.com.br\/loja\/wp-json\/wp\/v2\/product_brand?post=14105"},{"taxonomy":"product_cat","embeddable":true,"href":"https:\/\/deccore.com.br\/loja\/wp-json\/wp\/v2\/product_cat?post=14105"},{"taxonomy":"product_tag","embeddable":true,"href":"https:\/\/deccore.com.br\/loja\/wp-json\/wp\/v2\/product_tag?post=14105"}],"curies":[{"name":"wp","href":"https:\/\/api.w.org\/{rel}","templated":true}]}}