{"id":14114,"date":"2024-02-23T14:02:50","date_gmt":"2024-02-23T14:02:50","guid":{"rendered":"https:\/\/deccore.com.br\/loja\/?post_type=product&#038;p=14114"},"modified":"2024-11-13T21:17:05","modified_gmt":"2024-11-13T21:17:05","slug":"cama-safira-els","status":"publish","type":"product","link":"https:\/\/deccore.com.br\/loja\/product\/cama-safira-els\/","title":{"rendered":"CAMA SAFIRA &#8211; ELS"},"content":{"rendered":"","protected":false},"excerpt":{"rendered":"<p>V\u00c1RIAS OP\u00c7\u00d5ES DE REVESTIMENTOS.<\/p>\n","protected":false},"featured_media":14115,"template":"","meta":[],"product_brand":[],"product_cat":[15,79],"product_tag":[],"class_list":{"0":"post-14114","1":"product","2":"type-product","3":"status-publish","4":"has-post-thumbnail","6":"product_cat-uncategorized","7":"product_cat-cama","9":"first","10":"onbackorder","11":"shipping-taxable","12":"product-type-simple"},"_links":{"self":[{"href":"https:\/\/deccore.com.br\/loja\/wp-json\/wp\/v2\/product\/14114","targetHints":{"allow":["GET"]}}],"collection":[{"href":"https:\/\/deccore.com.br\/loja\/wp-json\/wp\/v2\/product"}],"about":[{"href":"https:\/\/deccore.com.br\/loja\/wp-json\/wp\/v2\/types\/product"}],"version-history":[{"count":2,"href":"https:\/\/deccore.com.br\/loja\/wp-json\/wp\/v2\/product\/14114\/revisions"}],"predecessor-version":[{"id":14117,"href":"https:\/\/deccore.com.br\/loja\/wp-json\/wp\/v2\/product\/14114\/revisions\/14117"}],"wp:featuredmedia":[{"embeddable":true,"href":"https:\/\/deccore.com.br\/loja\/wp-json\/wp\/v2\/media\/14115"}],"wp:attachment":[{"href":"https:\/\/deccore.com.br\/loja\/wp-json\/wp\/v2\/media?parent=14114"}],"wp:term":[{"taxonomy":"product_brand","embeddable":true,"href":"https:\/\/deccore.com.br\/loja\/wp-json\/wp\/v2\/product_brand?post=14114"},{"taxonomy":"product_cat","embeddable":true,"href":"https:\/\/deccore.com.br\/loja\/wp-json\/wp\/v2\/product_cat?post=14114"},{"taxonomy":"product_tag","embeddable":true,"href":"https:\/\/deccore.com.br\/loja\/wp-json\/wp\/v2\/product_tag?post=14114"}],"curies":[{"name":"wp","href":"https:\/\/api.w.org\/{rel}","templated":true}]}}