{"id":14151,"date":"2024-02-27T16:34:19","date_gmt":"2024-02-27T16:34:19","guid":{"rendered":"https:\/\/deccore.com.br\/loja\/?post_type=product&#038;p=14151"},"modified":"2024-10-09T14:09:01","modified_gmt":"2024-10-09T14:09:01","slug":"sofa-para-sempre-sf-novidade-na-deccore-home","status":"publish","type":"product","link":"https:\/\/deccore.com.br\/loja\/product\/sofa-para-sempre-sf-novidade-na-deccore-home\/","title":{"rendered":"SOF\u00c1 PARA SEMPRE &#8211; + SF &#8211; NOVIDADE NA DECCORE HOME."},"content":{"rendered":"","protected":false},"excerpt":{"rendered":"<p>V\u00c1RIAS OP\u00c7\u00d5ES DE MEDIDAS E REVESTIMENTOS POR ENCOMENDA.<\/p>\n","protected":false},"featured_media":14152,"template":"","meta":[],"product_brand":[],"product_cat":[15,85,65],"product_tag":[],"class_list":{"0":"post-14151","1":"product","2":"type-product","3":"status-publish","4":"has-post-thumbnail","6":"product_cat-uncategorized","7":"product_cat-estofados","8":"product_cat-sofas-2","10":"first","11":"instock","12":"shipping-taxable","13":"product-type-simple"},"_links":{"self":[{"href":"https:\/\/deccore.com.br\/loja\/wp-json\/wp\/v2\/product\/14151","targetHints":{"allow":["GET"]}}],"collection":[{"href":"https:\/\/deccore.com.br\/loja\/wp-json\/wp\/v2\/product"}],"about":[{"href":"https:\/\/deccore.com.br\/loja\/wp-json\/wp\/v2\/types\/product"}],"version-history":[{"count":2,"href":"https:\/\/deccore.com.br\/loja\/wp-json\/wp\/v2\/product\/14151\/revisions"}],"predecessor-version":[{"id":14636,"href":"https:\/\/deccore.com.br\/loja\/wp-json\/wp\/v2\/product\/14151\/revisions\/14636"}],"wp:featuredmedia":[{"embeddable":true,"href":"https:\/\/deccore.com.br\/loja\/wp-json\/wp\/v2\/media\/14152"}],"wp:attachment":[{"href":"https:\/\/deccore.com.br\/loja\/wp-json\/wp\/v2\/media?parent=14151"}],"wp:term":[{"taxonomy":"product_brand","embeddable":true,"href":"https:\/\/deccore.com.br\/loja\/wp-json\/wp\/v2\/product_brand?post=14151"},{"taxonomy":"product_cat","embeddable":true,"href":"https:\/\/deccore.com.br\/loja\/wp-json\/wp\/v2\/product_cat?post=14151"},{"taxonomy":"product_tag","embeddable":true,"href":"https:\/\/deccore.com.br\/loja\/wp-json\/wp\/v2\/product_tag?post=14151"}],"curies":[{"name":"wp","href":"https:\/\/api.w.org\/{rel}","templated":true}]}}