{"id":14218,"date":"2024-03-05T18:57:32","date_gmt":"2024-03-05T18:57:32","guid":{"rendered":"https:\/\/deccore.com.br\/loja\/?post_type=product&#038;p=14218"},"modified":"2024-03-05T19:05:42","modified_gmt":"2024-03-05T19:05:42","slug":"abajur-eliptico-23451-pronta-entrega","status":"publish","type":"product","link":"https:\/\/deccore.com.br\/loja\/product\/abajur-eliptico-23451-pronta-entrega\/","title":{"rendered":"ABAJUR EL\u00cdPTICO &#8211; 23451 &#8211; PRONTA ENTREGA &#8211;"},"content":{"rendered":"","protected":false},"excerpt":{"rendered":"<p>Peso2,94 kgAcabamentos<\/p>\n<p>Castanho<\/p>\n<p>Cole\u00e7\u00e3o<\/p>\n<p>El\u00edptico<\/p>\n<p>Material<\/p>\n<p>Madeira<\/p>\n<p>Acompanha L\u00e2mpada(s)<\/p>\n<p>N\u00e3o<\/p>\n<p>Quantidade de L\u00e2mpada(s)<\/p>\n<p>1 l\u00e2mpada E27<\/p>\n<p>Altura<\/p>\n<p>38cm<\/p>\n<p>Medidas da Base (CxLxA):<\/p>\n<p>21\u00d77,5x13cm<\/p>\n<p>Medidas da C\u00fapula (CxLxA)<\/p>\n<p>46x17x25cm<\/p>\n<p>Varia\u00e7\u00f5es C\u00fapula<\/p>\n<p>Algod\u00e3o Cru, Linho Orion, Palha<\/p>\n","protected":false},"featured_media":14220,"template":"","meta":[],"product_brand":[],"product_cat":[15,99,162],"product_tag":[],"class_list":{"0":"post-14218","1":"product","2":"type-product","3":"status-publish","4":"has-post-thumbnail","6":"product_cat-uncategorized","7":"product_cat-abajour","8":"product_cat-abajur","10":"first","11":"instock","12":"shipping-taxable","13":"product-type-simple"},"_links":{"self":[{"href":"https:\/\/deccore.com.br\/loja\/wp-json\/wp\/v2\/product\/14218","targetHints":{"allow":["GET"]}}],"collection":[{"href":"https:\/\/deccore.com.br\/loja\/wp-json\/wp\/v2\/product"}],"about":[{"href":"https:\/\/deccore.com.br\/loja\/wp-json\/wp\/v2\/types\/product"}],"version-history":[{"count":3,"href":"https:\/\/deccore.com.br\/loja\/wp-json\/wp\/v2\/product\/14218\/revisions"}],"predecessor-version":[{"id":14226,"href":"https:\/\/deccore.com.br\/loja\/wp-json\/wp\/v2\/product\/14218\/revisions\/14226"}],"wp:featuredmedia":[{"embeddable":true,"href":"https:\/\/deccore.com.br\/loja\/wp-json\/wp\/v2\/media\/14220"}],"wp:attachment":[{"href":"https:\/\/deccore.com.br\/loja\/wp-json\/wp\/v2\/media?parent=14218"}],"wp:term":[{"taxonomy":"product_brand","embeddable":true,"href":"https:\/\/deccore.com.br\/loja\/wp-json\/wp\/v2\/product_brand?post=14218"},{"taxonomy":"product_cat","embeddable":true,"href":"https:\/\/deccore.com.br\/loja\/wp-json\/wp\/v2\/product_cat?post=14218"},{"taxonomy":"product_tag","embeddable":true,"href":"https:\/\/deccore.com.br\/loja\/wp-json\/wp\/v2\/product_tag?post=14218"}],"curies":[{"name":"wp","href":"https:\/\/api.w.org\/{rel}","templated":true}]}}