{"id":14222,"date":"2024-03-05T19:04:34","date_gmt":"2024-03-05T19:04:34","guid":{"rendered":"https:\/\/deccore.com.br\/loja\/?post_type=product&#038;p=14222"},"modified":"2024-11-13T20:50:47","modified_gmt":"2024-11-13T20:50:47","slug":"mesa-stella-vidro-com-luminaria-23455-pronta-entrega","status":"publish","type":"product","link":"https:\/\/deccore.com.br\/loja\/product\/mesa-stella-vidro-com-luminaria-23455-pronta-entrega\/","title":{"rendered":"MESA STELLA VIDRO COM LUMIN\u00c1RIA &#8211; 23455 -Encomenda &#8211;"},"content":{"rendered":"","protected":false},"excerpt":{"rendered":"<p>Apresentando a uni\u00e3o da madeira, vidro, tecido e acess\u00f3rios met\u00e1licos em acabamento champanhe, que criam uma pe\u00e7a elegante e vers\u00e1til.<\/p>\n","protected":false},"featured_media":14224,"template":"","meta":[],"product_brand":[],"product_cat":[15,99,77,106,87,71],"product_tag":[],"class_list":{"0":"post-14222","1":"product","2":"type-product","3":"status-publish","4":"has-post-thumbnail","6":"product_cat-uncategorized","7":"product_cat-abajour","8":"product_cat-luminaria","9":"product_cat-mesa","10":"product_cat-mesa-auxiliar","11":"product_cat-mesa-de-apoio","13":"first","14":"instock","15":"shipping-taxable","16":"product-type-simple"},"_links":{"self":[{"href":"https:\/\/deccore.com.br\/loja\/wp-json\/wp\/v2\/product\/14222","targetHints":{"allow":["GET"]}}],"collection":[{"href":"https:\/\/deccore.com.br\/loja\/wp-json\/wp\/v2\/product"}],"about":[{"href":"https:\/\/deccore.com.br\/loja\/wp-json\/wp\/v2\/types\/product"}],"version-history":[{"count":3,"href":"https:\/\/deccore.com.br\/loja\/wp-json\/wp\/v2\/product\/14222\/revisions"}],"predecessor-version":[{"id":15758,"href":"https:\/\/deccore.com.br\/loja\/wp-json\/wp\/v2\/product\/14222\/revisions\/15758"}],"wp:featuredmedia":[{"embeddable":true,"href":"https:\/\/deccore.com.br\/loja\/wp-json\/wp\/v2\/media\/14224"}],"wp:attachment":[{"href":"https:\/\/deccore.com.br\/loja\/wp-json\/wp\/v2\/media?parent=14222"}],"wp:term":[{"taxonomy":"product_brand","embeddable":true,"href":"https:\/\/deccore.com.br\/loja\/wp-json\/wp\/v2\/product_brand?post=14222"},{"taxonomy":"product_cat","embeddable":true,"href":"https:\/\/deccore.com.br\/loja\/wp-json\/wp\/v2\/product_cat?post=14222"},{"taxonomy":"product_tag","embeddable":true,"href":"https:\/\/deccore.com.br\/loja\/wp-json\/wp\/v2\/product_tag?post=14222"}],"curies":[{"name":"wp","href":"https:\/\/api.w.org\/{rel}","templated":true}]}}