{"id":14227,"date":"2024-03-05T19:12:37","date_gmt":"2024-03-05T19:12:37","guid":{"rendered":"https:\/\/deccore.com.br\/loja\/?post_type=product&#038;p=14227"},"modified":"2024-03-05T19:12:37","modified_gmt":"2024-03-05T19:12:37","slug":"abajur-vetro-lais-23446-pronta-entrega","status":"publish","type":"product","link":"https:\/\/deccore.com.br\/loja\/product\/abajur-vetro-lais-23446-pronta-entrega\/","title":{"rendered":"ABAJUR VETRO LAIS &#8211; 23446 &#8211; PRONTA ENTREGA &#8211;"},"content":{"rendered":"","protected":false},"excerpt":{"rendered":"<p>O Abajur Vetro La\u00eds \u00e9 uma pe\u00e7a diferenciada que pode ser personalizada conforme o seu gosto. Abuse da criatividade!<\/p>\n<p>&nbsp;<\/p>\n<p>Acompanha Decora\u00e7\u00e3o<\/p>\n<p>N\u00e3o<\/p>\n<p>Acompanha L\u00e2mpada(s)<\/p>\n<p>N\u00e3o<\/p>\n<p>Altura<\/p>\n<p>62cm<\/p>\n<p>Cole\u00e7\u00e3o<\/p>\n<p>Vetro<\/p>\n<p>Material<\/p>\n<p>Vidro<\/p>\n<p>Medidas da C\u00fapula (AxD)<\/p>\n<p>25x42cm<\/p>\n<p>Quantidade de L\u00e2mpada(s)<\/p>\n<p>1 l\u00e2mpada E27<\/p>\n<p>Tens\u00e3o<\/p>\n<p>Bivolt<\/p>\n","protected":false},"featured_media":14228,"template":"","meta":[],"product_brand":[],"product_cat":[15,99,162,77],"product_tag":[],"class_list":{"0":"post-14227","1":"product","2":"type-product","3":"status-publish","4":"has-post-thumbnail","6":"product_cat-uncategorized","7":"product_cat-abajour","8":"product_cat-abajur","9":"product_cat-luminaria","11":"first","12":"instock","13":"shipping-taxable","14":"product-type-simple"},"_links":{"self":[{"href":"https:\/\/deccore.com.br\/loja\/wp-json\/wp\/v2\/product\/14227","targetHints":{"allow":["GET"]}}],"collection":[{"href":"https:\/\/deccore.com.br\/loja\/wp-json\/wp\/v2\/product"}],"about":[{"href":"https:\/\/deccore.com.br\/loja\/wp-json\/wp\/v2\/types\/product"}],"version-history":[{"count":1,"href":"https:\/\/deccore.com.br\/loja\/wp-json\/wp\/v2\/product\/14227\/revisions"}],"predecessor-version":[{"id":14229,"href":"https:\/\/deccore.com.br\/loja\/wp-json\/wp\/v2\/product\/14227\/revisions\/14229"}],"wp:featuredmedia":[{"embeddable":true,"href":"https:\/\/deccore.com.br\/loja\/wp-json\/wp\/v2\/media\/14228"}],"wp:attachment":[{"href":"https:\/\/deccore.com.br\/loja\/wp-json\/wp\/v2\/media?parent=14227"}],"wp:term":[{"taxonomy":"product_brand","embeddable":true,"href":"https:\/\/deccore.com.br\/loja\/wp-json\/wp\/v2\/product_brand?post=14227"},{"taxonomy":"product_cat","embeddable":true,"href":"https:\/\/deccore.com.br\/loja\/wp-json\/wp\/v2\/product_cat?post=14227"},{"taxonomy":"product_tag","embeddable":true,"href":"https:\/\/deccore.com.br\/loja\/wp-json\/wp\/v2\/product_tag?post=14227"}],"curies":[{"name":"wp","href":"https:\/\/api.w.org\/{rel}","templated":true}]}}