{"id":14230,"date":"2024-03-05T19:20:03","date_gmt":"2024-03-05T19:20:03","guid":{"rendered":"https:\/\/deccore.com.br\/loja\/?post_type=product&#038;p=14230"},"modified":"2024-03-05T19:20:03","modified_gmt":"2024-03-05T19:20:03","slug":"abajur-trento-base-iluminada-pequeno-23453-pronta-entrega","status":"publish","type":"product","link":"https:\/\/deccore.com.br\/loja\/product\/abajur-trento-base-iluminada-pequeno-23453-pronta-entrega\/","title":{"rendered":"ABAJUR TRENTO BASE ILUMINADA PEQUENO &#8211; 23453 &#8211; PRONTA ENTREGA &#8211;"},"content":{"rendered":"","protected":false},"excerpt":{"rendered":"<p>Agora, al\u00e9m da c\u00fapula, a base do Abajur Trento tamb\u00e9m \u00e9 iluminada. Trazendo toda a eleg\u00e2ncia do cl\u00e1ssico vidro leitoso.<\/p>\n","protected":false},"featured_media":14231,"template":"","meta":[],"product_brand":[],"product_cat":[15,99,162,114,77],"product_tag":[],"class_list":{"0":"post-14230","1":"product","2":"type-product","3":"status-publish","4":"has-post-thumbnail","6":"product_cat-uncategorized","7":"product_cat-abajour","8":"product_cat-abajur","9":"product_cat-complementos","10":"product_cat-luminaria","12":"first","13":"instock","14":"shipping-taxable","15":"product-type-simple"},"_links":{"self":[{"href":"https:\/\/deccore.com.br\/loja\/wp-json\/wp\/v2\/product\/14230","targetHints":{"allow":["GET"]}}],"collection":[{"href":"https:\/\/deccore.com.br\/loja\/wp-json\/wp\/v2\/product"}],"about":[{"href":"https:\/\/deccore.com.br\/loja\/wp-json\/wp\/v2\/types\/product"}],"version-history":[{"count":1,"href":"https:\/\/deccore.com.br\/loja\/wp-json\/wp\/v2\/product\/14230\/revisions"}],"predecessor-version":[{"id":14232,"href":"https:\/\/deccore.com.br\/loja\/wp-json\/wp\/v2\/product\/14230\/revisions\/14232"}],"wp:featuredmedia":[{"embeddable":true,"href":"https:\/\/deccore.com.br\/loja\/wp-json\/wp\/v2\/media\/14231"}],"wp:attachment":[{"href":"https:\/\/deccore.com.br\/loja\/wp-json\/wp\/v2\/media?parent=14230"}],"wp:term":[{"taxonomy":"product_brand","embeddable":true,"href":"https:\/\/deccore.com.br\/loja\/wp-json\/wp\/v2\/product_brand?post=14230"},{"taxonomy":"product_cat","embeddable":true,"href":"https:\/\/deccore.com.br\/loja\/wp-json\/wp\/v2\/product_cat?post=14230"},{"taxonomy":"product_tag","embeddable":true,"href":"https:\/\/deccore.com.br\/loja\/wp-json\/wp\/v2\/product_tag?post=14230"}],"curies":[{"name":"wp","href":"https:\/\/api.w.org\/{rel}","templated":true}]}}