{"id":14240,"date":"2024-03-06T13:50:27","date_gmt":"2024-03-06T13:50:27","guid":{"rendered":"https:\/\/deccore.com.br\/loja\/?post_type=product&#038;p=14240"},"modified":"2024-06-20T13:48:07","modified_gmt":"2024-06-20T13:48:07","slug":"abajur-petala-grande-23439-pronta-entrega","status":"publish","type":"product","link":"https:\/\/deccore.com.br\/loja\/product\/abajur-petala-grande-23439-pronta-entrega\/","title":{"rendered":"ABAJUR P\u00c9TALA GRANDE &#8211; 23439 &#8211; PRONTA ENTREGA &#8211;"},"content":{"rendered":"","protected":false},"excerpt":{"rendered":"<p>C\u00daPULA TECIDO L17 &#8211; CURVAS EM L\u00c2MINA CINAMOMO &#8211; BASE EM L\u00c2MINA CINAMOMO &#8211; AB0100<\/p>\n","protected":false},"featured_media":14241,"template":"","meta":[],"product_brand":[],"product_cat":[15,99,162,63,77],"product_tag":[],"class_list":{"0":"post-14240","1":"product","2":"type-product","3":"status-publish","4":"has-post-thumbnail","6":"product_cat-uncategorized","7":"product_cat-abajour","8":"product_cat-abajur","9":"product_cat-decoracoes","10":"product_cat-luminaria","12":"first","13":"instock","14":"shipping-taxable","15":"product-type-simple"},"_links":{"self":[{"href":"https:\/\/deccore.com.br\/loja\/wp-json\/wp\/v2\/product\/14240","targetHints":{"allow":["GET"]}}],"collection":[{"href":"https:\/\/deccore.com.br\/loja\/wp-json\/wp\/v2\/product"}],"about":[{"href":"https:\/\/deccore.com.br\/loja\/wp-json\/wp\/v2\/types\/product"}],"version-history":[{"count":2,"href":"https:\/\/deccore.com.br\/loja\/wp-json\/wp\/v2\/product\/14240\/revisions"}],"predecessor-version":[{"id":14947,"href":"https:\/\/deccore.com.br\/loja\/wp-json\/wp\/v2\/product\/14240\/revisions\/14947"}],"wp:featuredmedia":[{"embeddable":true,"href":"https:\/\/deccore.com.br\/loja\/wp-json\/wp\/v2\/media\/14241"}],"wp:attachment":[{"href":"https:\/\/deccore.com.br\/loja\/wp-json\/wp\/v2\/media?parent=14240"}],"wp:term":[{"taxonomy":"product_brand","embeddable":true,"href":"https:\/\/deccore.com.br\/loja\/wp-json\/wp\/v2\/product_brand?post=14240"},{"taxonomy":"product_cat","embeddable":true,"href":"https:\/\/deccore.com.br\/loja\/wp-json\/wp\/v2\/product_cat?post=14240"},{"taxonomy":"product_tag","embeddable":true,"href":"https:\/\/deccore.com.br\/loja\/wp-json\/wp\/v2\/product_tag?post=14240"}],"curies":[{"name":"wp","href":"https:\/\/api.w.org\/{rel}","templated":true}]}}