{"id":14260,"date":"2024-03-06T15:58:59","date_gmt":"2024-03-06T15:58:59","guid":{"rendered":"https:\/\/deccore.com.br\/loja\/?post_type=product&#038;p=14260"},"modified":"2024-03-06T15:58:59","modified_gmt":"2024-03-06T15:58:59","slug":"luminaria-de-piso-navi-cupula-madeira-23445","status":"publish","type":"product","link":"https:\/\/deccore.com.br\/loja\/product\/luminaria-de-piso-navi-cupula-madeira-23445\/","title":{"rendered":"LUMIN\u00c1RIA DE PISO NAVI C\u00daPULA MADEIRA &#8211; 23445"},"content":{"rendered":"<p>A Lumin\u00e1ria de Piso Navi possui diversas vers\u00f5es!<br \/>\nSeja com c\u00fapula de palha, tecido ou madeira, nos tons imbuia ou castanho sua impon\u00eancia e eleg\u00e2ncia continua a mesma.<\/p>\n","protected":false},"excerpt":{"rendered":"<p>A Lumin\u00e1ria de Piso Navi possui diversas vers\u00f5es! Seja com c\u00fapula de palha, tecido ou madeira, nos tons imbuia ou castanho sua impon\u00eancia e eleg\u00e2ncia continua a mesma.<\/p>\n","protected":false},"featured_media":14262,"template":"","meta":[],"product_brand":[],"product_cat":[15,99,162,114,77,108,156],"product_tag":[],"class_list":{"0":"post-14260","1":"product","2":"type-product","3":"status-publish","4":"has-post-thumbnail","6":"product_cat-uncategorized","7":"product_cat-abajour","8":"product_cat-abajur","9":"product_cat-complementos","10":"product_cat-luminaria","11":"product_cat-novidade","12":"product_cat-objetos-de-decoracao","14":"first","15":"instock","16":"shipping-taxable","17":"product-type-simple"},"_links":{"self":[{"href":"https:\/\/deccore.com.br\/loja\/wp-json\/wp\/v2\/product\/14260","targetHints":{"allow":["GET"]}}],"collection":[{"href":"https:\/\/deccore.com.br\/loja\/wp-json\/wp\/v2\/product"}],"about":[{"href":"https:\/\/deccore.com.br\/loja\/wp-json\/wp\/v2\/types\/product"}],"version-history":[{"count":2,"href":"https:\/\/deccore.com.br\/loja\/wp-json\/wp\/v2\/product\/14260\/revisions"}],"predecessor-version":[{"id":14265,"href":"https:\/\/deccore.com.br\/loja\/wp-json\/wp\/v2\/product\/14260\/revisions\/14265"}],"wp:featuredmedia":[{"embeddable":true,"href":"https:\/\/deccore.com.br\/loja\/wp-json\/wp\/v2\/media\/14262"}],"wp:attachment":[{"href":"https:\/\/deccore.com.br\/loja\/wp-json\/wp\/v2\/media?parent=14260"}],"wp:term":[{"taxonomy":"product_brand","embeddable":true,"href":"https:\/\/deccore.com.br\/loja\/wp-json\/wp\/v2\/product_brand?post=14260"},{"taxonomy":"product_cat","embeddable":true,"href":"https:\/\/deccore.com.br\/loja\/wp-json\/wp\/v2\/product_cat?post=14260"},{"taxonomy":"product_tag","embeddable":true,"href":"https:\/\/deccore.com.br\/loja\/wp-json\/wp\/v2\/product_tag?post=14260"}],"curies":[{"name":"wp","href":"https:\/\/api.w.org\/{rel}","templated":true}]}}