{"id":14296,"date":"2024-03-08T16:13:36","date_gmt":"2024-03-08T16:13:36","guid":{"rendered":"https:\/\/deccore.com.br\/loja\/?post_type=product&#038;p=14296"},"modified":"2024-10-14T15:14:53","modified_gmt":"2024-10-14T15:14:53","slug":"cadeira-due-encomenda-gtt","status":"publish","type":"product","link":"https:\/\/deccore.com.br\/loja\/product\/cadeira-due-encomenda-gtt\/","title":{"rendered":"CADEIRA DUE &#8211; SOB. ENCOMENDA &#8211; GTT"},"content":{"rendered":"","protected":false},"excerpt":{"rendered":"<p>Cadeira Due apresenta linhas modernas e leves, unindo design e conforto, \u00e9 um mobili\u00e1rio ideal para restaurantes e ambientes corporativos, ela \u00e9 empilh\u00e1vel no qual facilita a movimenta\u00e7\u00e3o para qualquer lugar.<\/p>\n","protected":false},"featured_media":14297,"template":"","meta":[],"product_brand":[],"product_cat":[15,101,62],"product_tag":[],"class_list":{"0":"post-14296","1":"product","2":"type-product","3":"status-publish","4":"has-post-thumbnail","6":"product_cat-uncategorized","7":"product_cat-cadeira","8":"product_cat-cadeiras","10":"first","11":"onbackorder","12":"shipping-taxable","13":"product-type-simple"},"_links":{"self":[{"href":"https:\/\/deccore.com.br\/loja\/wp-json\/wp\/v2\/product\/14296","targetHints":{"allow":["GET"]}}],"collection":[{"href":"https:\/\/deccore.com.br\/loja\/wp-json\/wp\/v2\/product"}],"about":[{"href":"https:\/\/deccore.com.br\/loja\/wp-json\/wp\/v2\/types\/product"}],"version-history":[{"count":2,"href":"https:\/\/deccore.com.br\/loja\/wp-json\/wp\/v2\/product\/14296\/revisions"}],"predecessor-version":[{"id":15647,"href":"https:\/\/deccore.com.br\/loja\/wp-json\/wp\/v2\/product\/14296\/revisions\/15647"}],"wp:featuredmedia":[{"embeddable":true,"href":"https:\/\/deccore.com.br\/loja\/wp-json\/wp\/v2\/media\/14297"}],"wp:attachment":[{"href":"https:\/\/deccore.com.br\/loja\/wp-json\/wp\/v2\/media?parent=14296"}],"wp:term":[{"taxonomy":"product_brand","embeddable":true,"href":"https:\/\/deccore.com.br\/loja\/wp-json\/wp\/v2\/product_brand?post=14296"},{"taxonomy":"product_cat","embeddable":true,"href":"https:\/\/deccore.com.br\/loja\/wp-json\/wp\/v2\/product_cat?post=14296"},{"taxonomy":"product_tag","embeddable":true,"href":"https:\/\/deccore.com.br\/loja\/wp-json\/wp\/v2\/product_tag?post=14296"}],"curies":[{"name":"wp","href":"https:\/\/api.w.org\/{rel}","templated":true}]}}