{"id":14316,"date":"2024-03-08T16:34:25","date_gmt":"2024-03-08T16:34:25","guid":{"rendered":"https:\/\/deccore.com.br\/loja\/?post_type=product&#038;p=14316"},"modified":"2024-10-14T15:13:40","modified_gmt":"2024-10-14T15:13:40","slug":"carro-bar-sila-encomenda-gtt-designer-fabricio-roncca","status":"publish","type":"product","link":"https:\/\/deccore.com.br\/loja\/product\/carro-bar-sila-encomenda-gtt-designer-fabricio-roncca\/","title":{"rendered":"CARRO BAR SILL\u00c1 &#8211; SOB. ENCOMENDA &#8211; GTT &#8211; DESIGNER: FABR\u00cdCIO RONCCA"},"content":{"rendered":"","protected":false},"excerpt":{"rendered":"<div class=\"box-text\">\n<p>O Carro Bar Sill\u00e1 \u00e9 perfeito para compor ambientes modernos e sofisticados. Seu design tem tra\u00e7os de brasilidade que d\u00e3o contrastes sutilmente equilibrados entre o metal e a madeira. A pe\u00e7a \u00e9 assinada pelo designer Fabr\u00edcio Roncca.<\/p>\n<\/div>\n<div class=\"bottom\"><span class=\"info-size\">TAMANHOS DISPON\u00cdVEIS (L x P x A)<br \/>\n120 x 55 x 85<br \/>\n160 x 55 x 85<br \/>\n200 x 55 x 85<br \/>\n<\/span><\/p>\n<div class=\"product-files pt-3\"><\/div>\n<\/div>\n","protected":false},"featured_media":14317,"template":"","meta":[],"product_brand":[],"product_cat":[15,90,89],"product_tag":[],"class_list":{"0":"post-14316","1":"product","2":"type-product","3":"status-publish","4":"has-post-thumbnail","6":"product_cat-uncategorized","7":"product_cat-carrinho-de-cha","8":"product_cat-carro-bar","10":"first","11":"onbackorder","12":"shipping-taxable","13":"product-type-simple"},"_links":{"self":[{"href":"https:\/\/deccore.com.br\/loja\/wp-json\/wp\/v2\/product\/14316","targetHints":{"allow":["GET"]}}],"collection":[{"href":"https:\/\/deccore.com.br\/loja\/wp-json\/wp\/v2\/product"}],"about":[{"href":"https:\/\/deccore.com.br\/loja\/wp-json\/wp\/v2\/types\/product"}],"version-history":[{"count":3,"href":"https:\/\/deccore.com.br\/loja\/wp-json\/wp\/v2\/product\/14316\/revisions"}],"predecessor-version":[{"id":15644,"href":"https:\/\/deccore.com.br\/loja\/wp-json\/wp\/v2\/product\/14316\/revisions\/15644"}],"wp:featuredmedia":[{"embeddable":true,"href":"https:\/\/deccore.com.br\/loja\/wp-json\/wp\/v2\/media\/14317"}],"wp:attachment":[{"href":"https:\/\/deccore.com.br\/loja\/wp-json\/wp\/v2\/media?parent=14316"}],"wp:term":[{"taxonomy":"product_brand","embeddable":true,"href":"https:\/\/deccore.com.br\/loja\/wp-json\/wp\/v2\/product_brand?post=14316"},{"taxonomy":"product_cat","embeddable":true,"href":"https:\/\/deccore.com.br\/loja\/wp-json\/wp\/v2\/product_cat?post=14316"},{"taxonomy":"product_tag","embeddable":true,"href":"https:\/\/deccore.com.br\/loja\/wp-json\/wp\/v2\/product_tag?post=14316"}],"curies":[{"name":"wp","href":"https:\/\/api.w.org\/{rel}","templated":true}]}}