{"id":14333,"date":"2024-03-08T17:01:08","date_gmt":"2024-03-08T17:01:08","guid":{"rendered":"https:\/\/deccore.com.br\/loja\/?post_type=product&#038;p=14333"},"modified":"2024-03-08T17:01:08","modified_gmt":"2024-03-08T17:01:08","slug":"puff-jatoba","status":"publish","type":"product","link":"https:\/\/deccore.com.br\/loja\/product\/puff-jatoba\/","title":{"rendered":"PUFF JATOB\u00c1"},"content":{"rendered":"<p><strong>Puff Salva Jatob\u00e1<\/strong><br \/>\n<strong>Couro 100% leg\u00edtimo<\/strong><br \/>\n<strong>Estrutura:<\/strong>\u00a0Em chapa de madeira compensado de 15mm;<br \/>\n<strong>Caixa do assento:<\/strong>\u00a0Chapa de madeira compensado de 15mm;<br \/>\n<strong>Almofadas do assento:\u00a0<\/strong>Espuma D26 soft e manta fibra siliconizada;<br \/>\n<strong>Softpring:<\/strong>\u00a0Exclusivo sistema americano de aplica\u00e7\u00e3o de molas e dissipadores de energia, que garantem maior conforto e durabilidade.<br \/>\n<strong>Confortplus:<\/strong>\u00a0O que h\u00e1 de mais moderno em termos de produ\u00e7\u00e3o de espuma. Um composto de espumas especiais HCR, cujas c\u00e9lulas el\u00e1sticas e totalmente fechadas complementam a melhor dissipa\u00e7\u00e3o de energia do mercado de estofados, conferindo um conforto inigual\u00e1vel ao sentar. O aumento da vida \u00fatil do estofado tamb\u00e9m \u00e9 um grande destaque desta inova\u00e7\u00e3o.<\/p>\n<p><strong>Medidas:<\/strong><br \/>\n0,48 largura x 0,48\u00a0profundidade x 0,45\u00a0altura<\/p>\n<p>Cuidados recomendados:<br \/>\nManuten\u00e7\u00e3o:<br \/>\n&#8211;\u00a0N\u00e3o expor a pe\u00e7a \u00e0 luz solar direta e fontes de calor;<br \/>\n&#8211;\u00a0N\u00e3o utilizar no couro produtos \u00e0 base de solvente ou qualquer outro agente abrasivo;<br \/>\n&#8211;\u00a0Produtos de limpeza inadequados podem ressecar as fibras e causar danos irrepar\u00e1veis.<br \/>\nLimpeza:<br \/>\n&#8211;\u00a0Resist\u00eancia e durabilidade s\u00e3o qualidades do couro, mas aten\u00e7\u00e3o:<br \/>\n&#8211;\u00a0L\u00edquidos devem ser imediatamente removidos com um pano seco;<br \/>\n&#8211;\u00a0Limpeza regular deve ser feita com pano \u00famido limpo;<br \/>\n&#8211;\u00a0Para sujeiras mais severas, utilizar pano limpo umedecido em \u00e1gua e sab\u00e3o neutro.<\/p>\n","protected":false},"excerpt":{"rendered":"<p>Da magnific\u00eancia da Amaz\u00f4nia aos esparsos campos do cerrado o frondoso Jatob\u00e1 inspira com suas formas arredondadas e irregulares o pufe de mesmo novo. As al\u00e7as decorativas fazem refer\u00eancia ao seu fruto e a costura vivo destaca as linhas da pe\u00e7a.<\/p>\n<table class=\"woocommerce-product-attributes shop_attributes\">\n<tbody>\n<tr class=\"woocommerce-product-attributes-item woocommerce-product-attributes-item--attribute_dimens%c3%b5esm\">\n<th class=\"woocommerce-product-attributes-item__label\">Dimens\u00f5es(m):<\/th>\n<td class=\"woocommerce-product-attributes-item__value\">0,48(D) x 0,45(A)<\/td>\n<\/tr>\n<tr class=\"woocommerce-product-attributes-item woocommerce-product-attributes-item--attribute_materiais-e-acabamentos\">\n<th class=\"woocommerce-product-attributes-item__label\">Materiais e Acabamentos:<\/th>\n<td class=\"woocommerce-product-attributes-item__value\">Revestimento em couro.<\/td>\n<\/tr>\n<\/tbody>\n<\/table>\n","protected":false},"featured_media":14334,"template":"","meta":[],"product_brand":[],"product_cat":[15,109],"product_tag":[],"class_list":{"0":"post-14333","1":"product","2":"type-product","3":"status-publish","4":"has-post-thumbnail","6":"product_cat-uncategorized","7":"product_cat-puff","9":"first","10":"instock","11":"shipping-taxable","12":"product-type-simple"},"_links":{"self":[{"href":"https:\/\/deccore.com.br\/loja\/wp-json\/wp\/v2\/product\/14333","targetHints":{"allow":["GET"]}}],"collection":[{"href":"https:\/\/deccore.com.br\/loja\/wp-json\/wp\/v2\/product"}],"about":[{"href":"https:\/\/deccore.com.br\/loja\/wp-json\/wp\/v2\/types\/product"}],"version-history":[{"count":2,"href":"https:\/\/deccore.com.br\/loja\/wp-json\/wp\/v2\/product\/14333\/revisions"}],"predecessor-version":[{"id":14336,"href":"https:\/\/deccore.com.br\/loja\/wp-json\/wp\/v2\/product\/14333\/revisions\/14336"}],"wp:featuredmedia":[{"embeddable":true,"href":"https:\/\/deccore.com.br\/loja\/wp-json\/wp\/v2\/media\/14334"}],"wp:attachment":[{"href":"https:\/\/deccore.com.br\/loja\/wp-json\/wp\/v2\/media?parent=14333"}],"wp:term":[{"taxonomy":"product_brand","embeddable":true,"href":"https:\/\/deccore.com.br\/loja\/wp-json\/wp\/v2\/product_brand?post=14333"},{"taxonomy":"product_cat","embeddable":true,"href":"https:\/\/deccore.com.br\/loja\/wp-json\/wp\/v2\/product_cat?post=14333"},{"taxonomy":"product_tag","embeddable":true,"href":"https:\/\/deccore.com.br\/loja\/wp-json\/wp\/v2\/product_tag?post=14333"}],"curies":[{"name":"wp","href":"https:\/\/api.w.org\/{rel}","templated":true}]}}