{"id":14375,"date":"2024-03-14T18:23:32","date_gmt":"2024-03-14T18:23:32","guid":{"rendered":"https:\/\/deccore.com.br\/loja\/?post_type=product&#038;p=14375"},"modified":"2024-03-14T18:23:32","modified_gmt":"2024-03-14T18:23:32","slug":"cadeira-elyenai-pronta-entrega","status":"publish","type":"product","link":"https:\/\/deccore.com.br\/loja\/product\/cadeira-elyenai-pronta-entrega\/","title":{"rendered":"CADEIRA ELYENAI &#8211; PRONTA ENTREGA"},"content":{"rendered":"","protected":false},"excerpt":{"rendered":"<p style=\"font-weight: 300;\">Nada como um ambiente agrad\u00e1vel para receber as visitas ou descansar, n\u00e3o \u00e9 mesmo? E a\u00a0<strong style=\"font-weight: 900;\">Cadeira Elyenai<\/strong>, traz mais personalidade \u00e0 decora\u00e7\u00e3o do ambiente, seja na sala de jantar ou sala de estar e at\u00e9 mesmo no escrit\u00f3rio. Al\u00e9m de ser absolutamente confort\u00e1vel, ela deixar\u00e1 o ambiente com um toque sofisticado.<\/p>\n<p style=\"font-weight: 300;\"><strong style=\"font-weight: 900;\">Descri\u00e7\u00e3o:<\/strong><\/p>\n<p style=\"font-weight: 300;\">Estrutura em madeira maci\u00e7a<\/p>\n<p style=\"font-weight: 300;\">Encosto e assento em compensado multilaminado anat\u00f4mico<\/p>\n<p style=\"font-weight: 300;\">Medidas: L 46cm x P 55cm x A 85cm\u00a0 \/ Altura do Assento: 46cm<\/p>\n<p style=\"font-weight: 300;\">Espuma D28 20 mm<\/p>\n<p style=\"font-weight: 300;\">\n","protected":false},"featured_media":14376,"template":"","meta":[],"product_brand":[],"product_cat":[15,101,62],"product_tag":[],"class_list":{"0":"post-14375","1":"product","2":"type-product","3":"status-publish","4":"has-post-thumbnail","6":"product_cat-uncategorized","7":"product_cat-cadeira","8":"product_cat-cadeiras","10":"first","11":"instock","12":"shipping-taxable","13":"product-type-simple"},"_links":{"self":[{"href":"https:\/\/deccore.com.br\/loja\/wp-json\/wp\/v2\/product\/14375","targetHints":{"allow":["GET"]}}],"collection":[{"href":"https:\/\/deccore.com.br\/loja\/wp-json\/wp\/v2\/product"}],"about":[{"href":"https:\/\/deccore.com.br\/loja\/wp-json\/wp\/v2\/types\/product"}],"version-history":[{"count":1,"href":"https:\/\/deccore.com.br\/loja\/wp-json\/wp\/v2\/product\/14375\/revisions"}],"predecessor-version":[{"id":14378,"href":"https:\/\/deccore.com.br\/loja\/wp-json\/wp\/v2\/product\/14375\/revisions\/14378"}],"wp:featuredmedia":[{"embeddable":true,"href":"https:\/\/deccore.com.br\/loja\/wp-json\/wp\/v2\/media\/14376"}],"wp:attachment":[{"href":"https:\/\/deccore.com.br\/loja\/wp-json\/wp\/v2\/media?parent=14375"}],"wp:term":[{"taxonomy":"product_brand","embeddable":true,"href":"https:\/\/deccore.com.br\/loja\/wp-json\/wp\/v2\/product_brand?post=14375"},{"taxonomy":"product_cat","embeddable":true,"href":"https:\/\/deccore.com.br\/loja\/wp-json\/wp\/v2\/product_cat?post=14375"},{"taxonomy":"product_tag","embeddable":true,"href":"https:\/\/deccore.com.br\/loja\/wp-json\/wp\/v2\/product_tag?post=14375"}],"curies":[{"name":"wp","href":"https:\/\/api.w.org\/{rel}","templated":true}]}}