{"id":14380,"date":"2024-03-14T18:35:03","date_gmt":"2024-03-14T18:35:03","guid":{"rendered":"https:\/\/deccore.com.br\/loja\/?post_type=product&#038;p=14380"},"modified":"2024-07-10T16:50:27","modified_gmt":"2024-07-10T16:50:27","slug":"cadeira-elyenai-com-bracos-pronta-entrega","status":"publish","type":"product","link":"https:\/\/deccore.com.br\/loja\/product\/cadeira-elyenai-com-bracos-pronta-entrega\/","title":{"rendered":"CADEIRA ELYENAI COM BRA\u00c7OS &#8211; PRONTA ENTREGA &#8211;"},"content":{"rendered":"","protected":false},"excerpt":{"rendered":"<div><span style=\"color: #424242; font-family: Verdana;\">Apresentando a\u00a0<b>Cadeira Elyenai com Bra\u00e7os<\/b>\u00a0&#8211; Eleg\u00e2ncia e Ergonomia em Perfeita Harmonia!\u00a0<\/span><\/div>\n<div><span style=\"color: #424242; font-family: Verdana;\">\u00a0<\/span><\/div>\n<div><span style=\"color: #424242; font-family: Verdana;\">A Cadeira Elyenai BR \u00e9 uma pe\u00e7a de mobili\u00e1rio que traz a combina\u00e7\u00e3o perfeita entre eleg\u00e2ncia e ergonomia, oferecendo um design atemporal e conforto excepcional. Esta cadeira \u00e9 uma verdadeira harmonia entre estilo e funcionalidade.<\/span><\/div>\n<div><span style=\"color: #424242; font-family: Verdana;\">\u00a0<\/span><\/div>\n<div><span style=\"color: #424242; font-family: Verdana;\"><b>Principais Caracter\u00edsticas:<\/b><\/span><\/div>\n<div><span style=\"color: #424242; font-family: Verdana;\">\u00a0Estrutura em Madeira TAUARI: Durabilidade e um visual encantador.<\/span><\/div>\n<div><span style=\"color: #424242; font-family: Verdana;\">\u00a0Encosto e Assento em Compensado Multilaminado Anat\u00f4mico: Suporte ergon\u00f4mico para uma postura confort\u00e1vel.<\/span><\/div>\n<div><span style=\"color: #424242; font-family: Verdana;\">\u00a0Ergonomia em Destaque: Proporciona conforto excepcional para uso prolongado.<\/span><\/div>\n<div><span style=\"color: #424242; font-family: Verdana;\">\u00a0<\/span><\/div>\n<div><span style=\"color: #424242; font-family: Verdana;\">Ela \u00e9 ideal para complementar sua sala de jantar, \u00e1rea de conv\u00edvio ou ambiente de trabalho, adicionando um toque de sofistica\u00e7\u00e3o e ergonomia.<\/span><\/div>\n<div><span style=\"color: #424242; font-family: Verdana;\">\u00a0<\/span><\/div>\n<div><span style=\"color: #424242; font-family: Verdana;\">Visite nossa loja hoje mesmo e descubra como esta cadeira pode transformar a est\u00e9tica e o conforto do seu ambiente.<\/span><\/div>\n","protected":false},"featured_media":14385,"template":"","meta":[],"product_brand":[],"product_cat":[15,101,62],"product_tag":[],"class_list":{"0":"post-14380","1":"product","2":"type-product","3":"status-publish","4":"has-post-thumbnail","6":"product_cat-uncategorized","7":"product_cat-cadeira","8":"product_cat-cadeiras","10":"first","11":"instock","12":"shipping-taxable","13":"product-type-simple"},"_links":{"self":[{"href":"https:\/\/deccore.com.br\/loja\/wp-json\/wp\/v2\/product\/14380","targetHints":{"allow":["GET"]}}],"collection":[{"href":"https:\/\/deccore.com.br\/loja\/wp-json\/wp\/v2\/product"}],"about":[{"href":"https:\/\/deccore.com.br\/loja\/wp-json\/wp\/v2\/types\/product"}],"version-history":[{"count":3,"href":"https:\/\/deccore.com.br\/loja\/wp-json\/wp\/v2\/product\/14380\/revisions"}],"predecessor-version":[{"id":15111,"href":"https:\/\/deccore.com.br\/loja\/wp-json\/wp\/v2\/product\/14380\/revisions\/15111"}],"wp:featuredmedia":[{"embeddable":true,"href":"https:\/\/deccore.com.br\/loja\/wp-json\/wp\/v2\/media\/14385"}],"wp:attachment":[{"href":"https:\/\/deccore.com.br\/loja\/wp-json\/wp\/v2\/media?parent=14380"}],"wp:term":[{"taxonomy":"product_brand","embeddable":true,"href":"https:\/\/deccore.com.br\/loja\/wp-json\/wp\/v2\/product_brand?post=14380"},{"taxonomy":"product_cat","embeddable":true,"href":"https:\/\/deccore.com.br\/loja\/wp-json\/wp\/v2\/product_cat?post=14380"},{"taxonomy":"product_tag","embeddable":true,"href":"https:\/\/deccore.com.br\/loja\/wp-json\/wp\/v2\/product_tag?post=14380"}],"curies":[{"name":"wp","href":"https:\/\/api.w.org\/{rel}","templated":true}]}}