{"id":14427,"date":"2024-04-03T16:16:19","date_gmt":"2024-04-03T16:16:19","guid":{"rendered":"https:\/\/deccore.com.br\/loja\/?post_type=product&#038;p=14427"},"modified":"2024-04-03T16:16:19","modified_gmt":"2024-04-03T16:16:19","slug":"vaso-david-pronta-entrega","status":"publish","type":"product","link":"https:\/\/deccore.com.br\/loja\/product\/vaso-david-pronta-entrega\/","title":{"rendered":"VASO DAVID &#8211; PRONTA ENTREGA"},"content":{"rendered":"","protected":false},"excerpt":{"rendered":"<p>Vaso feito em resina no formato do busto de David, obra original do artista Michelangelo, na tonalidade branco com efeito de grafite. Adorno cl\u00e1ssico e sofisticado em homenagem a uma das esculturas renascentistas mais famosas do mundo, pode ser utilizado sobre aparadores e estantes. Cria\u00e7\u00e3o desenvolvida por Andr\u00e9s Fernandez e fabricado nacionalmente pela Modali Design.<b>Material:<\/b>\u00a0Resina<br \/>\n<b>Dimens\u00f5es:<\/b>\u00a0Alt: 33cm Larg: 23cm Comp: 16cm<\/p>\n","protected":false},"featured_media":14438,"template":"","meta":[],"product_brand":[],"product_cat":[15,63,157],"product_tag":[],"class_list":{"0":"post-14427","1":"product","2":"type-product","3":"status-publish","4":"has-post-thumbnail","6":"product_cat-uncategorized","7":"product_cat-decoracoes","8":"product_cat-vasos","10":"first","11":"instock","12":"shipping-taxable","13":"product-type-simple"},"_links":{"self":[{"href":"https:\/\/deccore.com.br\/loja\/wp-json\/wp\/v2\/product\/14427","targetHints":{"allow":["GET"]}}],"collection":[{"href":"https:\/\/deccore.com.br\/loja\/wp-json\/wp\/v2\/product"}],"about":[{"href":"https:\/\/deccore.com.br\/loja\/wp-json\/wp\/v2\/types\/product"}],"version-history":[{"count":2,"href":"https:\/\/deccore.com.br\/loja\/wp-json\/wp\/v2\/product\/14427\/revisions"}],"predecessor-version":[{"id":14439,"href":"https:\/\/deccore.com.br\/loja\/wp-json\/wp\/v2\/product\/14427\/revisions\/14439"}],"wp:featuredmedia":[{"embeddable":true,"href":"https:\/\/deccore.com.br\/loja\/wp-json\/wp\/v2\/media\/14438"}],"wp:attachment":[{"href":"https:\/\/deccore.com.br\/loja\/wp-json\/wp\/v2\/media?parent=14427"}],"wp:term":[{"taxonomy":"product_brand","embeddable":true,"href":"https:\/\/deccore.com.br\/loja\/wp-json\/wp\/v2\/product_brand?post=14427"},{"taxonomy":"product_cat","embeddable":true,"href":"https:\/\/deccore.com.br\/loja\/wp-json\/wp\/v2\/product_cat?post=14427"},{"taxonomy":"product_tag","embeddable":true,"href":"https:\/\/deccore.com.br\/loja\/wp-json\/wp\/v2\/product_tag?post=14427"}],"curies":[{"name":"wp","href":"https:\/\/api.w.org\/{rel}","templated":true}]}}