{"id":14457,"date":"2024-04-04T17:36:40","date_gmt":"2024-04-04T17:36:40","guid":{"rendered":"https:\/\/deccore.com.br\/loja\/?post_type=product&#038;p=14457"},"modified":"2024-04-04T17:36:40","modified_gmt":"2024-04-04T17:36:40","slug":"jogo-xadrez-a-pronta-entrega","status":"publish","type":"product","link":"https:\/\/deccore.com.br\/loja\/product\/jogo-xadrez-a-pronta-entrega\/","title":{"rendered":"JOGO XADREZ &#8211; \u00c0 PRONTA ENTREGA"},"content":{"rendered":"","protected":false},"excerpt":{"rendered":"<p>Inspiradas no jogo, em madeira mouracatiara, permitem variadas composi\u00e7\u00f5es. A ideia de cria\u00e7\u00e3o se refere \u00e0s diferentes interpreta\u00e7\u00f5es, afinal, a arte \u00e9 vista de diferentes maneiras pelas pessoas. A mesma pe\u00e7a pode ser classificada tomando por base a original, de formas diferentes. Onde um v\u00ea a rainha, outro v\u00ea o bispo\u2026<\/p>\n","protected":false},"featured_media":14458,"template":"","meta":[],"product_brand":[],"product_cat":[15,114,63,156,93],"product_tag":[],"class_list":{"0":"post-14457","1":"product","2":"type-product","3":"status-publish","4":"has-post-thumbnail","6":"product_cat-uncategorized","7":"product_cat-complementos","8":"product_cat-decoracoes","9":"product_cat-objetos-de-decoracao","10":"product_cat-obras-de-arte","12":"first","13":"instock","14":"shipping-taxable","15":"product-type-simple"},"_links":{"self":[{"href":"https:\/\/deccore.com.br\/loja\/wp-json\/wp\/v2\/product\/14457","targetHints":{"allow":["GET"]}}],"collection":[{"href":"https:\/\/deccore.com.br\/loja\/wp-json\/wp\/v2\/product"}],"about":[{"href":"https:\/\/deccore.com.br\/loja\/wp-json\/wp\/v2\/types\/product"}],"version-history":[{"count":2,"href":"https:\/\/deccore.com.br\/loja\/wp-json\/wp\/v2\/product\/14457\/revisions"}],"predecessor-version":[{"id":14460,"href":"https:\/\/deccore.com.br\/loja\/wp-json\/wp\/v2\/product\/14457\/revisions\/14460"}],"wp:featuredmedia":[{"embeddable":true,"href":"https:\/\/deccore.com.br\/loja\/wp-json\/wp\/v2\/media\/14458"}],"wp:attachment":[{"href":"https:\/\/deccore.com.br\/loja\/wp-json\/wp\/v2\/media?parent=14457"}],"wp:term":[{"taxonomy":"product_brand","embeddable":true,"href":"https:\/\/deccore.com.br\/loja\/wp-json\/wp\/v2\/product_brand?post=14457"},{"taxonomy":"product_cat","embeddable":true,"href":"https:\/\/deccore.com.br\/loja\/wp-json\/wp\/v2\/product_cat?post=14457"},{"taxonomy":"product_tag","embeddable":true,"href":"https:\/\/deccore.com.br\/loja\/wp-json\/wp\/v2\/product_tag?post=14457"}],"curies":[{"name":"wp","href":"https:\/\/api.w.org\/{rel}","templated":true}]}}