{"id":14482,"date":"2024-04-09T19:49:52","date_gmt":"2024-04-09T19:49:52","guid":{"rendered":"https:\/\/deccore.com.br\/loja\/?post_type=product&#038;p=14482"},"modified":"2026-03-24T14:06:41","modified_gmt":"2026-03-24T14:06:41","slug":"mesa-lateral-kaida-lazz-pronta-entrega","status":"publish","type":"product","link":"https:\/\/deccore.com.br\/loja\/product\/mesa-lateral-kaida-lazz-pronta-entrega\/","title":{"rendered":"MESA LATERAL KAIDA &#8211; LAZZ &#8211;"},"content":{"rendered":"","protected":false},"excerpt":{"rendered":"<p>Mesa com base multilaminada tingida ou laca e tampo em madeira maci\u00e7a\u00a0com borda em padr\u00e3o pedra de rio ou laca lisa. A mesa ideal par compor e decorar o seu ambiente.<\/p>\n<p>Todas as op\u00e7\u00f5es de acabamentos est\u00e3o dispon\u00edveis para consulta ao realizar o or\u00e7amento.<\/p>\n<p><b>Dimens\u00f5es (Ax\u00d8):<\/b><\/p>\n<p><b>P:\u00a0<\/b>50x40cm.<\/p>\n<p><b>M:\u00a0<\/b>60x50cm.<\/p>\n<p><b>G:\u00a0<\/b>60x60cm.<\/p>\n","protected":false},"featured_media":14483,"template":"","meta":[],"product_brand":[],"product_cat":[15,71,95],"product_tag":[],"class_list":{"0":"post-14482","1":"product","2":"type-product","3":"status-publish","4":"has-post-thumbnail","6":"product_cat-uncategorized","7":"product_cat-mesa-de-apoio","8":"product_cat-mesa-lateral","10":"first","11":"instock","12":"shipping-taxable","13":"product-type-simple"},"_links":{"self":[{"href":"https:\/\/deccore.com.br\/loja\/wp-json\/wp\/v2\/product\/14482","targetHints":{"allow":["GET"]}}],"collection":[{"href":"https:\/\/deccore.com.br\/loja\/wp-json\/wp\/v2\/product"}],"about":[{"href":"https:\/\/deccore.com.br\/loja\/wp-json\/wp\/v2\/types\/product"}],"version-history":[{"count":2,"href":"https:\/\/deccore.com.br\/loja\/wp-json\/wp\/v2\/product\/14482\/revisions"}],"predecessor-version":[{"id":16411,"href":"https:\/\/deccore.com.br\/loja\/wp-json\/wp\/v2\/product\/14482\/revisions\/16411"}],"wp:featuredmedia":[{"embeddable":true,"href":"https:\/\/deccore.com.br\/loja\/wp-json\/wp\/v2\/media\/14483"}],"wp:attachment":[{"href":"https:\/\/deccore.com.br\/loja\/wp-json\/wp\/v2\/media?parent=14482"}],"wp:term":[{"taxonomy":"product_brand","embeddable":true,"href":"https:\/\/deccore.com.br\/loja\/wp-json\/wp\/v2\/product_brand?post=14482"},{"taxonomy":"product_cat","embeddable":true,"href":"https:\/\/deccore.com.br\/loja\/wp-json\/wp\/v2\/product_cat?post=14482"},{"taxonomy":"product_tag","embeddable":true,"href":"https:\/\/deccore.com.br\/loja\/wp-json\/wp\/v2\/product_tag?post=14482"}],"curies":[{"name":"wp","href":"https:\/\/api.w.org\/{rel}","templated":true}]}}