{"id":14491,"date":"2024-04-10T16:20:32","date_gmt":"2024-04-10T16:20:32","guid":{"rendered":"https:\/\/deccore.com.br\/loja\/?post_type=product&#038;p=14491"},"modified":"2026-02-27T19:41:05","modified_gmt":"2026-02-27T19:41:05","slug":"buffet-sal-novidade-na-deccore-home-designer-larissa-diegoli","status":"publish","type":"product","link":"https:\/\/deccore.com.br\/loja\/product\/buffet-sal-novidade-na-deccore-home-designer-larissa-diegoli\/","title":{"rendered":"BUFFET SAL  &#8211; ENCOMENDA- DESIGNER: LARISSA DIEGOLI"},"content":{"rendered":"<p>MEDIDAS DISPON\u00cdVEIS POR ENCOMENDA:<\/p>\n<p>2.00 &#8211; 2.20 e 2.40<\/p>\n<p>V\u00c1RIAS OP\u00c7\u00d5ES DE ACABAMENTOS.<\/p>\n","protected":false},"excerpt":{"rendered":"<p>MEDIDAS DISPON\u00cdVEIS POR ENCOMENDA: 2.00 &#8211; 2.20 e 2.40 V\u00c1RIAS OP\u00c7\u00d5ES DE ACABAMENTOS.<\/p>\n","protected":false},"featured_media":14494,"template":"","meta":[],"product_brand":[],"product_cat":[15,66,108],"product_tag":[],"class_list":{"0":"post-14491","1":"product","2":"type-product","3":"status-publish","4":"has-post-thumbnail","6":"product_cat-uncategorized","7":"product_cat-buffet","8":"product_cat-novidade","10":"first","11":"instock","12":"shipping-taxable","13":"product-type-simple"},"_links":{"self":[{"href":"https:\/\/deccore.com.br\/loja\/wp-json\/wp\/v2\/product\/14491","targetHints":{"allow":["GET"]}}],"collection":[{"href":"https:\/\/deccore.com.br\/loja\/wp-json\/wp\/v2\/product"}],"about":[{"href":"https:\/\/deccore.com.br\/loja\/wp-json\/wp\/v2\/types\/product"}],"version-history":[{"count":3,"href":"https:\/\/deccore.com.br\/loja\/wp-json\/wp\/v2\/product\/14491\/revisions"}],"predecessor-version":[{"id":16250,"href":"https:\/\/deccore.com.br\/loja\/wp-json\/wp\/v2\/product\/14491\/revisions\/16250"}],"wp:featuredmedia":[{"embeddable":true,"href":"https:\/\/deccore.com.br\/loja\/wp-json\/wp\/v2\/media\/14494"}],"wp:attachment":[{"href":"https:\/\/deccore.com.br\/loja\/wp-json\/wp\/v2\/media?parent=14491"}],"wp:term":[{"taxonomy":"product_brand","embeddable":true,"href":"https:\/\/deccore.com.br\/loja\/wp-json\/wp\/v2\/product_brand?post=14491"},{"taxonomy":"product_cat","embeddable":true,"href":"https:\/\/deccore.com.br\/loja\/wp-json\/wp\/v2\/product_cat?post=14491"},{"taxonomy":"product_tag","embeddable":true,"href":"https:\/\/deccore.com.br\/loja\/wp-json\/wp\/v2\/product_tag?post=14491"}],"curies":[{"name":"wp","href":"https:\/\/api.w.org\/{rel}","templated":true}]}}