{"id":14604,"date":"2024-04-22T16:25:59","date_gmt":"2024-04-22T16:25:59","guid":{"rendered":"https:\/\/deccore.com.br\/loja\/?post_type=product&#038;p=14604"},"modified":"2024-04-22T16:25:59","modified_gmt":"2024-04-22T16:25:59","slug":"banco-ray-23530-pronta-entrega","status":"publish","type":"product","link":"https:\/\/deccore.com.br\/loja\/product\/banco-ray-23530-pronta-entrega\/","title":{"rendered":"BANCO RAY &#8211; 23530 &#8211; PRONTA ENTREGA &#8211;"},"content":{"rendered":"<p>1.90X0.50X0.38<\/p>\n<p>TAMPO L\u00c2MINA FREIJ\u00d3.<\/p>\n<p>P\u00c9S MADEIRA MACI\u00c7A TAUARI.<\/p>\n","protected":false},"excerpt":{"rendered":"<p>1.90X0.50X0.38 TAMPO L\u00c2MINA FREIJ\u00d3. P\u00c9S MADEIRA MACI\u00c7A TAUARI.<\/p>\n","protected":false},"featured_media":14605,"template":"","meta":[],"product_brand":[],"product_cat":[15,74,108],"product_tag":[],"class_list":{"0":"post-14604","1":"product","2":"type-product","3":"status-publish","4":"has-post-thumbnail","6":"product_cat-uncategorized","7":"product_cat-banco","8":"product_cat-novidade","10":"first","11":"instock","12":"shipping-taxable","13":"product-type-simple"},"_links":{"self":[{"href":"https:\/\/deccore.com.br\/loja\/wp-json\/wp\/v2\/product\/14604","targetHints":{"allow":["GET"]}}],"collection":[{"href":"https:\/\/deccore.com.br\/loja\/wp-json\/wp\/v2\/product"}],"about":[{"href":"https:\/\/deccore.com.br\/loja\/wp-json\/wp\/v2\/types\/product"}],"version-history":[{"count":2,"href":"https:\/\/deccore.com.br\/loja\/wp-json\/wp\/v2\/product\/14604\/revisions"}],"predecessor-version":[{"id":14608,"href":"https:\/\/deccore.com.br\/loja\/wp-json\/wp\/v2\/product\/14604\/revisions\/14608"}],"wp:featuredmedia":[{"embeddable":true,"href":"https:\/\/deccore.com.br\/loja\/wp-json\/wp\/v2\/media\/14605"}],"wp:attachment":[{"href":"https:\/\/deccore.com.br\/loja\/wp-json\/wp\/v2\/media?parent=14604"}],"wp:term":[{"taxonomy":"product_brand","embeddable":true,"href":"https:\/\/deccore.com.br\/loja\/wp-json\/wp\/v2\/product_brand?post=14604"},{"taxonomy":"product_cat","embeddable":true,"href":"https:\/\/deccore.com.br\/loja\/wp-json\/wp\/v2\/product_cat?post=14604"},{"taxonomy":"product_tag","embeddable":true,"href":"https:\/\/deccore.com.br\/loja\/wp-json\/wp\/v2\/product_tag?post=14604"}],"curies":[{"name":"wp","href":"https:\/\/api.w.org\/{rel}","templated":true}]}}