{"id":14621,"date":"2024-04-24T16:25:05","date_gmt":"2024-04-24T16:25:05","guid":{"rendered":"https:\/\/deccore.com.br\/loja\/?post_type=product&#038;p=14621"},"modified":"2024-10-14T14:52:05","modified_gmt":"2024-10-14T14:52:05","slug":"oleo-sobre-tela-artista-alexandre-rodrigues-medidas-2-00x1-00-60-de-desconto-a-vista","status":"publish","type":"product","link":"https:\/\/deccore.com.br\/loja\/product\/oleo-sobre-tela-artista-alexandre-rodrigues-medidas-2-00x1-00-60-de-desconto-a-vista\/","title":{"rendered":"\u00d3LEO SOBRE TELA &#8211; ARTISTA: ALEXANDRE RODRIGUES &#8211; MEDIDAS: 2.00X1.00 &#8211; 60% DE DESCONTO \u00c0 VISTA."},"content":{"rendered":"","protected":false},"excerpt":{"rendered":"<p>PE\u00c7A \u00daNICA COM 60% DE DESCONTO \u00c0 VISTA.<\/p>\n","protected":false},"featured_media":14622,"template":"","meta":[],"product_brand":[],"product_cat":[15,63,166,156,93,59,82,92],"product_tag":[],"class_list":{"0":"post-14621","1":"product","2":"type-product","3":"status-publish","4":"has-post-thumbnail","6":"product_cat-uncategorized","7":"product_cat-decoracoes","8":"product_cat-dia-das-maes","9":"product_cat-objetos-de-decoracao","10":"product_cat-obras-de-arte","11":"product_cat-outlet","12":"product_cat-quadros","13":"product_cat-telas","15":"first","16":"instock","17":"shipping-taxable","18":"product-type-simple"},"_links":{"self":[{"href":"https:\/\/deccore.com.br\/loja\/wp-json\/wp\/v2\/product\/14621","targetHints":{"allow":["GET"]}}],"collection":[{"href":"https:\/\/deccore.com.br\/loja\/wp-json\/wp\/v2\/product"}],"about":[{"href":"https:\/\/deccore.com.br\/loja\/wp-json\/wp\/v2\/types\/product"}],"version-history":[{"count":2,"href":"https:\/\/deccore.com.br\/loja\/wp-json\/wp\/v2\/product\/14621\/revisions"}],"predecessor-version":[{"id":14624,"href":"https:\/\/deccore.com.br\/loja\/wp-json\/wp\/v2\/product\/14621\/revisions\/14624"}],"wp:featuredmedia":[{"embeddable":true,"href":"https:\/\/deccore.com.br\/loja\/wp-json\/wp\/v2\/media\/14622"}],"wp:attachment":[{"href":"https:\/\/deccore.com.br\/loja\/wp-json\/wp\/v2\/media?parent=14621"}],"wp:term":[{"taxonomy":"product_brand","embeddable":true,"href":"https:\/\/deccore.com.br\/loja\/wp-json\/wp\/v2\/product_brand?post=14621"},{"taxonomy":"product_cat","embeddable":true,"href":"https:\/\/deccore.com.br\/loja\/wp-json\/wp\/v2\/product_cat?post=14621"},{"taxonomy":"product_tag","embeddable":true,"href":"https:\/\/deccore.com.br\/loja\/wp-json\/wp\/v2\/product_tag?post=14621"}],"curies":[{"name":"wp","href":"https:\/\/api.w.org\/{rel}","templated":true}]}}