{"id":14645,"date":"2024-05-02T14:03:18","date_gmt":"2024-05-02T14:03:18","guid":{"rendered":"https:\/\/deccore.com.br\/loja\/?post_type=product&#038;p=14645"},"modified":"2024-05-02T14:03:18","modified_gmt":"2024-05-02T14:03:18","slug":"sofa-maracatu-novidade-na-deccore-home-pronta-entrega","status":"publish","type":"product","link":"https:\/\/deccore.com.br\/loja\/product\/sofa-maracatu-novidade-na-deccore-home-pronta-entrega\/","title":{"rendered":"SOF\u00c1 MARACATU &#8211; NOVIDADE NA DECCORE HOME &#8211; PRONTA ENTREGA &#8211;"},"content":{"rendered":"<p><iframe title=\"SOF\u00c1 MARACATU\" width=\"600\" height=\"338\" src=\"https:\/\/www.youtube.com\/embed\/fb1_4II-xJQ?feature=oembed\" frameborder=\"0\" allow=\"accelerometer; autoplay; clipboard-write; encrypted-media; gyroscope; picture-in-picture; web-share\" referrerpolicy=\"strict-origin-when-cross-origin\" allowfullscreen><\/iframe><\/p>\n","protected":false},"excerpt":{"rendered":"<p>DESIGNER: DANIELA FERRO<\/p>\n<p>Maracatu, \u00e9 uma express\u00e3o genuinamente brasileira que une pessoas em uma celebra\u00e7\u00e3o<br \/>\nalegre e vibrante com dan\u00e7a e m\u00fasica. Essa energia \u00e9 incorporada ao sof\u00e1, que leva o mesmo<br \/>\nnome, por meio de formas que trazem movimento, leveza e design casual. O assento suspenso<br \/>\npor p\u00e9s em madeira que tocam levemente o ch\u00e3o e os bra\u00e7os s\u00e3o o prolongamento do encosto<br \/>\nem um movimento fluido, como o que ocorre no toque dos instrumentos em ritmo com a<br \/>\ndan\u00e7a no maracatu. A presen\u00e7a das almofadas soltas no encosto garante maior comodidade e<br \/>\nliberdade ao sentar-se. Conforto, leveza e personalidade marcam o design de Daniela Ferro,<br \/>\npara o encantador sof\u00e1 Maracatu<\/p>\n<p>V\u00c1RIAS OP\u00c7\u00d5ES DE MEDIDAS E REVESTIMENTOS POR ENCOMENDA.<\/p>\n","protected":false},"featured_media":14646,"template":"","meta":[],"product_brand":[],"product_cat":[15,166,85,108,65],"product_tag":[],"class_list":{"0":"post-14645","1":"product","2":"type-product","3":"status-publish","4":"has-post-thumbnail","6":"product_cat-uncategorized","7":"product_cat-dia-das-maes","8":"product_cat-estofados","9":"product_cat-novidade","10":"product_cat-sofas-2","12":"first","13":"instock","14":"shipping-taxable","15":"product-type-simple"},"_links":{"self":[{"href":"https:\/\/deccore.com.br\/loja\/wp-json\/wp\/v2\/product\/14645","targetHints":{"allow":["GET"]}}],"collection":[{"href":"https:\/\/deccore.com.br\/loja\/wp-json\/wp\/v2\/product"}],"about":[{"href":"https:\/\/deccore.com.br\/loja\/wp-json\/wp\/v2\/types\/product"}],"version-history":[{"count":2,"href":"https:\/\/deccore.com.br\/loja\/wp-json\/wp\/v2\/product\/14645\/revisions"}],"predecessor-version":[{"id":14651,"href":"https:\/\/deccore.com.br\/loja\/wp-json\/wp\/v2\/product\/14645\/revisions\/14651"}],"wp:featuredmedia":[{"embeddable":true,"href":"https:\/\/deccore.com.br\/loja\/wp-json\/wp\/v2\/media\/14646"}],"wp:attachment":[{"href":"https:\/\/deccore.com.br\/loja\/wp-json\/wp\/v2\/media?parent=14645"}],"wp:term":[{"taxonomy":"product_brand","embeddable":true,"href":"https:\/\/deccore.com.br\/loja\/wp-json\/wp\/v2\/product_brand?post=14645"},{"taxonomy":"product_cat","embeddable":true,"href":"https:\/\/deccore.com.br\/loja\/wp-json\/wp\/v2\/product_cat?post=14645"},{"taxonomy":"product_tag","embeddable":true,"href":"https:\/\/deccore.com.br\/loja\/wp-json\/wp\/v2\/product_tag?post=14645"}],"curies":[{"name":"wp","href":"https:\/\/api.w.org\/{rel}","templated":true}]}}