{"id":14666,"date":"2024-05-03T18:23:49","date_gmt":"2024-05-03T18:23:49","guid":{"rendered":"https:\/\/deccore.com.br\/loja\/?post_type=product&#038;p=14666"},"modified":"2024-05-03T18:35:32","modified_gmt":"2024-05-03T18:35:32","slug":"poltrona-galapagos-100-couro-natural","status":"publish","type":"product","link":"https:\/\/deccore.com.br\/loja\/product\/poltrona-galapagos-100-couro-natural\/","title":{"rendered":"POLTRONA GAL\u00c1PAGOS &#8211; 100% COURO NATURAL &#8211;"},"content":{"rendered":"<p><img decoding=\"async\" class=\"alignnone size-medium wp-image-14674\" src=\"https:\/\/deccore.com.br\/loja\/wp-content\/uploads\/2024\/05\/GALAPAGOS-MEDIDAS-300x125.jpg\" alt=\"\" width=\"300\" height=\"125\" srcset=\"https:\/\/deccore.com.br\/loja\/wp-content\/uploads\/2024\/05\/GALAPAGOS-MEDIDAS-300x125.jpg 300w, https:\/\/deccore.com.br\/loja\/wp-content\/uploads\/2024\/05\/GALAPAGOS-MEDIDAS-600x250.jpg 600w, https:\/\/deccore.com.br\/loja\/wp-content\/uploads\/2024\/05\/GALAPAGOS-MEDIDAS-400x167.jpg 400w, https:\/\/deccore.com.br\/loja\/wp-content\/uploads\/2024\/05\/GALAPAGOS-MEDIDAS.jpg 747w\" sizes=\"(max-width: 300px) 100vw, 300px\" \/><\/p>\n<p><iframe title=\"Salva: ess\u00eancia do fazer \u00e0 m\u00e3o aliado ao melhor do design brasileiro\" width=\"600\" height=\"338\" src=\"https:\/\/www.youtube.com\/embed\/eXXdelCZRJM?feature=oembed\" frameborder=\"0\" allow=\"accelerometer; autoplay; clipboard-write; encrypted-media; gyroscope; picture-in-picture; web-share\" referrerpolicy=\"strict-origin-when-cross-origin\" allowfullscreen><\/iframe><\/p>\n","protected":false},"excerpt":{"rendered":"<p>DESIGNER: FABRICIO RONCA.<\/p>\n<p>V\u00c1RIAS OP\u00c7\u00d5ES DE CORES POR ENCOMENDA.<\/p>\n<div class=\"tit\">Inspira\u00e7\u00e3o, conforto, inova\u00e7\u00e3o e qualidade aliados para proporcionar beleza e estilo ao seu ambiente traduzem o que n\u00f3s pensamos ao elaborar os produtos Salva.<\/div>\n<div class=\"descricao\">Ao adquirir nossos produtos voc\u00ea est\u00e1 conectando-se a uma empresa em constante sintonia com as tend\u00eancias mundiais e atuante com responsabilidade social e ecol\u00f3gica em seus processos de fabrica\u00e7\u00e3o. Al\u00e9m disso, estamos sempre dispostos a propor solu\u00e7\u00f5es eficazes para todas as pessoas, de todos os estilos.<\/div>\n","protected":false},"featured_media":14667,"template":"","meta":[],"product_brand":[],"product_cat":[15,166,108,64],"product_tag":[],"class_list":{"0":"post-14666","1":"product","2":"type-product","3":"status-publish","4":"has-post-thumbnail","6":"product_cat-uncategorized","7":"product_cat-dia-das-maes","8":"product_cat-novidade","9":"product_cat-poltronas","11":"first","12":"instock","13":"shipping-taxable","14":"product-type-simple"},"_links":{"self":[{"href":"https:\/\/deccore.com.br\/loja\/wp-json\/wp\/v2\/product\/14666","targetHints":{"allow":["GET"]}}],"collection":[{"href":"https:\/\/deccore.com.br\/loja\/wp-json\/wp\/v2\/product"}],"about":[{"href":"https:\/\/deccore.com.br\/loja\/wp-json\/wp\/v2\/types\/product"}],"version-history":[{"count":10,"href":"https:\/\/deccore.com.br\/loja\/wp-json\/wp\/v2\/product\/14666\/revisions"}],"predecessor-version":[{"id":14676,"href":"https:\/\/deccore.com.br\/loja\/wp-json\/wp\/v2\/product\/14666\/revisions\/14676"}],"wp:featuredmedia":[{"embeddable":true,"href":"https:\/\/deccore.com.br\/loja\/wp-json\/wp\/v2\/media\/14667"}],"wp:attachment":[{"href":"https:\/\/deccore.com.br\/loja\/wp-json\/wp\/v2\/media?parent=14666"}],"wp:term":[{"taxonomy":"product_brand","embeddable":true,"href":"https:\/\/deccore.com.br\/loja\/wp-json\/wp\/v2\/product_brand?post=14666"},{"taxonomy":"product_cat","embeddable":true,"href":"https:\/\/deccore.com.br\/loja\/wp-json\/wp\/v2\/product_cat?post=14666"},{"taxonomy":"product_tag","embeddable":true,"href":"https:\/\/deccore.com.br\/loja\/wp-json\/wp\/v2\/product_tag?post=14666"}],"curies":[{"name":"wp","href":"https:\/\/api.w.org\/{rel}","templated":true}]}}