{"id":14723,"date":"2024-05-13T17:30:39","date_gmt":"2024-05-13T17:30:39","guid":{"rendered":"https:\/\/deccore.com.br\/loja\/?post_type=product&#038;p=14723"},"modified":"2024-10-14T14:46:13","modified_gmt":"2024-10-14T14:46:13","slug":"aa-sofa-romeo-medida-2-30-oprtunidade-encomenda","status":"publish","type":"product","link":"https:\/\/deccore.com.br\/loja\/product\/aa-sofa-romeo-medida-2-30-oprtunidade-encomenda\/","title":{"rendered":"SOF\u00c1 ROMEO MEDIDA 2.30 &#8211; SOB. ENCOMENDA &#8211;"},"content":{"rendered":"","protected":false},"excerpt":{"rendered":"<p>100% COURO NATURAL<\/p>\n<p>V\u00c1RIAS OP\u00c7\u00d5ES DE CORES POR ENCOMENDA.<\/p>\n","protected":false},"featured_media":14845,"template":"","meta":[],"product_brand":[],"product_cat":[15,85,65],"product_tag":[],"class_list":{"0":"post-14723","1":"product","2":"type-product","3":"status-publish","4":"has-post-thumbnail","6":"product_cat-uncategorized","7":"product_cat-estofados","8":"product_cat-sofas-2","10":"first","11":"onbackorder","12":"shipping-taxable","13":"product-type-simple"},"_links":{"self":[{"href":"https:\/\/deccore.com.br\/loja\/wp-json\/wp\/v2\/product\/14723","targetHints":{"allow":["GET"]}}],"collection":[{"href":"https:\/\/deccore.com.br\/loja\/wp-json\/wp\/v2\/product"}],"about":[{"href":"https:\/\/deccore.com.br\/loja\/wp-json\/wp\/v2\/types\/product"}],"version-history":[{"count":4,"href":"https:\/\/deccore.com.br\/loja\/wp-json\/wp\/v2\/product\/14723\/revisions"}],"predecessor-version":[{"id":15634,"href":"https:\/\/deccore.com.br\/loja\/wp-json\/wp\/v2\/product\/14723\/revisions\/15634"}],"wp:featuredmedia":[{"embeddable":true,"href":"https:\/\/deccore.com.br\/loja\/wp-json\/wp\/v2\/media\/14845"}],"wp:attachment":[{"href":"https:\/\/deccore.com.br\/loja\/wp-json\/wp\/v2\/media?parent=14723"}],"wp:term":[{"taxonomy":"product_brand","embeddable":true,"href":"https:\/\/deccore.com.br\/loja\/wp-json\/wp\/v2\/product_brand?post=14723"},{"taxonomy":"product_cat","embeddable":true,"href":"https:\/\/deccore.com.br\/loja\/wp-json\/wp\/v2\/product_cat?post=14723"},{"taxonomy":"product_tag","embeddable":true,"href":"https:\/\/deccore.com.br\/loja\/wp-json\/wp\/v2\/product_tag?post=14723"}],"curies":[{"name":"wp","href":"https:\/\/api.w.org\/{rel}","templated":true}]}}