{"id":14760,"date":"2024-05-16T16:27:12","date_gmt":"2024-05-16T16:27:12","guid":{"rendered":"https:\/\/deccore.com.br\/loja\/?post_type=product&#038;p=14760"},"modified":"2024-05-21T16:20:48","modified_gmt":"2024-05-21T16:20:48","slug":"poltrona-mendoza-pronta-entrega","status":"publish","type":"product","link":"https:\/\/deccore.com.br\/loja\/product\/poltrona-mendoza-pronta-entrega\/","title":{"rendered":"POLTRONA MENDOZA &#8211; PRONTA ENTREGA &#8211;"},"content":{"rendered":"","protected":false},"excerpt":{"rendered":"<ul>\n<li>\n<h6>COMFORTPLUS<\/h6>\n<div>Usamos o que h\u00e1 de mais moderno em termos de produ\u00e7\u00e3o de espuma: espumas HCR, cujas c\u00e9lulas el\u00e1sticas e totalmente fechadas complementam melhor dissipa\u00e7\u00e3o de energia, conferindo conforto inigual\u00e1vel ao sentar.<\/div>\n<\/li>\n<li><strong>Poltrona Mendoza<\/strong><br \/>\nCouro 100% leg\u00edtimo.<br \/>\n<strong>Estrutura:<\/strong>\u00a0Em madeira de reflorestamento Eucalipto, Multilaminado de 18mm;<br \/>\n<strong>Caixa de assento:<\/strong>\u00a0Em madeira de reflorestamento Eucalipto, Multilaminado de 18mm e percintas;<br \/>\n<strong>Caixa de encosto:<\/strong>\u00a0Em madeira de reflorestamento Eucalipto, Multilaminado de 18mm;<br \/>\n<strong>Almofadas de assento:<\/strong>\u00a0Almofada fixa, espuma D45 soft, D35 soft e manta fibra siliconizada;<br \/>\n<strong>Almofadas de encosto:<\/strong>\u00a0Almofada fixa, espuma D26 soft e manta fibra siliconizada;<\/p>\n<div><strong>Medidas:<\/strong><br \/>\n0,85\u00a0largura x 0,85 profundidade x 0,73\u00a0altura\n<\/div>\n<div>\n<p>Cuidados recomendados:<br \/>\nManuten\u00e7\u00e3o:<br \/>\n&#8211;\u00a0N\u00e3o expor a pe\u00e7a \u00e0 luz solar direta e fontes de calor;<br \/>\n&#8211;\u00a0N\u00e3o utilizar no couro produtos \u00e0 base de solvente ou qualquer outro agente abrasivo;<br \/>\n&#8211;\u00a0Produtos de limpeza inadequados podem ressecar as fibras e causar danos irrepar\u00e1veis.<br \/>\nLimpeza:<br \/>\n&#8211;\u00a0Resist\u00eancia e durabilidade s\u00e3o qualidades do couro, mas aten\u00e7\u00e3o:<br \/>\n&#8211;\u00a0L\u00edquidos devem ser imediatamente removidos com um pano seco;<br \/>\n&#8211;\u00a0Limpeza regular deve ser feita com pano \u00famido limpo;<br \/>\n&#8211;\u00a0Para sujeiras mais severas, utilizar pano limpo umedecido em \u00e1gua e sab\u00e3o neutro.<br \/>\n<strong>Imagens meramente ilustrativas.<\/strong><\/p>\n<\/div>\n<p>&nbsp;<\/li>\n<li><span class=\"produto-caracteristica-legenda-imagem align-items-center\"><img decoding=\"async\" src=\"https:\/\/www.minuanodecor.com.br\/upload\/site_produtocaracteristica\/2.png\" alt=\"SOFTSPRING\" \/><\/span><br \/>\n<h6>SOFTSPRING<\/h6>\n<div>Exclusivo sistema de aplica\u00e7\u00e3o de molas e dissipadores de energia, que garante maior conforto e durabilidade aos produtos.<\/div>\n<\/li>\n<\/ul>\n","protected":false},"featured_media":14761,"template":"","meta":[],"product_brand":[],"product_cat":[15,108,64],"product_tag":[],"class_list":{"0":"post-14760","1":"product","2":"type-product","3":"status-publish","4":"has-post-thumbnail","6":"product_cat-uncategorized","7":"product_cat-novidade","8":"product_cat-poltronas","10":"first","11":"instock","12":"shipping-taxable","13":"product-type-simple"},"_links":{"self":[{"href":"https:\/\/deccore.com.br\/loja\/wp-json\/wp\/v2\/product\/14760","targetHints":{"allow":["GET"]}}],"collection":[{"href":"https:\/\/deccore.com.br\/loja\/wp-json\/wp\/v2\/product"}],"about":[{"href":"https:\/\/deccore.com.br\/loja\/wp-json\/wp\/v2\/types\/product"}],"version-history":[{"count":3,"href":"https:\/\/deccore.com.br\/loja\/wp-json\/wp\/v2\/product\/14760\/revisions"}],"predecessor-version":[{"id":14775,"href":"https:\/\/deccore.com.br\/loja\/wp-json\/wp\/v2\/product\/14760\/revisions\/14775"}],"wp:featuredmedia":[{"embeddable":true,"href":"https:\/\/deccore.com.br\/loja\/wp-json\/wp\/v2\/media\/14761"}],"wp:attachment":[{"href":"https:\/\/deccore.com.br\/loja\/wp-json\/wp\/v2\/media?parent=14760"}],"wp:term":[{"taxonomy":"product_brand","embeddable":true,"href":"https:\/\/deccore.com.br\/loja\/wp-json\/wp\/v2\/product_brand?post=14760"},{"taxonomy":"product_cat","embeddable":true,"href":"https:\/\/deccore.com.br\/loja\/wp-json\/wp\/v2\/product_cat?post=14760"},{"taxonomy":"product_tag","embeddable":true,"href":"https:\/\/deccore.com.br\/loja\/wp-json\/wp\/v2\/product_tag?post=14760"}],"curies":[{"name":"wp","href":"https:\/\/api.w.org\/{rel}","templated":true}]}}