{"id":14816,"date":"2024-05-31T20:15:48","date_gmt":"2024-05-31T20:15:48","guid":{"rendered":"https:\/\/deccore.com.br\/loja\/?post_type=product&#038;p=14816"},"modified":"2024-10-14T14:36:34","modified_gmt":"2024-10-14T14:36:34","slug":"banqueta-luna-designer-marcelo-ligieri","status":"publish","type":"product","link":"https:\/\/deccore.com.br\/loja\/product\/banqueta-luna-designer-marcelo-ligieri\/","title":{"rendered":"BANQUETA LUNA &#8211; DESIGNER: MARCELO LIGIERI &#8211; SOB. ENCOMENDA"},"content":{"rendered":"","protected":false},"excerpt":{"rendered":"<p>V\u00e1rias op\u00e7\u00f5es de acabamentos e revestimentos.<\/p>\n<p>Banqueta em metal<br \/>\ne fibra de<br \/>\nvidro com assento estofado.<\/p>\n<p>Medidas:<\/p>\n<p>0.51X0.53X1.06<\/p>\n<p>0.51X0.53X0.90<\/p>\n","protected":false},"featured_media":14818,"template":"","meta":[],"product_brand":[],"product_cat":[15,100,78,107],"product_tag":[],"class_list":{"0":"post-14816","1":"product","2":"type-product","3":"status-publish","4":"has-post-thumbnail","6":"product_cat-uncategorized","7":"product_cat-banqueta","8":"product_cat-banquetas","9":"product_cat-bar","11":"first","12":"onbackorder","13":"shipping-taxable","14":"product-type-simple"},"_links":{"self":[{"href":"https:\/\/deccore.com.br\/loja\/wp-json\/wp\/v2\/product\/14816","targetHints":{"allow":["GET"]}}],"collection":[{"href":"https:\/\/deccore.com.br\/loja\/wp-json\/wp\/v2\/product"}],"about":[{"href":"https:\/\/deccore.com.br\/loja\/wp-json\/wp\/v2\/types\/product"}],"version-history":[{"count":2,"href":"https:\/\/deccore.com.br\/loja\/wp-json\/wp\/v2\/product\/14816\/revisions"}],"predecessor-version":[{"id":15627,"href":"https:\/\/deccore.com.br\/loja\/wp-json\/wp\/v2\/product\/14816\/revisions\/15627"}],"wp:featuredmedia":[{"embeddable":true,"href":"https:\/\/deccore.com.br\/loja\/wp-json\/wp\/v2\/media\/14818"}],"wp:attachment":[{"href":"https:\/\/deccore.com.br\/loja\/wp-json\/wp\/v2\/media?parent=14816"}],"wp:term":[{"taxonomy":"product_brand","embeddable":true,"href":"https:\/\/deccore.com.br\/loja\/wp-json\/wp\/v2\/product_brand?post=14816"},{"taxonomy":"product_cat","embeddable":true,"href":"https:\/\/deccore.com.br\/loja\/wp-json\/wp\/v2\/product_cat?post=14816"},{"taxonomy":"product_tag","embeddable":true,"href":"https:\/\/deccore.com.br\/loja\/wp-json\/wp\/v2\/product_tag?post=14816"}],"curies":[{"name":"wp","href":"https:\/\/api.w.org\/{rel}","templated":true}]}}