{"id":14823,"date":"2024-05-31T20:27:31","date_gmt":"2024-05-31T20:27:31","guid":{"rendered":"https:\/\/deccore.com.br\/loja\/?post_type=product&#038;p=14823"},"modified":"2024-10-14T14:35:52","modified_gmt":"2024-10-14T14:35:52","slug":"banqueta-drops-designer-marcelo-ligieri","status":"publish","type":"product","link":"https:\/\/deccore.com.br\/loja\/product\/banqueta-drops-designer-marcelo-ligieri\/","title":{"rendered":"BANQUETA DROPS &#8211; DESIGNER: MARCELO LIGIERI &#8211; SOB. ENCOMENDA"},"content":{"rendered":"","protected":false},"excerpt":{"rendered":"<p>Banqueta em metal com assento estofado.<\/p>\n<p>V\u00e1rias op\u00e7\u00f5es de acabamentos e revestimentos por encomenda.<\/p>\n<p>Medidas:<\/p>\n<p>0.43&#215;0.54&#215;0.82 &#8211; assento de 0.76cm.<\/p>\n<p>0.46&#215;0.54&#215;0.66 &#8211; assento de 0.60cm<\/p>\n","protected":false},"featured_media":14825,"template":"","meta":[],"product_brand":[],"product_cat":[15,100,78],"product_tag":[],"class_list":{"0":"post-14823","1":"product","2":"type-product","3":"status-publish","4":"has-post-thumbnail","6":"product_cat-uncategorized","7":"product_cat-banqueta","8":"product_cat-banquetas","10":"first","11":"onbackorder","12":"shipping-taxable","13":"product-type-simple"},"_links":{"self":[{"href":"https:\/\/deccore.com.br\/loja\/wp-json\/wp\/v2\/product\/14823","targetHints":{"allow":["GET"]}}],"collection":[{"href":"https:\/\/deccore.com.br\/loja\/wp-json\/wp\/v2\/product"}],"about":[{"href":"https:\/\/deccore.com.br\/loja\/wp-json\/wp\/v2\/types\/product"}],"version-history":[{"count":4,"href":"https:\/\/deccore.com.br\/loja\/wp-json\/wp\/v2\/product\/14823\/revisions"}],"predecessor-version":[{"id":15626,"href":"https:\/\/deccore.com.br\/loja\/wp-json\/wp\/v2\/product\/14823\/revisions\/15626"}],"wp:featuredmedia":[{"embeddable":true,"href":"https:\/\/deccore.com.br\/loja\/wp-json\/wp\/v2\/media\/14825"}],"wp:attachment":[{"href":"https:\/\/deccore.com.br\/loja\/wp-json\/wp\/v2\/media?parent=14823"}],"wp:term":[{"taxonomy":"product_brand","embeddable":true,"href":"https:\/\/deccore.com.br\/loja\/wp-json\/wp\/v2\/product_brand?post=14823"},{"taxonomy":"product_cat","embeddable":true,"href":"https:\/\/deccore.com.br\/loja\/wp-json\/wp\/v2\/product_cat?post=14823"},{"taxonomy":"product_tag","embeddable":true,"href":"https:\/\/deccore.com.br\/loja\/wp-json\/wp\/v2\/product_tag?post=14823"}],"curies":[{"name":"wp","href":"https:\/\/api.w.org\/{rel}","templated":true}]}}