{"id":14832,"date":"2024-05-31T20:50:21","date_gmt":"2024-05-31T20:50:21","guid":{"rendered":"https:\/\/deccore.com.br\/loja\/?post_type=product&#038;p=14832"},"modified":"2024-10-14T14:35:00","modified_gmt":"2024-10-14T14:35:00","slug":"banqueta-nit","status":"publish","type":"product","link":"https:\/\/deccore.com.br\/loja\/product\/banqueta-nit\/","title":{"rendered":"BANQUETA NIT &#8211; SOB. ENCOMENDA"},"content":{"rendered":"","protected":false},"excerpt":{"rendered":"<p>Banqueta em metal com assento estofado.<\/p>\n<p>V\u00e1rias op\u00e7\u00f5es de acabamentos e revestimentos por encomenda.<\/p>\n<p>Medidas:<\/p>\n<p>0.49&#215;0.43&#215;1.08<\/p>\n<p>0.49&#215;0.43&#215;0.92<\/p>\n","protected":false},"featured_media":14833,"template":"","meta":[],"product_brand":[],"product_cat":[15,100,78],"product_tag":[],"class_list":{"0":"post-14832","1":"product","2":"type-product","3":"status-publish","4":"has-post-thumbnail","6":"product_cat-uncategorized","7":"product_cat-banqueta","8":"product_cat-banquetas","10":"first","11":"onbackorder","12":"shipping-taxable","13":"product-type-simple"},"_links":{"self":[{"href":"https:\/\/deccore.com.br\/loja\/wp-json\/wp\/v2\/product\/14832","targetHints":{"allow":["GET"]}}],"collection":[{"href":"https:\/\/deccore.com.br\/loja\/wp-json\/wp\/v2\/product"}],"about":[{"href":"https:\/\/deccore.com.br\/loja\/wp-json\/wp\/v2\/types\/product"}],"version-history":[{"count":3,"href":"https:\/\/deccore.com.br\/loja\/wp-json\/wp\/v2\/product\/14832\/revisions"}],"predecessor-version":[{"id":15625,"href":"https:\/\/deccore.com.br\/loja\/wp-json\/wp\/v2\/product\/14832\/revisions\/15625"}],"wp:featuredmedia":[{"embeddable":true,"href":"https:\/\/deccore.com.br\/loja\/wp-json\/wp\/v2\/media\/14833"}],"wp:attachment":[{"href":"https:\/\/deccore.com.br\/loja\/wp-json\/wp\/v2\/media?parent=14832"}],"wp:term":[{"taxonomy":"product_brand","embeddable":true,"href":"https:\/\/deccore.com.br\/loja\/wp-json\/wp\/v2\/product_brand?post=14832"},{"taxonomy":"product_cat","embeddable":true,"href":"https:\/\/deccore.com.br\/loja\/wp-json\/wp\/v2\/product_cat?post=14832"},{"taxonomy":"product_tag","embeddable":true,"href":"https:\/\/deccore.com.br\/loja\/wp-json\/wp\/v2\/product_tag?post=14832"}],"curies":[{"name":"wp","href":"https:\/\/api.w.org\/{rel}","templated":true}]}}