{"id":14909,"date":"2024-06-13T13:40:41","date_gmt":"2024-06-13T13:40:41","guid":{"rendered":"https:\/\/deccore.com.br\/loja\/?post_type=product&#038;p=14909"},"modified":"2024-06-21T16:04:18","modified_gmt":"2024-06-21T16:04:18","slug":"poltrona-sal-pronta-entrega-designer-larissa-diegoli","status":"publish","type":"product","link":"https:\/\/deccore.com.br\/loja\/product\/poltrona-sal-pronta-entrega-designer-larissa-diegoli\/","title":{"rendered":"POLTRONA SAL &#8211; PRONTA ENTREGA &#8211; DESIGNER: LARISSA DIEGOLI"},"content":{"rendered":"","protected":false},"excerpt":{"rendered":"<table dir=\"ltr\" cellspacing=\"0\" cellpadding=\"0\" data-sheets-root=\"1\">\n<colgroup>\n<col width=\"72\" \/>\n<col width=\"72\" \/>\n<col width=\"61\" \/>\n<col width=\"61\" \/><\/colgroup>\n<tbody>\n<tr>\n<td colspan=\"4\" rowspan=\"1\" data-sheets-value=\"{&quot;1&quot;:2,&quot;2&quot;:&quot;84X75X78&quot;}\">84X75X78<\/p>\n<p>V\u00c1RIAS OP\u00c7\u00d5ES DE ACABAMENTOS E REVESTIMENTOS POR ENCOMENDA.<\/td>\n<\/tr>\n<\/tbody>\n<\/table>\n","protected":false},"featured_media":14964,"template":"","meta":[],"product_brand":[],"product_cat":[15,64],"product_tag":[],"class_list":{"0":"post-14909","1":"product","2":"type-product","3":"status-publish","4":"has-post-thumbnail","6":"product_cat-uncategorized","7":"product_cat-poltronas","9":"first","10":"instock","11":"shipping-taxable","12":"product-type-simple"},"_links":{"self":[{"href":"https:\/\/deccore.com.br\/loja\/wp-json\/wp\/v2\/product\/14909","targetHints":{"allow":["GET"]}}],"collection":[{"href":"https:\/\/deccore.com.br\/loja\/wp-json\/wp\/v2\/product"}],"about":[{"href":"https:\/\/deccore.com.br\/loja\/wp-json\/wp\/v2\/types\/product"}],"version-history":[{"count":3,"href":"https:\/\/deccore.com.br\/loja\/wp-json\/wp\/v2\/product\/14909\/revisions"}],"predecessor-version":[{"id":14915,"href":"https:\/\/deccore.com.br\/loja\/wp-json\/wp\/v2\/product\/14909\/revisions\/14915"}],"wp:featuredmedia":[{"embeddable":true,"href":"https:\/\/deccore.com.br\/loja\/wp-json\/wp\/v2\/media\/14964"}],"wp:attachment":[{"href":"https:\/\/deccore.com.br\/loja\/wp-json\/wp\/v2\/media?parent=14909"}],"wp:term":[{"taxonomy":"product_brand","embeddable":true,"href":"https:\/\/deccore.com.br\/loja\/wp-json\/wp\/v2\/product_brand?post=14909"},{"taxonomy":"product_cat","embeddable":true,"href":"https:\/\/deccore.com.br\/loja\/wp-json\/wp\/v2\/product_cat?post=14909"},{"taxonomy":"product_tag","embeddable":true,"href":"https:\/\/deccore.com.br\/loja\/wp-json\/wp\/v2\/product_tag?post=14909"}],"curies":[{"name":"wp","href":"https:\/\/api.w.org\/{rel}","templated":true}]}}