{"id":15057,"date":"2024-07-09T13:18:10","date_gmt":"2024-07-09T13:18:10","guid":{"rendered":"https:\/\/deccore.com.br\/loja\/?post_type=product&#038;p=15057"},"modified":"2024-10-14T14:16:03","modified_gmt":"2024-10-14T14:16:03","slug":"mesa-lateral-bologna-brzl-encomenda","status":"publish","type":"product","link":"https:\/\/deccore.com.br\/loja\/product\/mesa-lateral-bologna-brzl-encomenda\/","title":{"rendered":"MESA LATERAL BOLOGNA &#8211; BRZL &#8211; SOB. ENCOMENDA"},"content":{"rendered":"","protected":false},"excerpt":{"rendered":"<p>V\u00c1RIAS OP\u00c7\u00d5ES DE ACABAMENTOS.<\/p>\n<p>Carvalho Claro \/ New Golden<\/p>\n<p>Medidas:<\/p>\n<p>0,46 \u00d8 0,50 alt<\/p>\n<p>0,61 \u00d8 0,60 alt<\/p>\n","protected":false},"featured_media":15058,"template":"","meta":[],"product_brand":[],"product_cat":[15,114,87,71,95],"product_tag":[],"class_list":{"0":"post-15057","1":"product","2":"type-product","3":"status-publish","4":"has-post-thumbnail","6":"product_cat-uncategorized","7":"product_cat-complementos","8":"product_cat-mesa-auxiliar","9":"product_cat-mesa-de-apoio","10":"product_cat-mesa-lateral","12":"first","13":"onbackorder","14":"shipping-taxable","15":"product-type-simple"},"_links":{"self":[{"href":"https:\/\/deccore.com.br\/loja\/wp-json\/wp\/v2\/product\/15057","targetHints":{"allow":["GET"]}}],"collection":[{"href":"https:\/\/deccore.com.br\/loja\/wp-json\/wp\/v2\/product"}],"about":[{"href":"https:\/\/deccore.com.br\/loja\/wp-json\/wp\/v2\/types\/product"}],"version-history":[{"count":2,"href":"https:\/\/deccore.com.br\/loja\/wp-json\/wp\/v2\/product\/15057\/revisions"}],"predecessor-version":[{"id":15607,"href":"https:\/\/deccore.com.br\/loja\/wp-json\/wp\/v2\/product\/15057\/revisions\/15607"}],"wp:featuredmedia":[{"embeddable":true,"href":"https:\/\/deccore.com.br\/loja\/wp-json\/wp\/v2\/media\/15058"}],"wp:attachment":[{"href":"https:\/\/deccore.com.br\/loja\/wp-json\/wp\/v2\/media?parent=15057"}],"wp:term":[{"taxonomy":"product_brand","embeddable":true,"href":"https:\/\/deccore.com.br\/loja\/wp-json\/wp\/v2\/product_brand?post=15057"},{"taxonomy":"product_cat","embeddable":true,"href":"https:\/\/deccore.com.br\/loja\/wp-json\/wp\/v2\/product_cat?post=15057"},{"taxonomy":"product_tag","embeddable":true,"href":"https:\/\/deccore.com.br\/loja\/wp-json\/wp\/v2\/product_tag?post=15057"}],"curies":[{"name":"wp","href":"https:\/\/api.w.org\/{rel}","templated":true}]}}