{"id":15064,"date":"2024-07-09T13:27:30","date_gmt":"2024-07-09T13:27:30","guid":{"rendered":"https:\/\/deccore.com.br\/loja\/?post_type=product&#038;p=15064"},"modified":"2024-10-14T14:15:38","modified_gmt":"2024-10-14T14:15:38","slug":"mesa-lateral-havana-brzl-encomenda","status":"publish","type":"product","link":"https:\/\/deccore.com.br\/loja\/product\/mesa-lateral-havana-brzl-encomenda\/","title":{"rendered":"MESA LATERAL HAVANA &#8211; BRZL &#8211;  SOB. ENCOMENDA"},"content":{"rendered":"","protected":false},"excerpt":{"rendered":"<p>V\u00c1RIAS OP\u00c7\u00d5ES DE ACABAMENTOS.<\/p>\n<p>Nogueira<\/p>\n<p>Medidas:<\/p>\n<p>0,60 x 0,30 x 0,60<\/p>\n","protected":false},"featured_media":15065,"template":"","meta":[],"product_brand":[],"product_cat":[15,87,71,95],"product_tag":[],"class_list":{"0":"post-15064","1":"product","2":"type-product","3":"status-publish","4":"has-post-thumbnail","6":"product_cat-uncategorized","7":"product_cat-mesa-auxiliar","8":"product_cat-mesa-de-apoio","9":"product_cat-mesa-lateral","11":"first","12":"onbackorder","13":"shipping-taxable","14":"product-type-simple"},"_links":{"self":[{"href":"https:\/\/deccore.com.br\/loja\/wp-json\/wp\/v2\/product\/15064","targetHints":{"allow":["GET"]}}],"collection":[{"href":"https:\/\/deccore.com.br\/loja\/wp-json\/wp\/v2\/product"}],"about":[{"href":"https:\/\/deccore.com.br\/loja\/wp-json\/wp\/v2\/types\/product"}],"version-history":[{"count":2,"href":"https:\/\/deccore.com.br\/loja\/wp-json\/wp\/v2\/product\/15064\/revisions"}],"predecessor-version":[{"id":15606,"href":"https:\/\/deccore.com.br\/loja\/wp-json\/wp\/v2\/product\/15064\/revisions\/15606"}],"wp:featuredmedia":[{"embeddable":true,"href":"https:\/\/deccore.com.br\/loja\/wp-json\/wp\/v2\/media\/15065"}],"wp:attachment":[{"href":"https:\/\/deccore.com.br\/loja\/wp-json\/wp\/v2\/media?parent=15064"}],"wp:term":[{"taxonomy":"product_brand","embeddable":true,"href":"https:\/\/deccore.com.br\/loja\/wp-json\/wp\/v2\/product_brand?post=15064"},{"taxonomy":"product_cat","embeddable":true,"href":"https:\/\/deccore.com.br\/loja\/wp-json\/wp\/v2\/product_cat?post=15064"},{"taxonomy":"product_tag","embeddable":true,"href":"https:\/\/deccore.com.br\/loja\/wp-json\/wp\/v2\/product_tag?post=15064"}],"curies":[{"name":"wp","href":"https:\/\/api.w.org\/{rel}","templated":true}]}}