{"id":15076,"date":"2024-07-09T17:10:38","date_gmt":"2024-07-09T17:10:38","guid":{"rendered":"https:\/\/deccore.com.br\/loja\/?post_type=product&#038;p=15076"},"modified":"2024-07-09T17:10:38","modified_gmt":"2024-07-09T17:10:38","slug":"cadeira-tag-2-tsst","status":"publish","type":"product","link":"https:\/\/deccore.com.br\/loja\/product\/cadeira-tag-2-tsst\/","title":{"rendered":"CADEIRA TAG 2 &#8211; TSST &#8211;"},"content":{"rendered":"","protected":false},"excerpt":{"rendered":"<p>V\u00c1RIAS OP\u00c7\u00d5ES DE ACABAMENTOS E REVESTIMENTOS.<\/p>\n","protected":false},"featured_media":15077,"template":"","meta":[],"product_brand":[],"product_cat":[15,101,62],"product_tag":[],"class_list":{"0":"post-15076","1":"product","2":"type-product","3":"status-publish","4":"has-post-thumbnail","6":"product_cat-uncategorized","7":"product_cat-cadeira","8":"product_cat-cadeiras","10":"first","11":"instock","12":"shipping-taxable","13":"product-type-simple"},"_links":{"self":[{"href":"https:\/\/deccore.com.br\/loja\/wp-json\/wp\/v2\/product\/15076","targetHints":{"allow":["GET"]}}],"collection":[{"href":"https:\/\/deccore.com.br\/loja\/wp-json\/wp\/v2\/product"}],"about":[{"href":"https:\/\/deccore.com.br\/loja\/wp-json\/wp\/v2\/types\/product"}],"version-history":[{"count":1,"href":"https:\/\/deccore.com.br\/loja\/wp-json\/wp\/v2\/product\/15076\/revisions"}],"predecessor-version":[{"id":15078,"href":"https:\/\/deccore.com.br\/loja\/wp-json\/wp\/v2\/product\/15076\/revisions\/15078"}],"wp:featuredmedia":[{"embeddable":true,"href":"https:\/\/deccore.com.br\/loja\/wp-json\/wp\/v2\/media\/15077"}],"wp:attachment":[{"href":"https:\/\/deccore.com.br\/loja\/wp-json\/wp\/v2\/media?parent=15076"}],"wp:term":[{"taxonomy":"product_brand","embeddable":true,"href":"https:\/\/deccore.com.br\/loja\/wp-json\/wp\/v2\/product_brand?post=15076"},{"taxonomy":"product_cat","embeddable":true,"href":"https:\/\/deccore.com.br\/loja\/wp-json\/wp\/v2\/product_cat?post=15076"},{"taxonomy":"product_tag","embeddable":true,"href":"https:\/\/deccore.com.br\/loja\/wp-json\/wp\/v2\/product_tag?post=15076"}],"curies":[{"name":"wp","href":"https:\/\/api.w.org\/{rel}","templated":true}]}}