{"id":15271,"date":"2024-08-28T14:13:05","date_gmt":"2024-08-28T14:13:05","guid":{"rendered":"https:\/\/deccore.com.br\/loja\/?post_type=product&#038;p=15271"},"modified":"2025-12-02T15:08:54","modified_gmt":"2025-12-02T15:08:54","slug":"cadeira-dina-soft-encomenda","status":"publish","type":"product","link":"https:\/\/deccore.com.br\/loja\/product\/cadeira-dina-soft-encomenda\/","title":{"rendered":"CADEIRA DINA SOFT-ENCOMENDA-GTT"},"content":{"rendered":"","protected":false},"excerpt":{"rendered":"<div class=\"box-text\"><\/div>\n<div class=\"bottom\">\n<p>&nbsp;<\/p>\n<div class=\"fl-module fl-module-separator fl-node-wmbtkyu2rne8\" data-node=\"wmbtkyu2rne8\">\n<div class=\"fl-module-content fl-node-content\">\n<div class=\"fl-separator\"><\/div>\n<\/div>\n<\/div>\n<div class=\"fl-col-group fl-node-bjw5846trmdg fl-col-group-nested fl-col-group-equal-height fl-col-group-align-top fl-col-group-custom-width\" data-node=\"bjw5846trmdg\">\n<div class=\"fl-col fl-node-imnprav76tj5 fl-col-bg-color fl-col-small fl-col-small-custom-width\" data-node=\"imnprav76tj5\">\n<div class=\"fl-col-content fl-node-content\">\n<div class=\"fl-module fl-module-fl-woo-product-description fl-node-lwd489z7njfe\" data-node=\"lwd489z7njfe\">\n<div class=\"fl-module-content fl-node-content\">\n<div class=\"woocommerce-product-details__short-description\">\n<p>A cadeira Dina possui seu design simples e fluido, que valoriza diferentes ambientes de estar, atrav\u00e9s da leveza e harmonia. Seu encosto est\u00e1 dispon\u00edvel nas vers\u00f5es Lee, Lux, Slim, Tex e Soft.<\/p>\n<\/div>\n<\/div>\n<\/div>\n<div class=\"fl-module fl-module-fl-woo-product-description fl-node-fnuks01hiz3q\" data-node=\"fnuks01hiz3q\">\n<div class=\"fl-module-content fl-node-content\">\n<p>TAMANHOS DISPON\u00cdVEIS (L x P x A)<br \/>\n48 x 56 x 88<\/p>\n<\/div>\n<\/div>\n<div class=\"fl-module fl-module-html fl-node-m7fn64xuibto\" data-node=\"m7fn64xuibto\">\n<div class=\"fl-module-content fl-node-content\">\n<div class=\"fl-html\"><a class=\"botao-download-3d\" href=\"https:\/\/www.moveisgottems.com.br\/wp-content\/uploads\/2025\/01\/Cadeira-Dina-Soft-Gottems.skp\" target=\"_blank\" rel=\"noopener\" download=\"\"><img decoding=\"async\" class=\"imagem-download-3d\" src=\"https:\/\/www.moveisgottems.com.br\/wp-content\/uploads\/2024\/12\/Icone-SKP-Novo.png\" alt=\"Baixar Arquivo 3D 1\" width=\"35\" height=\"35\" \/>DOWNLOAD SKP<\/a><a class=\"botao-download-3d\" href=\"https:\/\/www.moveisgottems.com.br\/wp-content\/uploads\/2025\/02\/Cadeira-Dina.gsm\" target=\"_blank\" rel=\"noopener\" download=\"\"><img decoding=\"async\" class=\"imagem-download-3d\" src=\"https:\/\/www.moveisgottems.com.br\/wp-content\/uploads\/2024\/12\/Icone-Bim-Novo.png\" alt=\"Baixar Arquivo 3D 2\" width=\"35\" height=\"35\" \/>DOWNLOAD BIM<\/a><\/div>\n<\/div>\n<\/div>\n<\/div>\n<\/div>\n<\/div>\n<\/div>\n","protected":false},"featured_media":15272,"template":"","meta":[],"product_brand":[],"product_cat":[15,101,62],"product_tag":[],"class_list":{"0":"post-15271","1":"product","2":"type-product","3":"status-publish","4":"has-post-thumbnail","6":"product_cat-uncategorized","7":"product_cat-cadeira","8":"product_cat-cadeiras","10":"first","11":"onbackorder","12":"shipping-taxable","13":"product-type-simple"},"_links":{"self":[{"href":"https:\/\/deccore.com.br\/loja\/wp-json\/wp\/v2\/product\/15271","targetHints":{"allow":["GET"]}}],"collection":[{"href":"https:\/\/deccore.com.br\/loja\/wp-json\/wp\/v2\/product"}],"about":[{"href":"https:\/\/deccore.com.br\/loja\/wp-json\/wp\/v2\/types\/product"}],"version-history":[{"count":10,"href":"https:\/\/deccore.com.br\/loja\/wp-json\/wp\/v2\/product\/15271\/revisions"}],"predecessor-version":[{"id":16123,"href":"https:\/\/deccore.com.br\/loja\/wp-json\/wp\/v2\/product\/15271\/revisions\/16123"}],"wp:featuredmedia":[{"embeddable":true,"href":"https:\/\/deccore.com.br\/loja\/wp-json\/wp\/v2\/media\/15272"}],"wp:attachment":[{"href":"https:\/\/deccore.com.br\/loja\/wp-json\/wp\/v2\/media?parent=15271"}],"wp:term":[{"taxonomy":"product_brand","embeddable":true,"href":"https:\/\/deccore.com.br\/loja\/wp-json\/wp\/v2\/product_brand?post=15271"},{"taxonomy":"product_cat","embeddable":true,"href":"https:\/\/deccore.com.br\/loja\/wp-json\/wp\/v2\/product_cat?post=15271"},{"taxonomy":"product_tag","embeddable":true,"href":"https:\/\/deccore.com.br\/loja\/wp-json\/wp\/v2\/product_tag?post=15271"}],"curies":[{"name":"wp","href":"https:\/\/api.w.org\/{rel}","templated":true}]}}