{"id":15309,"date":"2024-08-29T13:55:17","date_gmt":"2024-08-29T13:55:17","guid":{"rendered":"https:\/\/deccore.com.br\/loja\/?post_type=product&#038;p=15309"},"modified":"2024-10-10T20:29:06","modified_gmt":"2024-10-10T20:29:06","slug":"estofado-u135-idea-relax-natuzzi-group","status":"publish","type":"product","link":"https:\/\/deccore.com.br\/loja\/product\/estofado-u135-idea-relax-natuzzi-group\/","title":{"rendered":"ESTOFADO U135 &#8211; IDEA RELAX &#8211; BY NATUZZI GROUP"},"content":{"rendered":"","protected":false},"excerpt":{"rendered":"<section class=\"produtos-content\">\n<div id=\"myCarousel\" class=\"carousel slide\" data-ride=\"carousel\">\n<div class=\"produtos-esquemas\">\n<h1>ESQUEMAS<\/h1>\n<ul class=\"esquemas-list\">\n<li><img decoding=\"async\" class=\"zoom-image\" title=\"Idea Relax\" src=\"http:\/\/admin.natuzzigroup-br.com.br\/media\/1616003572212-2cf655aa-786d-d935-8a66-a02ccfeb8be7.jpg\" alt=\"Idea Relax\" data-image=\"http:\/\/admin.natuzzigroup-br.com.br\/media\/1616003572212-2cf655aa-786d-d935-8a66-a02ccfeb8be7.jpg\" \/><\/li>\n<li><img decoding=\"async\" class=\"zoom-image\" title=\"Idea Relax\" src=\"http:\/\/admin.natuzzigroup-br.com.br\/media\/1616003572220-f2840cf6-af99-d339-6fe3-28dd48fbe516.jpg\" alt=\"Idea Relax\" data-image=\"http:\/\/admin.natuzzigroup-br.com.br\/media\/1616003572220-f2840cf6-af99-d339-6fe3-28dd48fbe516.jpg\" \/><\/li>\n<li><img decoding=\"async\" class=\"zoom-image\" title=\"Idea Relax\" src=\"http:\/\/admin.natuzzigroup-br.com.br\/media\/1616003572222-41f3e570-5cf9-6e4e-81f1-86ad70e96a54.jpg\" alt=\"Idea Relax\" data-image=\"http:\/\/admin.natuzzigroup-br.com.br\/media\/1616003572222-41f3e570-5cf9-6e4e-81f1-86ad70e96a54.jpg\" \/><\/li>\n<li><img decoding=\"async\" class=\"zoom-image\" title=\"Idea Relax\" src=\"http:\/\/admin.natuzzigroup-br.com.br\/media\/1616003572225-37a21013-e8d1-4775-3716-e7edaa995d78.jpg\" alt=\"Idea Relax\" data-image=\"http:\/\/admin.natuzzigroup-br.com.br\/media\/1616003572225-37a21013-e8d1-4775-3716-e7edaa995d78.jpg\" \/><\/li>\n<li><img decoding=\"async\" class=\"zoom-image\" title=\"Idea Relax\" src=\"http:\/\/admin.natuzzigroup-br.com.br\/media\/1616003572226-0b9dd8cd-b788-b8c9-83a3-312593c2da53.jpg\" alt=\"Idea Relax\" data-image=\"http:\/\/admin.natuzzigroup-br.com.br\/media\/1616003572226-0b9dd8cd-b788-b8c9-83a3-312593c2da53.jpg\" \/><\/li>\n<li><img decoding=\"async\" class=\"zoom-image\" title=\"Idea Relax\" src=\"http:\/\/admin.natuzzigroup-br.com.br\/media\/1616003572227-64e1674f-7fe2-d6c5-7979-16684abc1a4b.jpg\" alt=\"Idea Relax\" data-image=\"http:\/\/admin.natuzzigroup-br.com.br\/media\/1616003572227-64e1674f-7fe2-d6c5-7979-16684abc1a4b.jpg\" \/><\/li>\n<li><img decoding=\"async\" class=\"zoom-image\" title=\"Idea Relax\" src=\"http:\/\/admin.natuzzigroup-br.com.br\/media\/1616003572229-0ba94573-a519-676f-d37c-c1c1f7255b19.jpg\" alt=\"Idea Relax\" data-image=\"http:\/\/admin.natuzzigroup-br.com.br\/media\/1616003572229-0ba94573-a519-676f-d37c-c1c1f7255b19.jpg\" \/><\/li>\n<li><img decoding=\"async\" class=\"zoom-image\" title=\"Idea Relax\" src=\"http:\/\/admin.natuzzigroup-br.com.br\/media\/1616003572230-06217c23-92b4-e764-4607-026e90427ece.jpg\" alt=\"Idea Relax\" data-image=\"http:\/\/admin.natuzzigroup-br.com.br\/media\/1616003572230-06217c23-92b4-e764-4607-026e90427ece.jpg\" \/><\/li>\n<\/ul>\n<\/div>\n<div class=\"produtos-tecnicas\">\n<h1>ESPECIFICA\u00c7\u00d5ES T\u00c9CNICAS<\/h1>\n<div class=\"produtos-revestimentos\">\n<h2>REVESTIMENTOS<\/h2>\n<div class=\"box-revestimentos\">\n<h3>COURO<\/h3>\n<div class=\"revestimentos-content\">\n<h3>Bari_10YM<\/h3>\n<div class=\"revestimento-img\"><img decoding=\"async\" class=\"zoom-image\" title=\"Bari_10YM\" src=\"http:\/\/admin.natuzzigroup-br.com.br\/media\/1614276636631-be2ba6ec-bc77-89a3-91ec-67953d293c19.png\" alt=\"Bari_10YM\" data-image=\"http:\/\/admin.natuzzigroup-br.com.br\/media\/1614276636631-be2ba6ec-bc77-89a3-91ec-67953d293c19.png\" \/><\/div>\n<\/div>\n<div class=\"revestimentos-content\">\n<h3>Bari_10YP<\/h3>\n<div class=\"revestimento-img\"><img decoding=\"async\" class=\"zoom-image\" title=\"Bari_10YP\" src=\"http:\/\/admin.natuzzigroup-br.com.br\/media\/1614276636637-75fc82c0-1720-bbf4-1887-1ac7ede18d9e.png\" alt=\"Bari_10YP\" data-image=\"http:\/\/admin.natuzzigroup-br.com.br\/media\/1614276636637-75fc82c0-1720-bbf4-1887-1ac7ede18d9e.png\" \/><\/div>\n<\/div>\n<div class=\"revestimentos-content\">\n<h3>Bari_10YQ<\/h3>\n<div class=\"revestimento-img\"><img decoding=\"async\" class=\"zoom-image\" title=\"Bari_10YQ\" src=\"http:\/\/admin.natuzzigroup-br.com.br\/media\/1616016125054-80b59e3d-b242-c85a-5ee4-95a06311305c.jpg\" alt=\"Bari_10YQ\" data-image=\"http:\/\/admin.natuzzigroup-br.com.br\/media\/1616016125054-80b59e3d-b242-c85a-5ee4-95a06311305c.jpg\" \/><\/div>\n<\/div>\n<div class=\"revestimentos-content\">\n<h3>Bari_10YR<\/h3>\n<div class=\"revestimento-img\"><img decoding=\"async\" class=\"zoom-image\" title=\"Bari_10YR\" src=\"http:\/\/admin.natuzzigroup-br.com.br\/media\/1616016125060-a69c4f70-0c9f-069d-28e9-5f4502c00887.jpg\" alt=\"Bari_10YR\" data-image=\"http:\/\/admin.natuzzigroup-br.com.br\/media\/1616016125060-a69c4f70-0c9f-069d-28e9-5f4502c00887.jpg\" \/><\/div>\n<\/div>\n<div class=\"revestimentos-content\">\n<h3>Bari_10YT<\/h3>\n<div class=\"revestimento-img\"><img decoding=\"async\" class=\"zoom-image\" title=\"Bari_10YT\" src=\"http:\/\/admin.natuzzigroup-br.com.br\/media\/1616016125062-0e939548-8b7f-5f87-2713-1eb2d541379d.jpg\" alt=\"Bari_10YT\" data-image=\"http:\/\/admin.natuzzigroup-br.com.br\/media\/1616016125062-0e939548-8b7f-5f87-2713-1eb2d541379d.jpg\" \/><\/div>\n<\/div>\n<div class=\"revestimentos-content\">\n<h3>Denver_10B4<\/h3>\n<div class=\"revestimento-img\"><img decoding=\"async\" class=\"zoom-image\" title=\"Denver_10B4\" src=\"http:\/\/admin.natuzzigroup-br.com.br\/media\/1683071436490-6ab6bf9e-2327-2308-38e7-b3bdbdaa8806.jpg\" alt=\"Denver_10B4\" data-image=\"http:\/\/admin.natuzzigroup-br.com.br\/media\/1683071436490-6ab6bf9e-2327-2308-38e7-b3bdbdaa8806.jpg\" \/><\/div>\n<\/div>\n<div class=\"revestimentos-content\">\n<h3>Denver_10BK<\/h3>\n<div class=\"revestimento-img\"><img decoding=\"async\" class=\"zoom-image\" title=\"Denver_10BK\" src=\"http:\/\/admin.natuzzigroup-br.com.br\/media\/1637157225118-c79cdcfa-55ef-4b7e-bc9c-2653d15f2d7d.jpg\" alt=\"Denver_10BK\" data-image=\"http:\/\/admin.natuzzigroup-br.com.br\/media\/1637157225118-c79cdcfa-55ef-4b7e-bc9c-2653d15f2d7d.jpg\" \/><\/div>\n<\/div>\n<div class=\"revestimentos-content\">\n<h3>Denver_10BL<\/h3>\n<div class=\"revestimento-img\"><img decoding=\"async\" class=\"zoom-image\" title=\"Denver_10BL\" src=\"http:\/\/admin.natuzzigroup-br.com.br\/media\/1637157225120-5538a5a2-5e70-a94c-d932-b5d205c750dc.jpg\" alt=\"Denver_10BL\" data-image=\"http:\/\/admin.natuzzigroup-br.com.br\/media\/1637157225120-5538a5a2-5e70-a94c-d932-b5d205c750dc.jpg\" \/><\/div>\n<\/div>\n<div class=\"revestimentos-content\">\n<h3>Denver_10BS<\/h3>\n<div class=\"revestimento-img\"><img decoding=\"async\" class=\"zoom-image\" title=\"Denver_10BS\" src=\"http:\/\/admin.natuzzigroup-br.com.br\/media\/1637157225122-eca52049-3fe5-7c4c-be99-b43674658186.jpg\" alt=\"Denver_10BS\" data-image=\"http:\/\/admin.natuzzigroup-br.com.br\/media\/1637157225122-eca52049-3fe5-7c4c-be99-b43674658186.jpg\" \/><\/div>\n<\/div>\n<div class=\"revestimentos-content\">\n<h3>Denver_10BU<\/h3>\n<div class=\"revestimento-img\"><img decoding=\"async\" class=\"zoom-image\" title=\"Denver_10BU\" src=\"http:\/\/admin.natuzzigroup-br.com.br\/media\/1637157225124-647dc0ae-1d30-b51b-b4e7-2634ff1a6f4d.jpg\" alt=\"Denver_10BU\" data-image=\"http:\/\/admin.natuzzigroup-br.com.br\/media\/1637157225124-647dc0ae-1d30-b51b-b4e7-2634ff1a6f4d.jpg\" \/><\/div>\n<\/div>\n<div class=\"revestimentos-content\">\n<h3>Denver_10BY<\/h3>\n<div class=\"revestimento-img\"><img decoding=\"async\" class=\"zoom-image\" title=\"Denver_10BY\" src=\"http:\/\/admin.natuzzigroup-br.com.br\/media\/1637157225125-2091570e-e100-bf48-e518-2069107ad3e9.jpg\" alt=\"Denver_10BY\" data-image=\"http:\/\/admin.natuzzigroup-br.com.br\/media\/1637157225125-2091570e-e100-bf48-e518-2069107ad3e9.jpg\" \/><\/div>\n<\/div>\n<div class=\"revestimentos-content\">\n<h3>Denver_10BZ<\/h3>\n<div class=\"revestimento-img\"><img decoding=\"async\" class=\"zoom-image\" title=\"Denver_10BZ\" src=\"http:\/\/admin.natuzzigroup-br.com.br\/media\/1637157225126-8025ab80-b1f0-a0ba-2292-9faca14e9cad.jpg\" alt=\"Denver_10BZ\" data-image=\"http:\/\/admin.natuzzigroup-br.com.br\/media\/1637157225126-8025ab80-b1f0-a0ba-2292-9faca14e9cad.jpg\" \/><\/div>\n<\/div>\n<\/div>\n<\/div>\n<div class=\"produtos-box-tecnicas\">\n<h2>REVESTIMENTO<\/h2>\n<ul>\n<li>Couro<\/li>\n<li>Mix Next Leather<\/li>\n<\/ul>\n<\/div>\n<div class=\"produtos-box-tecnicas\">\n<h2>P\u00c9S<\/h2>\n<ul>\n<li>Pl\u00e1stico<\/li>\n<\/ul>\n<\/div>\n<div class=\"produtos-box-tecnicas\">\n<h2>ENCHIMENTO<\/h2>\n<ul>\n<li>Espuma<\/li>\n<li>Fibra<\/li>\n<\/ul>\n<\/div>\n<div class=\"produtos-box-tecnicas\">\n<h2>CONFORTO<\/h2>\n<ul>\n<li>Standard<\/li>\n<\/ul>\n<\/div>\n<div class=\"produtos-box-tecnicas\">\n<h2>FUN\u00c7\u00c3O<\/h2>\n<ul>\n<li>Mecanismo El\u00e9trico<\/li>\n<li>Mecanismo<\/li>\n<li>Reclin\u00e1vel<\/li>\n<\/ul>\n<\/div>\n<div class=\"produtos-box-tecnicas\">\n<h2>CARACTER\u00cdSTICAS<\/h2>\n<ul>\n<li>Costura Contrastante<\/li>\n<\/ul>\n<\/div>\n<\/div>\n<\/div>\n<\/section>\n<div class=\"produtos-tecnicas\">\n<h1>NOTAS<\/h1>\n<ul>\n<li>A linha contrastante \u00e9 aplic\u00e1vel somente com determinados revestimentos; tal op\u00e7\u00e3o \u00e9 gerida diretamente no NARES;<\/li>\n<li>A vers\u00e3o 307 inclui alto-falantes, porta-copos, objetos das portas e kit de \u00e1udio;<\/li>\n<li>Almofada fixa do assento (almofadas do assento est\u00e3o unidas \u00e0 estrutura do modelo);<\/li>\n<li>Almofada fixa do encosto (almofadas do encosto est\u00e3o unidas \u00e0 estrutura do modelo);<\/li>\n<li>Lateral do sof\u00e1 n\u00e3o \u00e9 em couro (as pe\u00e7as do sof\u00e1 compon\u00edvel possuem sua lateral revestida em tecido e n\u00e3o em couro);<\/li>\n<li>Estrutura em madeira;<\/li>\n<li>Embalagem pl\u00e1stica (o modelo ser\u00e1 envolvido em um saco de pl\u00e1stico)<\/li>\n<\/ul>\n<\/div>\n","protected":false},"featured_media":15310,"template":"","meta":[],"product_brand":[],"product_cat":[15,85,65],"product_tag":[],"class_list":{"0":"post-15309","1":"product","2":"type-product","3":"status-publish","4":"has-post-thumbnail","6":"product_cat-uncategorized","7":"product_cat-estofados","8":"product_cat-sofas-2","10":"first","11":"instock","12":"shipping-taxable","13":"product-type-simple"},"_links":{"self":[{"href":"https:\/\/deccore.com.br\/loja\/wp-json\/wp\/v2\/product\/15309","targetHints":{"allow":["GET"]}}],"collection":[{"href":"https:\/\/deccore.com.br\/loja\/wp-json\/wp\/v2\/product"}],"about":[{"href":"https:\/\/deccore.com.br\/loja\/wp-json\/wp\/v2\/types\/product"}],"version-history":[{"count":4,"href":"https:\/\/deccore.com.br\/loja\/wp-json\/wp\/v2\/product\/15309\/revisions"}],"predecessor-version":[{"id":15580,"href":"https:\/\/deccore.com.br\/loja\/wp-json\/wp\/v2\/product\/15309\/revisions\/15580"}],"wp:featuredmedia":[{"embeddable":true,"href":"https:\/\/deccore.com.br\/loja\/wp-json\/wp\/v2\/media\/15310"}],"wp:attachment":[{"href":"https:\/\/deccore.com.br\/loja\/wp-json\/wp\/v2\/media?parent=15309"}],"wp:term":[{"taxonomy":"product_brand","embeddable":true,"href":"https:\/\/deccore.com.br\/loja\/wp-json\/wp\/v2\/product_brand?post=15309"},{"taxonomy":"product_cat","embeddable":true,"href":"https:\/\/deccore.com.br\/loja\/wp-json\/wp\/v2\/product_cat?post=15309"},{"taxonomy":"product_tag","embeddable":true,"href":"https:\/\/deccore.com.br\/loja\/wp-json\/wp\/v2\/product_tag?post=15309"}],"curies":[{"name":"wp","href":"https:\/\/api.w.org\/{rel}","templated":true}]}}