{"id":15327,"date":"2024-08-30T13:22:36","date_gmt":"2024-08-30T13:22:36","guid":{"rendered":"https:\/\/deccore.com.br\/loja\/?post_type=product&#038;p=15327"},"modified":"2024-10-10T20:19:58","modified_gmt":"2024-10-10T20:19:58","slug":"estofado-u-214-idea-relax-natuzzi-group-encomenda","status":"publish","type":"product","link":"https:\/\/deccore.com.br\/loja\/product\/estofado-u-214-idea-relax-natuzzi-group-encomenda\/","title":{"rendered":"ESTOFADO U214 &#8211; IDEA RELAX &#8211; BY NATUZZI GROUP &#8211; ENCOMENDA &#8211;"},"content":{"rendered":"","protected":false},"excerpt":{"rendered":"<section class=\"produtos-content\">\n<div id=\"myCarousel\" class=\"carousel slide\" data-ride=\"carousel\">\n<div class=\"produtos-esquemas\">\n<h1>Esquemas<\/h1>\n<ul class=\"esquemas-list\">\n<li><img decoding=\"async\" class=\"zoom-image\" title=\"Idea Relax\" src=\"http:\/\/admin.natuzzigroup-br.com.br\/media\/1616003822408-b9514022-a5c7-08ba-e47e-02da4f3d65e2.jpg\" alt=\"Idea Relax\" data-image=\"http:\/\/admin.natuzzigroup-br.com.br\/media\/1616003822408-b9514022-a5c7-08ba-e47e-02da4f3d65e2.jpg\" \/><\/li>\n<li><img decoding=\"async\" class=\"zoom-image\" title=\"Idea Relax\" src=\"http:\/\/admin.natuzzigroup-br.com.br\/media\/1616003822414-5377f20b-e118-8c42-1039-39d4a27b02a2.jpg\" alt=\"Idea Relax\" data-image=\"http:\/\/admin.natuzzigroup-br.com.br\/media\/1616003822414-5377f20b-e118-8c42-1039-39d4a27b02a2.jpg\" \/><\/li>\n<li><img decoding=\"async\" class=\"zoom-image\" title=\"Idea Relax\" src=\"http:\/\/admin.natuzzigroup-br.com.br\/media\/1616003822416-b809b1b5-da5c-f912-0079-32a5d00c0017.jpg\" alt=\"Idea Relax\" data-image=\"http:\/\/admin.natuzzigroup-br.com.br\/media\/1616003822416-b809b1b5-da5c-f912-0079-32a5d00c0017.jpg\" \/><\/li>\n<li><img decoding=\"async\" class=\"zoom-image\" title=\"Idea Relax\" src=\"http:\/\/admin.natuzzigroup-br.com.br\/media\/1616003822417-a77a0d90-7d65-435f-8ca5-975235377e10.jpg\" alt=\"Idea Relax\" data-image=\"http:\/\/admin.natuzzigroup-br.com.br\/media\/1616003822417-a77a0d90-7d65-435f-8ca5-975235377e10.jpg\" \/><\/li>\n<li><img decoding=\"async\" class=\"zoom-image\" title=\"Idea Relax\" src=\"http:\/\/admin.natuzzigroup-br.com.br\/media\/1616003822418-15b1b012-468b-7ea8-aed3-a0fc6f7d7b7d.jpg\" alt=\"Idea Relax\" data-image=\"http:\/\/admin.natuzzigroup-br.com.br\/media\/1616003822418-15b1b012-468b-7ea8-aed3-a0fc6f7d7b7d.jpg\" \/><\/li>\n<li><img decoding=\"async\" class=\"zoom-image\" title=\"Idea Relax\" src=\"http:\/\/admin.natuzzigroup-br.com.br\/media\/1616003822419-75918e14-5a9e-5380-5cf9-bc02aa36f4dd.jpg\" alt=\"Idea Relax\" data-image=\"http:\/\/admin.natuzzigroup-br.com.br\/media\/1616003822419-75918e14-5a9e-5380-5cf9-bc02aa36f4dd.jpg\" \/><\/li>\n<li><img decoding=\"async\" class=\"zoom-image\" title=\"Idea Relax\" src=\"http:\/\/admin.natuzzigroup-br.com.br\/media\/1616003822420-b971b2e0-866b-887b-ebad-9cbc0e66ece6.jpg\" alt=\"Idea Relax\" data-image=\"http:\/\/admin.natuzzigroup-br.com.br\/media\/1616003822420-b971b2e0-866b-887b-ebad-9cbc0e66ece6.jpg\" \/><\/li>\n<li><img decoding=\"async\" class=\"zoom-image\" title=\"Idea Relax\" src=\"http:\/\/admin.natuzzigroup-br.com.br\/media\/1616003822421-df53112d-eada-e621-3324-cd9b7211ab90.jpg\" alt=\"Idea Relax\" data-image=\"http:\/\/admin.natuzzigroup-br.com.br\/media\/1616003822421-df53112d-eada-e621-3324-cd9b7211ab90.jpg\" \/><\/li>\n<li><img decoding=\"async\" class=\"zoom-image\" title=\"Idea Relax\" src=\"http:\/\/admin.natuzzigroup-br.com.br\/media\/1616003822422-65d6cc0e-3a1e-166e-bddf-b43e79e16af9.jpg\" alt=\"Idea Relax\" data-image=\"http:\/\/admin.natuzzigroup-br.com.br\/media\/1616003822422-65d6cc0e-3a1e-166e-bddf-b43e79e16af9.jpg\" \/><\/li>\n<li><img decoding=\"async\" class=\"zoom-image\" title=\"Idea Relax\" src=\"http:\/\/admin.natuzzigroup-br.com.br\/media\/1616003822423-2c9eeb17-2ce6-3e5d-6148-7aa941c2749f.jpg\" alt=\"Idea Relax\" data-image=\"http:\/\/admin.natuzzigroup-br.com.br\/media\/1616003822423-2c9eeb17-2ce6-3e5d-6148-7aa941c2749f.jpg\" \/><\/li>\n<li><img decoding=\"async\" class=\"zoom-image\" title=\"Idea Relax\" src=\"http:\/\/admin.natuzzigroup-br.com.br\/media\/1616003822424-ad3e27f6-92f2-d3f4-d217-162d3117ff7a.jpg\" alt=\"Idea Relax\" data-image=\"http:\/\/admin.natuzzigroup-br.com.br\/media\/1616003822424-ad3e27f6-92f2-d3f4-d217-162d3117ff7a.jpg\" \/><\/li>\n<li><img decoding=\"async\" class=\"zoom-image\" title=\"Idea Relax\" src=\"http:\/\/admin.natuzzigroup-br.com.br\/media\/1616003822425-8c6efa0d-c003-2cde-2a02-8a2b511099f3.jpg\" alt=\"Idea Relax\" data-image=\"http:\/\/admin.natuzzigroup-br.com.br\/media\/1616003822425-8c6efa0d-c003-2cde-2a02-8a2b511099f3.jpg\" \/><\/li>\n<li><img decoding=\"async\" class=\"zoom-image\" title=\"Idea Relax\" src=\"http:\/\/admin.natuzzigroup-br.com.br\/media\/1616003822426-201716ac-228b-bb4a-af9e-ca76104f3c75.jpg\" alt=\"Idea Relax\" data-image=\"http:\/\/admin.natuzzigroup-br.com.br\/media\/1616003822426-201716ac-228b-bb4a-af9e-ca76104f3c75.jpg\" \/><\/li>\n<li><img decoding=\"async\" class=\"zoom-image\" title=\"Idea Relax\" src=\"http:\/\/admin.natuzzigroup-br.com.br\/media\/1616003822427-cf59170b-5bf7-3eaa-4ef3-8ed0abae9672.jpg\" alt=\"Idea Relax\" data-image=\"http:\/\/admin.natuzzigroup-br.com.br\/media\/1616003822427-cf59170b-5bf7-3eaa-4ef3-8ed0abae9672.jpg\" \/><\/li>\n<li><img decoding=\"async\" class=\"zoom-image\" title=\"Idea Relax\" src=\"http:\/\/admin.natuzzigroup-br.com.br\/media\/1616003822428-2c5f566f-f34e-03c3-43a5-52a132241b49.jpg\" alt=\"Idea Relax\" data-image=\"http:\/\/admin.natuzzigroup-br.com.br\/media\/1616003822428-2c5f566f-f34e-03c3-43a5-52a132241b49.jpg\" \/><\/li>\n<li><img decoding=\"async\" class=\"zoom-image\" title=\"Idea Relax\" src=\"http:\/\/admin.natuzzigroup-br.com.br\/media\/1616003822429-fb2b757a-cb8a-018e-b91b-0d465367f101.jpg\" alt=\"Idea Relax\" data-image=\"http:\/\/admin.natuzzigroup-br.com.br\/media\/1616003822429-fb2b757a-cb8a-018e-b91b-0d465367f101.jpg\" \/><\/li>\n<li><img decoding=\"async\" class=\"zoom-image\" title=\"Idea Relax\" src=\"http:\/\/admin.natuzzigroup-br.com.br\/media\/1616003822430-14a5f66b-84f5-4b68-56cf-7f5f05f0f7d1.jpg\" alt=\"Idea Relax\" data-image=\"http:\/\/admin.natuzzigroup-br.com.br\/media\/1616003822430-14a5f66b-84f5-4b68-56cf-7f5f05f0f7d1.jpg\" \/><\/li>\n<\/ul>\n<\/div>\n<div class=\"produtos-tecnicas\">\n<h1>ESPECIFICA\u00c7\u00d5ES T\u00c9CNICAS<\/h1>\n<div class=\"produtos-revestimentos\">\n<h2>Revestimentos<\/h2>\n<div class=\"box-revestimentos\">\n<h3>COURO<\/h3>\n<div class=\"revestimentos-content\">\n<h3>Bari_10YM<\/h3>\n<div class=\"revestimento-img\"><img decoding=\"async\" class=\"zoom-image\" title=\"Bari_10YM\" src=\"http:\/\/admin.natuzzigroup-br.com.br\/media\/1614276636631-be2ba6ec-bc77-89a3-91ec-67953d293c19.png\" alt=\"Bari_10YM\" data-image=\"http:\/\/admin.natuzzigroup-br.com.br\/media\/1614276636631-be2ba6ec-bc77-89a3-91ec-67953d293c19.png\" \/><\/div>\n<\/div>\n<div class=\"revestimentos-content\">\n<h3>Bari_10YP<\/h3>\n<div class=\"revestimento-img\"><img decoding=\"async\" class=\"zoom-image\" title=\"Bari_10YP\" src=\"http:\/\/admin.natuzzigroup-br.com.br\/media\/1614276636637-75fc82c0-1720-bbf4-1887-1ac7ede18d9e.png\" alt=\"Bari_10YP\" data-image=\"http:\/\/admin.natuzzigroup-br.com.br\/media\/1614276636637-75fc82c0-1720-bbf4-1887-1ac7ede18d9e.png\" \/><\/div>\n<\/div>\n<div class=\"revestimentos-content\">\n<h3>Bari_10YQ<\/h3>\n<div class=\"revestimento-img\"><img decoding=\"async\" class=\"zoom-image\" title=\"Bari_10YQ\" src=\"http:\/\/admin.natuzzigroup-br.com.br\/media\/1616016125054-80b59e3d-b242-c85a-5ee4-95a06311305c.jpg\" alt=\"Bari_10YQ\" data-image=\"http:\/\/admin.natuzzigroup-br.com.br\/media\/1616016125054-80b59e3d-b242-c85a-5ee4-95a06311305c.jpg\" \/><\/div>\n<\/div>\n<div class=\"revestimentos-content\">\n<h3>Bari_10YR<\/h3>\n<div class=\"revestimento-img\"><img decoding=\"async\" class=\"zoom-image\" title=\"Bari_10YR\" src=\"http:\/\/admin.natuzzigroup-br.com.br\/media\/1616016125060-a69c4f70-0c9f-069d-28e9-5f4502c00887.jpg\" alt=\"Bari_10YR\" data-image=\"http:\/\/admin.natuzzigroup-br.com.br\/media\/1616016125060-a69c4f70-0c9f-069d-28e9-5f4502c00887.jpg\" \/><\/div>\n<\/div>\n<div class=\"revestimentos-content\">\n<h3>Bari_10YT<\/h3>\n<div class=\"revestimento-img\"><img decoding=\"async\" class=\"zoom-image\" title=\"Bari_10YT\" src=\"http:\/\/admin.natuzzigroup-br.com.br\/media\/1616016125062-0e939548-8b7f-5f87-2713-1eb2d541379d.jpg\" alt=\"Bari_10YT\" data-image=\"http:\/\/admin.natuzzigroup-br.com.br\/media\/1616016125062-0e939548-8b7f-5f87-2713-1eb2d541379d.jpg\" \/><\/div>\n<\/div>\n<div class=\"revestimentos-content\">\n<h3>Denver_10B4<\/h3>\n<div class=\"revestimento-img\"><img decoding=\"async\" class=\"zoom-image\" title=\"Denver_10B4\" src=\"http:\/\/admin.natuzzigroup-br.com.br\/media\/1683071436490-6ab6bf9e-2327-2308-38e7-b3bdbdaa8806.jpg\" alt=\"Denver_10B4\" data-image=\"http:\/\/admin.natuzzigroup-br.com.br\/media\/1683071436490-6ab6bf9e-2327-2308-38e7-b3bdbdaa8806.jpg\" \/><\/div>\n<\/div>\n<div class=\"revestimentos-content\">\n<h3>Denver_10BK<\/h3>\n<div class=\"revestimento-img\"><img decoding=\"async\" class=\"zoom-image\" title=\"Denver_10BK\" src=\"http:\/\/admin.natuzzigroup-br.com.br\/media\/1637157225118-c79cdcfa-55ef-4b7e-bc9c-2653d15f2d7d.jpg\" alt=\"Denver_10BK\" data-image=\"http:\/\/admin.natuzzigroup-br.com.br\/media\/1637157225118-c79cdcfa-55ef-4b7e-bc9c-2653d15f2d7d.jpg\" \/><\/div>\n<\/div>\n<div class=\"revestimentos-content\">\n<h3>Denver_10BL<\/h3>\n<div class=\"revestimento-img\"><img decoding=\"async\" class=\"zoom-image\" title=\"Denver_10BL\" src=\"http:\/\/admin.natuzzigroup-br.com.br\/media\/1637157225120-5538a5a2-5e70-a94c-d932-b5d205c750dc.jpg\" alt=\"Denver_10BL\" data-image=\"http:\/\/admin.natuzzigroup-br.com.br\/media\/1637157225120-5538a5a2-5e70-a94c-d932-b5d205c750dc.jpg\" \/><\/div>\n<\/div>\n<div class=\"revestimentos-content\">\n<h3>Denver_10BS<\/h3>\n<div class=\"revestimento-img\"><img decoding=\"async\" class=\"zoom-image\" title=\"Denver_10BS\" src=\"http:\/\/admin.natuzzigroup-br.com.br\/media\/1637157225122-eca52049-3fe5-7c4c-be99-b43674658186.jpg\" alt=\"Denver_10BS\" data-image=\"http:\/\/admin.natuzzigroup-br.com.br\/media\/1637157225122-eca52049-3fe5-7c4c-be99-b43674658186.jpg\" \/><\/div>\n<\/div>\n<div class=\"revestimentos-content\">\n<h3>Denver_10BU<\/h3>\n<div class=\"revestimento-img\"><img decoding=\"async\" class=\"zoom-image\" title=\"Denver_10BU\" src=\"http:\/\/admin.natuzzigroup-br.com.br\/media\/1637157225124-647dc0ae-1d30-b51b-b4e7-2634ff1a6f4d.jpg\" alt=\"Denver_10BU\" data-image=\"http:\/\/admin.natuzzigroup-br.com.br\/media\/1637157225124-647dc0ae-1d30-b51b-b4e7-2634ff1a6f4d.jpg\" \/><\/div>\n<\/div>\n<div class=\"revestimentos-content\">\n<h3>Denver_10BY<\/h3>\n<div class=\"revestimento-img\"><img decoding=\"async\" class=\"zoom-image\" title=\"Denver_10BY\" src=\"http:\/\/admin.natuzzigroup-br.com.br\/media\/1637157225125-2091570e-e100-bf48-e518-2069107ad3e9.jpg\" alt=\"Denver_10BY\" data-image=\"http:\/\/admin.natuzzigroup-br.com.br\/media\/1637157225125-2091570e-e100-bf48-e518-2069107ad3e9.jpg\" \/><\/div>\n<\/div>\n<div class=\"revestimentos-content\">\n<h3>Denver_10BZ<\/h3>\n<div class=\"revestimento-img\"><img decoding=\"async\" class=\"zoom-image\" title=\"Denver_10BZ\" src=\"http:\/\/admin.natuzzigroup-br.com.br\/media\/1637157225126-8025ab80-b1f0-a0ba-2292-9faca14e9cad.jpg\" alt=\"Denver_10BZ\" data-image=\"http:\/\/admin.natuzzigroup-br.com.br\/media\/1637157225126-8025ab80-b1f0-a0ba-2292-9faca14e9cad.jpg\" \/><\/div>\n<\/div>\n<\/div>\n<\/div>\n<div class=\"produtos-box-tecnicas\">\n<h2>Revestimento<\/h2>\n<ul>\n<li>Couro<\/li>\n<li>Mix Next Leather<\/li>\n<li>Tecido<\/li>\n<\/ul>\n<\/div>\n<div class=\"produtos-box-tecnicas\">\n<h2>P\u00e9s<\/h2>\n<ul>\n<li>Madeira<\/li>\n<\/ul>\n<\/div>\n<div class=\"produtos-box-tecnicas\">\n<h2>Enchimento<\/h2>\n<ul>\n<li>Fibra<\/li>\n<li>Espuma<\/li>\n<\/ul>\n<\/div>\n<div class=\"produtos-box-tecnicas\">\n<h2>Conforto<\/h2>\n<ul>\n<li>Standard<\/li>\n<\/ul>\n<\/div>\n<div class=\"produtos-box-tecnicas\">\n<h2>Fun\u00e7\u00e3o<\/h2>\n<ul>\n<li>Mecanismo El\u00e9trico<\/li>\n<li>Mecanismo<\/li>\n<li>Reclin\u00e1vel<\/li>\n<\/ul>\n<\/div>\n<div class=\"produtos-box-tecnicas\">\n<h2>Caracter\u00edsticas<\/h2>\n<ul>\n<li>Costura Contrastante<\/li>\n<\/ul>\n<\/div>\n<\/div>\n<\/div>\n<\/section>\n<div class=\"produtos-tecnicas\">\n<h1>Notas<\/h1>\n<ul>\n<li>A linha contrastante \u00e9 aplic\u00e1vel somente com determinados revestimentos; tal op\u00e7\u00e3o \u00e9 gerida diretamente no NARES;<\/li>\n<li>AS COSTURAS DOS SOF\u00c1S SE DIFEREM SE TODO EM COURO E\/OU BONDED MIX: MODELO EM COURO BONDED MIX APRESENTA MAIORES CORTES;<\/li>\n<li>Os tecidos Alimini e Brezza n\u00e3o est\u00e3o dispon\u00edveis nas vers\u00f5es 004-030-060-098 \/ 099-146-328-351-360 \/ 362;<\/li>\n<li>Almofada fixa do assento (almofadas do assento est\u00e3o unidas \u00e0 estrutura do modelo);<\/li>\n<li>Almofada fixa do encosto (almofadas do encosto est\u00e3o unidas \u00e0 estrutura do modelo);<\/li>\n<li>Lateral do sof\u00e1 n\u00e3o \u00e9 em couro (as pe\u00e7as do sof\u00e1 compon\u00edvel possuem sua lateral revestida em tecido e n\u00e3o em couro);<\/li>\n<li>Estrutura em madeira;<\/li>\n<li>P\u00e9s desmontados (os p\u00e9s est\u00e3o dispon\u00edveis dentro de um Kit);<\/li>\n<li>Embalagem pl\u00e1stica (o modelo ser\u00e1 envolvido em um saco de pl\u00e1stico);<\/li>\n<li>P\u00e9s dispon\u00edveis nas cores madeira 18 (Wenge);<\/li>\n<li>Altura dos p\u00e9s: 8,0 cm<\/li>\n<\/ul>\n<\/div>\n","protected":false},"featured_media":15329,"template":"","meta":[],"product_brand":[],"product_cat":[15,85,65],"product_tag":[],"class_list":{"0":"post-15327","1":"product","2":"type-product","3":"status-publish","4":"has-post-thumbnail","6":"product_cat-uncategorized","7":"product_cat-estofados","8":"product_cat-sofas-2","10":"first","11":"onbackorder","12":"shipping-taxable","13":"product-type-simple"},"_links":{"self":[{"href":"https:\/\/deccore.com.br\/loja\/wp-json\/wp\/v2\/product\/15327","targetHints":{"allow":["GET"]}}],"collection":[{"href":"https:\/\/deccore.com.br\/loja\/wp-json\/wp\/v2\/product"}],"about":[{"href":"https:\/\/deccore.com.br\/loja\/wp-json\/wp\/v2\/types\/product"}],"version-history":[{"count":3,"href":"https:\/\/deccore.com.br\/loja\/wp-json\/wp\/v2\/product\/15327\/revisions"}],"predecessor-version":[{"id":15346,"href":"https:\/\/deccore.com.br\/loja\/wp-json\/wp\/v2\/product\/15327\/revisions\/15346"}],"wp:featuredmedia":[{"embeddable":true,"href":"https:\/\/deccore.com.br\/loja\/wp-json\/wp\/v2\/media\/15329"}],"wp:attachment":[{"href":"https:\/\/deccore.com.br\/loja\/wp-json\/wp\/v2\/media?parent=15327"}],"wp:term":[{"taxonomy":"product_brand","embeddable":true,"href":"https:\/\/deccore.com.br\/loja\/wp-json\/wp\/v2\/product_brand?post=15327"},{"taxonomy":"product_cat","embeddable":true,"href":"https:\/\/deccore.com.br\/loja\/wp-json\/wp\/v2\/product_cat?post=15327"},{"taxonomy":"product_tag","embeddable":true,"href":"https:\/\/deccore.com.br\/loja\/wp-json\/wp\/v2\/product_tag?post=15327"}],"curies":[{"name":"wp","href":"https:\/\/api.w.org\/{rel}","templated":true}]}}